{"id":112694,"date":"2023-05-30T22:25:26","date_gmt":"2023-05-30T20:25:26","guid":{"rendered":"https:\/\/busysunday.dk\/?post_type=product&#038;p=112694"},"modified":"2024-05-23T14:40:36","modified_gmt":"2024-05-23T12:40:36","slug":"busysunday-credits","status":"publish","type":"product","link":"https:\/\/shop.busysunday.dk\/en\/product\/busysunday-credits\/","title":{"rendered":"BusySunday credits"},"content":{"rendered":"","protected":false},"excerpt":{"rendered":"<p>Med 1 klik, kan du bruge BusySunday credits til at generere kvalitetsprint, pakning og udsendelse af flyers via PostNord i hele Danmark super hurtigt. BusySunday credits kan k\u00f8bes fra 100-10.000 credits med dertilh\u00f8rende rabat i forhold til m\u00e6ngde.<\/p>\n<p>BusySunday credits bliver tilf\u00f8jet \u00f8jeblikkeligt til din konto, og du kan bruge dem med det samme til at sende via vores integrerede samarbejdspartner.<\/p>\n<p>Hvert printet, pakket og leveret brev = 1 credit<\/p>","protected":false},"featured_media":0,"comment_status":"closed","ping_status":"closed","template":"","meta":{"_acf_changed":false},"product_brand":[],"product_cat":[34],"product_tag":[],"class_list":{"0":"post-112694","1":"product","2":"type-product","3":"status-publish","5":"product_cat-busysunday-credits","6":"sales-flash-overlay","7":"woocommerce-text-align-center","8":"woocommerce-image-align-center","9":"do-quantity-buttons","11":"first","12":"instock","13":"sold-individually","14":"taxable","15":"shipping-taxable","16":"purchasable","17":"product-type-variable","18":"has-default-attributes"},"acf":[],"_links":{"self":[{"href":"https:\/\/shop.busysunday.dk\/en\/wp-json\/wp\/v2\/product\/112694","targetHints":{"allow":["GET"]}}],"collection":[{"href":"https:\/\/shop.busysunday.dk\/en\/wp-json\/wp\/v2\/product"}],"about":[{"href":"https:\/\/shop.busysunday.dk\/en\/wp-json\/wp\/v2\/types\/product"}],"replies":[{"embeddable":true,"href":"https:\/\/shop.busysunday.dk\/en\/wp-json\/wp\/v2\/comments?post=112694"}],"wp:attachment":[{"href":"https:\/\/shop.busysunday.dk\/en\/wp-json\/wp\/v2\/media?parent=112694"}],"wp:term":[{"taxonomy":"product_brand","embeddable":true,"href":"https:\/\/shop.busysunday.dk\/en\/wp-json\/wp\/v2\/product_brand?post=112694"},{"taxonomy":"product_cat","embeddable":true,"href":"https:\/\/shop.busysunday.dk\/en\/wp-json\/wp\/v2\/product_cat?post=112694"},{"taxonomy":"product_tag","embeddable":true,"href":"https:\/\/shop.busysunday.dk\/en\/wp-json\/wp\/v2\/product_tag?post=112694"}],"curies":[{"name":"wp","href":"https:\/\/api.w.org\/{rel}","templated":true}]}}