{"id":96339,"date":"2023-05-04T13:16:49","date_gmt":"2023-05-04T11:16:49","guid":{"rendered":"https:\/\/busysunday.dk\/?page_id=96339"},"modified":"2023-05-08T11:45:13","modified_gmt":"2023-05-08T09:45:13","slug":"koebermaegler","status":"publish","type":"page","link":"https:\/\/shop.busysunday.dk\/en\/koebermaegler\/","title":{"rendered":"Buyer's agent"},"content":{"rendered":"<p>Er du k\u00f8berm\u00e6gler, og \u00f8nsker en nem l\u00f8sning til at sikre dine k\u00f8bere den bedste handel, s\u00e5 kan BusySunday hj\u00e6lpe<\/p>\n\n\n\n<p>Hvordan kan du vurdere om din k\u00f8ber har f\u00e5et boligen til den rigtige pris ? Enten er du m\u00e6gler og kender alle de omr\u00e5der hvor du har k\u00f8bere, eller kan du ikke. <\/p>\n\n\n\n<h5 class=\"wp-block-heading\">Men med BusySunday, s\u00e5 kan du nu!<\/h5>\n\n\n\n<p>S\u00e5dan g\u00f8r du<\/p>\n\n\n\n<div class=\"wp-block-media-text alignwide is-stacked-on-mobile\"><figure class=\"wp-block-media-text__media\"><a href=\"https:\/\/busysunday.dk\/wp-content\/uploads\/2023\/05\/Skaermbillede-2023-05-08-kl.-10.55.19.png\" target=\"_blank\" rel=\"noreferrer noopener\"><img loading=\"lazy\" decoding=\"async\" width=\"1024\" height=\"531\" src=\"https:\/\/busysunday.dk\/wp-content\/uploads\/2023\/05\/Skaermbillede-2023-05-08-kl.-10.55.19-1024x531.png\" alt=\"\" class=\"wp-image-96580 size-full\" srcset=\"https:\/\/shop.busysunday.dk\/wp-content\/uploads\/2023\/05\/Skaermbillede-2023-05-08-kl.-10.55.19-1024x531.png 1024w, https:\/\/shop.busysunday.dk\/wp-content\/uploads\/2023\/05\/Skaermbillede-2023-05-08-kl.-10.55.19-480x249.png 480w, https:\/\/shop.busysunday.dk\/wp-content\/uploads\/2023\/05\/Skaermbillede-2023-05-08-kl.-10.55.19-768x398.png 768w, https:\/\/shop.busysunday.dk\/wp-content\/uploads\/2023\/05\/Skaermbillede-2023-05-08-kl.-10.55.19-1536x797.png 1536w, https:\/\/shop.busysunday.dk\/wp-content\/uploads\/2023\/05\/Skaermbillede-2023-05-08-kl.-10.55.19-2048x1062.png 2048w, https:\/\/shop.busysunday.dk\/wp-content\/uploads\/2023\/05\/Skaermbillede-2023-05-08-kl.-10.55.19-750x389.png 750w\" sizes=\"auto, (max-width: 1024px) 100vw, 1024px\" \/><\/a><\/figure><div class=\"wp-block-media-text__content\">\n<h3 class=\"wp-block-heading\">Indtast adresse<\/h3>\n\n\n\n<p>Tager ca. 25 sek.<\/p>\n<\/div><\/div>\n\n\n\n<div style=\"height:50px\" aria-hidden=\"true\" class=\"wp-block-spacer\"><\/div>\n\n\n\n<div class=\"wp-block-media-text alignwide has-media-on-the-right is-stacked-on-mobile\"><div class=\"wp-block-media-text__content\">\n<h3 class=\"wp-block-heading\">Tryk p\u00e5 S (betyder sag)<\/h3>\n\n\n\n<p>Tager ca. 10 sek.<\/p>\n\n\n\n<p>N\u00e5r du trykker p\u00e5 S, s\u00e5 begynder BusySunday at beregne.<\/p>\n\n\n\n<ul class=\"wp-block-list\">\n<li>B = Tidligere solgt sag (udgangspunkt er fra 2020-2023)<\/li>\n\n\n\n<li>U = Bolig til salg nu<\/li>\n<\/ul>\n<\/div><figure class=\"wp-block-media-text__media\"><a href=\"https:\/\/busysunday.dk\/wp-content\/uploads\/2023\/05\/Skaermbillede-2023-05-08-kl.-10.58.21.png\" target=\"_blank\" rel=\"noreferrer noopener\"><img loading=\"lazy\" decoding=\"async\" width=\"1024\" height=\"533\" src=\"https:\/\/busysunday.dk\/wp-content\/uploads\/2023\/05\/Skaermbillede-2023-05-08-kl.-10.58.21-1024x533.png\" alt=\"\" class=\"wp-image-96585 size-full\" srcset=\"https:\/\/shop.busysunday.dk\/wp-content\/uploads\/2023\/05\/Skaermbillede-2023-05-08-kl.-10.58.21-1024x533.png 1024w, https:\/\/shop.busysunday.dk\/wp-content\/uploads\/2023\/05\/Skaermbillede-2023-05-08-kl.-10.58.21-480x250.png 480w, https:\/\/shop.busysunday.dk\/wp-content\/uploads\/2023\/05\/Skaermbillede-2023-05-08-kl.-10.58.21-768x400.png 768w, https:\/\/shop.busysunday.dk\/wp-content\/uploads\/2023\/05\/Skaermbillede-2023-05-08-kl.-10.58.21-1536x800.png 1536w, https:\/\/shop.busysunday.dk\/wp-content\/uploads\/2023\/05\/Skaermbillede-2023-05-08-kl.-10.58.21-2048x1067.png 2048w, https:\/\/shop.busysunday.dk\/wp-content\/uploads\/2023\/05\/Skaermbillede-2023-05-08-kl.-10.58.21-750x391.png 750w\" sizes=\"auto, (max-width: 1024px) 100vw, 1024px\" \/><\/a><\/figure><\/div>\n\n\n\n<div style=\"height:50px\" aria-hidden=\"true\" class=\"wp-block-spacer\"><\/div>\n\n\n\n<div class=\"wp-block-media-text alignwide is-stacked-on-mobile\"><figure class=\"wp-block-media-text__media\"><a href=\"https:\/\/busysunday.dk\/wp-content\/uploads\/2023\/05\/Skaermbillede-2023-05-08-kl.-11.02.35.png\" target=\"_blank\" rel=\"noreferrer noopener\"><img loading=\"lazy\" decoding=\"async\" width=\"556\" height=\"274\" src=\"https:\/\/busysunday.dk\/wp-content\/uploads\/2023\/05\/Skaermbillede-2023-05-08-kl.-11.02.35.png\" alt=\"\" class=\"wp-image-96588 size-full\" srcset=\"https:\/\/shop.busysunday.dk\/wp-content\/uploads\/2023\/05\/Skaermbillede-2023-05-08-kl.-11.02.35.png 556w, https:\/\/shop.busysunday.dk\/wp-content\/uploads\/2023\/05\/Skaermbillede-2023-05-08-kl.-11.02.35-480x237.png 480w\" sizes=\"auto, (max-width: 556px) 100vw, 556px\" \/><\/a><\/figure><div class=\"wp-block-media-text__content\">\n<h3 class=\"wp-block-heading\">Zoom ind<\/h3>\n\n\n\n<p>Tager ca. 20 sek.<\/p>\n\n\n\n<p>S\u00e5 beregnes priser ud fra netop det omr\u00e5de som &#8220;din k\u00f8bers bolig&#8221;<\/p>\n\n\n\n<ul class=\"wp-block-list\">\n<li>1. pris er beregnet ud fra referenceboliger &#8211; alts\u00e5 B\u00b4erne<\/li>\n\n\n\n<li>2. pris er beregnet ud fra boliger til salg &#8211; alts\u00e5 U\u00b4erne<\/li>\n\n\n\n<li>3. pris er beregnet ud fra boligens tidligere handelspris, og fremskrevet til nutidspris, ud fra boligprisindex.<\/li>\n<\/ul>\n\n\n\n<p>P\u00e5 den m\u00e5de kan du nemt danne dig et overblik over priserne i omr\u00e5det, og om det er den rigtige pris. <\/p>\n\n\n\n<p>Alt samlet i et dokument, som nemt kan sendes videre som dokumentation.<\/p>\n<\/div><\/div>\n\n\n\n<div style=\"height:100px\" aria-hidden=\"true\" class=\"wp-block-spacer\"><\/div>\n\n\n\n<h3 class=\"wp-block-heading\">Herunder kan du se hvor nemt det er<\/h3>\n\n\n\n<figure class=\"wp-block-embed is-type-video is-provider-youtube wp-block-embed-youtube wp-embed-aspect-16-9 wp-has-aspect-ratio\"><div class=\"wp-block-embed__wrapper\">\n<div class='o_oembed'><iframe loading=\"lazy\" title=\"Busy Sunday k\u00f8berm\u00e6gler  8 May 2023\" width=\"1200\" height=\"675\" src=\"https:\/\/www.youtube.com\/embed\/I6PNOWVmtr8?feature=oembed\" frameborder=\"0\" allow=\"accelerometer; autoplay; clipboard-write; encrypted-media; gyroscope; picture-in-picture; web-share\" allowfullscreen><\/iframe><\/div>\n<\/div><\/figure>\n\n\n\n<p><strong>S\u00e5 nemt kan det g\u00f8res. Din kvalitet som k\u00f8berm\u00e6gler er pludselig markant bedre, og du kan bruge dette som argument for hvorfor en k\u00f8ber skal v\u00e6lge netop dig, som k\u00f8berm\u00e6gler.<\/strong><\/p>\n\n\n\n<p>Vil du vide mere s\u00e5 tryk p\u00e5 knappen her under<\/p>\n\n\n\n<div class=\"wp-block-buttons is-content-justification-center is-layout-flex wp-container-core-buttons-is-layout-16018d1d wp-block-buttons-is-layout-flex\">\n<div class=\"wp-block-button\"><a class=\"wp-block-button__link has-accent-color has-accent-2-background-color has-text-color has-background has-text-align-center wp-element-button\" href=\"https:\/\/busysunday.dk\/kontakt-os\/\"><strong>Kontakt os her<\/strong><\/a><\/div>\n<\/div>","protected":false},"excerpt":{"rendered":"<p>Er du k\u00f8berm\u00e6gler, og \u00f8nsker en nem l\u00f8sning til at sikre dine k\u00f8bere den bedste handel, s\u00e5 kan BusySunday hj\u00e6lpe Hvordan kan du vurdere om din k\u00f8ber har f\u00e5et boligen til den rigtige pris ?<\/p>","protected":false},"author":4,"featured_media":0,"parent":0,"menu_order":0,"comment_status":"closed","ping_status":"closed","template":"","meta":{"_acf_changed":false,"footnotes":""},"class_list":["post-96339","page","type-page","status-publish"],"acf":[],"_links":{"self":[{"href":"https:\/\/shop.busysunday.dk\/en\/wp-json\/wp\/v2\/pages\/96339","targetHints":{"allow":["GET"]}}],"collection":[{"href":"https:\/\/shop.busysunday.dk\/en\/wp-json\/wp\/v2\/pages"}],"about":[{"href":"https:\/\/shop.busysunday.dk\/en\/wp-json\/wp\/v2\/types\/page"}],"author":[{"embeddable":true,"href":"https:\/\/shop.busysunday.dk\/en\/wp-json\/wp\/v2\/users\/4"}],"replies":[{"embeddable":true,"href":"https:\/\/shop.busysunday.dk\/en\/wp-json\/wp\/v2\/comments?post=96339"}],"version-history":[{"count":0,"href":"https:\/\/shop.busysunday.dk\/en\/wp-json\/wp\/v2\/pages\/96339\/revisions"}],"wp:attachment":[{"href":"https:\/\/shop.busysunday.dk\/en\/wp-json\/wp\/v2\/media?parent=96339"}],"curies":[{"name":"wp","href":"https:\/\/api.w.org\/{rel}","templated":true}]}}