{"id":94689,"date":"2023-04-28T08:38:28","date_gmt":"2023-04-28T06:38:28","guid":{"rendered":"https:\/\/busysunday.dk\/?page_id=94689"},"modified":"2024-03-27T16:19:43","modified_gmt":"2024-03-27T15:19:43","slug":"ai","status":"publish","type":"page","link":"https:\/\/shop.busysunday.dk\/en\/ai\/","title":{"rendered":"ai"},"content":{"rendered":"<h4 class=\"wp-block-heading has-text-align-left\">BusySunday har udviklet en &#8220;ai motor&#8221;, der sparer jer tid<\/h4>\n\n\n\n<p>Simply write the area, city, road and what type of home. And based on that, you can then choose which type of text you want automatically written<\/p>\n\n\n<div class=\"wp-block-image\">\n<figure class=\"aligncenter size-large\"><a href=\"https:\/\/busysunday.dk\/wp-content\/uploads\/2023\/04\/Mockup-ai-scaled.jpg\" target=\"_blank\" rel=\"noreferrer noopener\"><img loading=\"lazy\" decoding=\"async\" width=\"1024\" height=\"596\" src=\"https:\/\/busysunday.dk\/wp-content\/uploads\/2023\/04\/Mockup-ai-1024x596.jpg\" alt=\"\" class=\"wp-image-94729\" srcset=\"https:\/\/shop.busysunday.dk\/wp-content\/uploads\/2023\/04\/Mockup-ai-1024x596.jpg 1024w, https:\/\/shop.busysunday.dk\/wp-content\/uploads\/2023\/04\/Mockup-ai-480x279.jpg 480w, https:\/\/shop.busysunday.dk\/wp-content\/uploads\/2023\/04\/Mockup-ai-768x447.jpg 768w, https:\/\/shop.busysunday.dk\/wp-content\/uploads\/2023\/04\/Mockup-ai-1536x894.jpg 1536w, https:\/\/shop.busysunday.dk\/wp-content\/uploads\/2023\/04\/Mockup-ai-2048x1192.jpg 2048w, https:\/\/shop.busysunday.dk\/wp-content\/uploads\/2023\/04\/Mockup-ai-750x437.jpg 750w\" sizes=\"auto, (max-width: 1024px) 100vw, 1024px\" \/><\/a><\/figure>\n<\/div>\n\n\n<p><\/p>\n\n\n\n<h4 class=\"wp-block-heading\"><strong>But can it be true that it is so easy?<\/strong><\/h4>\n\n\n\n<p>Asking your computer to write for you is a lot to ask of it. What an artificial intelligence can do in relation to writing is to give you a really good inspiration, and then you just have to adjust the last 10% yourself. <\/p>\n\n\n\n<p>But you can get inspiration in 30 seconds, and then you have to spend some time yourself. But it really also saves a lot of time. <\/p>\n\n\n\n<p><\/p>\n\n\n<div class=\"gb-container gb-container-a0e5439a\">\n<div class=\"gb-grid-wrapper gb-grid-wrapper-e3af6f2a\">\n<div class=\"gb-grid-column gb-grid-column-831cc168\"><div class=\"gb-container gb-container-831cc168\">\n\n<h2 class=\"wp-block-heading has-text-align-center\">Details<\/h2>\n\n<\/div><\/div>\n\n<div class=\"gb-grid-column gb-grid-column-c7b7e654\"><div class=\"gb-container gb-container-c7b7e654\">\n\n<h2 class=\"wp-block-heading has-text-align-center\">facebook ads<\/h2>\n\n<\/div><\/div>\n\n<div class=\"gb-grid-column gb-grid-column-fc91760c\"><div class=\"gb-container gb-container-fc91760c\">\n\n<h2 class=\"wp-block-heading has-text-align-center\">Sales arguments<\/h2>\n\n<\/div><\/div>\n<\/div>\n<\/div>\n\n<div class=\"gb-grid-wrapper gb-grid-wrapper-1e65980b\">\n<div class=\"gb-grid-column gb-grid-column-23f6ff70\"><div class=\"gb-container gb-container-23f6ff70\">\n\n<figure class=\"wp-block-gallery has-nested-images columns-default is-cropped wp-block-gallery-1 is-layout-flex wp-block-gallery-is-layout-flex\">\n<figure class=\"wp-block-image size-large\"><a href=\"https:\/\/busysunday.dk\/wp-content\/uploads\/2023\/04\/Boligdetaljer.png\" target=\"_blank\" rel=\"noreferrer noopener\"><img loading=\"lazy\" decoding=\"async\" width=\"1024\" height=\"398\" data-id=\"94696\" src=\"https:\/\/busysunday.dk\/wp-content\/uploads\/2023\/04\/Boligdetaljer-1024x398.png\" alt=\"\" class=\"wp-image-94696\" srcset=\"https:\/\/shop.busysunday.dk\/wp-content\/uploads\/2023\/04\/Boligdetaljer-1024x398.png 1024w, https:\/\/shop.busysunday.dk\/wp-content\/uploads\/2023\/04\/Boligdetaljer-480x186.png 480w, https:\/\/shop.busysunday.dk\/wp-content\/uploads\/2023\/04\/Boligdetaljer-768x298.png 768w, https:\/\/shop.busysunday.dk\/wp-content\/uploads\/2023\/04\/Boligdetaljer-1536x596.png 1536w, https:\/\/shop.busysunday.dk\/wp-content\/uploads\/2023\/04\/Boligdetaljer-750x291.png 750w, https:\/\/shop.busysunday.dk\/wp-content\/uploads\/2023\/04\/Boligdetaljer.png 1888w\" sizes=\"auto, (max-width: 1024px) 100vw, 1024px\" \/><\/a><\/figure>\n\n\n\n<figure class=\"wp-block-image size-large\"><a href=\"https:\/\/busysunday.dk\/wp-content\/uploads\/2023\/04\/facebook-annoncer.png\" target=\"_blank\" rel=\"noreferrer noopener\"><img loading=\"lazy\" decoding=\"async\" width=\"1024\" height=\"341\" data-id=\"94695\" src=\"https:\/\/busysunday.dk\/wp-content\/uploads\/2023\/04\/facebook-annoncer-1024x341.png\" alt=\"\" class=\"wp-image-94695\" srcset=\"https:\/\/shop.busysunday.dk\/wp-content\/uploads\/2023\/04\/facebook-annoncer-1024x341.png 1024w, https:\/\/shop.busysunday.dk\/wp-content\/uploads\/2023\/04\/facebook-annoncer-480x160.png 480w, https:\/\/shop.busysunday.dk\/wp-content\/uploads\/2023\/04\/facebook-annoncer-768x256.png 768w, https:\/\/shop.busysunday.dk\/wp-content\/uploads\/2023\/04\/facebook-annoncer-1536x512.png 1536w, https:\/\/shop.busysunday.dk\/wp-content\/uploads\/2023\/04\/facebook-annoncer-750x250.png 750w, https:\/\/shop.busysunday.dk\/wp-content\/uploads\/2023\/04\/facebook-annoncer.png 1888w\" sizes=\"auto, (max-width: 1024px) 100vw, 1024px\" \/><\/a><\/figure>\n\n\n\n<figure class=\"wp-block-image size-large\"><a href=\"https:\/\/busysunday.dk\/wp-content\/uploads\/2023\/04\/Salgsargumenter.png\" target=\"_blank\" rel=\"noreferrer noopener\"><img loading=\"lazy\" decoding=\"async\" width=\"1024\" height=\"243\" data-id=\"94694\" src=\"https:\/\/busysunday.dk\/wp-content\/uploads\/2023\/04\/Salgsargumenter-1024x243.png\" alt=\"\" class=\"wp-image-94694\" srcset=\"https:\/\/shop.busysunday.dk\/wp-content\/uploads\/2023\/04\/Salgsargumenter-1024x243.png 1024w, https:\/\/shop.busysunday.dk\/wp-content\/uploads\/2023\/04\/Salgsargumenter-480x114.png 480w, https:\/\/shop.busysunday.dk\/wp-content\/uploads\/2023\/04\/Salgsargumenter-768x182.png 768w, https:\/\/shop.busysunday.dk\/wp-content\/uploads\/2023\/04\/Salgsargumenter-1536x364.png 1536w, https:\/\/shop.busysunday.dk\/wp-content\/uploads\/2023\/04\/Salgsargumenter-750x178.png 750w, https:\/\/shop.busysunday.dk\/wp-content\/uploads\/2023\/04\/Salgsargumenter.png 1888w\" sizes=\"auto, (max-width: 1024px) 100vw, 1024px\" \/><\/a><\/figure>\n<\/figure>\n\n<\/div><\/div>\n<\/div>\n\n\n<p><\/p>\n\n\n\n<h4 class=\"wp-block-heading\"><strong>We make it easy for you<\/strong><\/h4>\n\n\n\n<p>We are constantly developing our AI so that your work is made easier for you. And we are very responsive to the needs of the agents<\/p>\n\n\n<div class=\"gb-container gb-container-746b3396\">\n<div class=\"wp-block-image\">\n<figure class=\"aligncenter size-large\"><a href=\"https:\/\/busysunday.dk\/wp-content\/uploads\/2023\/04\/Knapper.png\" target=\"_blank\" rel=\"noreferrer noopener\"><img loading=\"lazy\" decoding=\"async\" width=\"1024\" height=\"204\" src=\"https:\/\/busysunday.dk\/wp-content\/uploads\/2023\/04\/Knapper-1024x204.png\" alt=\"\" class=\"wp-image-94700\" srcset=\"https:\/\/shop.busysunday.dk\/wp-content\/uploads\/2023\/04\/Knapper-1024x204.png 1024w, https:\/\/shop.busysunday.dk\/wp-content\/uploads\/2023\/04\/Knapper-480x96.png 480w, https:\/\/shop.busysunday.dk\/wp-content\/uploads\/2023\/04\/Knapper-768x153.png 768w, https:\/\/shop.busysunday.dk\/wp-content\/uploads\/2023\/04\/Knapper-1536x306.png 1536w, https:\/\/shop.busysunday.dk\/wp-content\/uploads\/2023\/04\/Knapper-750x150.png 750w, https:\/\/shop.busysunday.dk\/wp-content\/uploads\/2023\/04\/Knapper.png 1911w\" sizes=\"auto, (max-width: 1024px) 100vw, 1024px\" \/><\/a><\/figure>\n<\/div>\n<\/div>\n\n\n<p><\/p>\n\n\n\n<h4 class=\"wp-block-heading\"><strong>Have you also become curious about how BusySunday and ai can help you?<\/strong><\/h4>\n\n\n\n<p><\/p>\n\n\n\n<div class=\"wp-block-buttons is-content-justification-center is-layout-flex wp-container-core-buttons-is-layout-16018d1d wp-block-buttons-is-layout-flex\">\n<div class=\"wp-block-button is-style-fill\"><a class=\"wp-block-button__link has-accent-color has-accent-2-background-color has-text-color has-background has-text-align-center wp-element-button\" href=\"https:\/\/busysunday.dk\/kontakt-os\/\" target=\"_blank\" rel=\"noreferrer noopener\"><strong>Do you want to know more, then press here<\/strong><\/a><\/div>\n<\/div>","protected":false},"excerpt":{"rendered":"<p>BusySunday har udviklet en &#8220;ai motor&#8221;, der sparer jer tid Skriv blot omr\u00e5de, by, vej, og hvilken type bolig. Og ud fra det kan du s\u00e5 v\u00e6lge hvilken type tekst du automatisk \u00f8nsker at f\u00e5<\/p>","protected":false},"author":72,"featured_media":0,"parent":0,"menu_order":0,"comment_status":"closed","ping_status":"closed","template":"","meta":{"_acf_changed":false,"footnotes":""},"class_list":["post-94689","page","type-page","status-publish"],"acf":[],"_links":{"self":[{"href":"https:\/\/shop.busysunday.dk\/en\/wp-json\/wp\/v2\/pages\/94689","targetHints":{"allow":["GET"]}}],"collection":[{"href":"https:\/\/shop.busysunday.dk\/en\/wp-json\/wp\/v2\/pages"}],"about":[{"href":"https:\/\/shop.busysunday.dk\/en\/wp-json\/wp\/v2\/types\/page"}],"author":[{"embeddable":true,"href":"https:\/\/shop.busysunday.dk\/en\/wp-json\/wp\/v2\/users\/72"}],"replies":[{"embeddable":true,"href":"https:\/\/shop.busysunday.dk\/en\/wp-json\/wp\/v2\/comments?post=94689"}],"version-history":[{"count":0,"href":"https:\/\/shop.busysunday.dk\/en\/wp-json\/wp\/v2\/pages\/94689\/revisions"}],"wp:attachment":[{"href":"https:\/\/shop.busysunday.dk\/en\/wp-json\/wp\/v2\/media?parent=94689"}],"curies":[{"name":"wp","href":"https:\/\/api.w.org\/{rel}","templated":true}]}}