{"id":90375,"date":"2023-04-03T09:57:53","date_gmt":"2023-04-03T07:57:53","guid":{"rendered":"https:\/\/busysunday.dk\/?page_id=90375"},"modified":"2023-04-12T09:37:56","modified_gmt":"2023-04-12T07:37:56","slug":"vurderingafbolig","status":"publish","type":"page","link":"https:\/\/shop.busysunday.dk\/en\/vurderingafbolig\/","title":{"rendered":"Vurderingafbolig"},"content":{"rendered":"<h2 class=\"wp-block-heading has-text-align-center\">Er du ny inden for vurdering af boliger ?<\/h2>\n\n\n\n<p>s\u00e5 afholder BusySunday l\u00f8bende <strong>gratis<\/strong> online kurser herom. Kurset suppleres med en gratis adgang til BusySunday, som l\u00f8ber i 1 mdr. <\/p>\n\n\n<div class=\"gb-grid-wrapper gb-grid-wrapper-63f32794\">\n<div class=\"gb-grid-column gb-grid-column-560775bf\"><div class=\"gb-container gb-container-560775bf\">\n\n<h4 class=\"wp-block-heading\"><strong>Kurset indeholder<\/strong><\/h4>\n\n\n\n<ul class=\"wp-block-list\">\n<li>Hvad indeholder en vurdering<\/li>\n\n\n\n<li>Hvad er BusySunday<\/li>\n\n\n\n<li>Hvordan forbereder man normalt sig til en vurdering<\/li>\n\n\n\n<li>Hvordan forbereder en &#8220;BusySunday m\u00e6gler&#8221; sig<\/li>\n\n\n\n<li>Forskellen p\u00e5 en almindelig og en kreditvurdering<\/li>\n\n\n\n<li>Tr\u00e6ning i brugen af BusySunday<\/li>\n\n\n\n<li>questions ?<\/li>\n<\/ul>\n\n<\/div><\/div>\n\n<div class=\"gb-grid-column gb-grid-column-dcdf6944\"><div class=\"gb-container gb-container-dcdf6944\">\n\n<h4 class=\"wp-block-heading\"><strong>N\u00e6ste kursus er<\/strong><\/h4>\n\n\n\n<p class=\"has-text-align-left\">Torsdag den 20. april 2023 <\/p>\n\n\n\n<p class=\"has-text-align-left\">Kl 16.30 &#8211; 18.00<\/p>\n\n\n\n<p><strong>M\u00f8delink bliver sendt ud via mail en dags tid inden kurset.<\/strong><\/p>\n\n\n\n<p>Adgang til BusySunday f\u00e5r du inden kursusstart.<\/p>\n\n<\/div><\/div>\n<\/div>\n\n\n<p>Dette er et forl\u00f8b for dig der vil igang med at vurdere boliger. Forl\u00f8bet g\u00f8r dig i stand til selv at kunne vurdere boliger, give dig viden om priss\u00e6tning samt g\u00f8re dig \u201ckonkurrencedygtig\u201d<\/p>\n\n\n\n<p>Undervisningen henvender sig til m\u00e6glere, trainees og studerende. <em>Det forventes at du har en god forst\u00e5else for boligmarkedet.<\/em><\/p>\n\n\n\n<p>Holdet giver b\u00e5de den teoretiske tr\u00e6ning, s\u00e5 der l\u00e6res om en vurdering, samt masser af praktisk tr\u00e6ning via BusySunday software.<\/p>\n\n\n\n<p>Deltagerne p\u00e5 dette forl\u00f8b har <em>typisk<\/em> v\u00e6ret trainee hos en m\u00e6gler i 7-12 mdr., og har lyst til at udvikle sig videre nu. Du skal gerne have god succes med salg allerede, og derfor kapacitet til at tage flere udfordringer. Kurset er ogs\u00e5 til studerende, som f.eks. CBS finans\u00f8konom. <\/p>\n\n\n\n<p>Din indehaver vil f\u00e5 v\u00e6sentlig st\u00f8rre gave af din arbejdskraft, efter dette forl\u00f8b, da du nu vil v\u00e6re t\u00e6ttere p\u00e5 at kunne fungere som ejendomsm\u00e6gler med b\u00e5de salg og vurdering som speciale.<\/p>\n\n\n\n<p>Og det afsluttes med en opgave hvor alle hver is\u00e6r skal lave en vurdering, og sende ind til godkendelse. <\/p>\n\n\n\n<p>M\u00f8der du ikke op online, og ikke har meldt afbud, s\u00e5 vil der v\u00e6re et no-show fee p\u00e5 250 kr. + moms<\/p>\n\n\n<script>\nvar gform;gform||(document.addEventListener(\"gform_main_scripts_loaded\",function(){gform.scriptsLoaded=!0}),document.addEventListener(\"gform\/theme\/scripts_loaded\",function(){gform.themeScriptsLoaded=!0}),window.addEventListener(\"DOMContentLoaded\",function(){gform.domLoaded=!0}),gform={domLoaded:!1,scriptsLoaded:!1,themeScriptsLoaded:!1,isFormEditor:()=>\"function\"==typeof InitializeEditor,callIfLoaded:function(o){return!(!gform.domLoaded||!gform.scriptsLoaded||!gform.themeScriptsLoaded&&!gform.isFormEditor()||(gform.isFormEditor()&&console.warn(\"The use of gform.initializeOnLoaded() is deprecated in the form editor context and will be removed in Gravity Forms 3.1.\"),o(),0))},initializeOnLoaded:function(o){gform.callIfLoaded(o)||(document.addEventListener(\"gform_main_scripts_loaded\",()=>{gform.scriptsLoaded=!0,gform.callIfLoaded(o)}),document.addEventListener(\"gform\/theme\/scripts_loaded\",()=>{gform.themeScriptsLoaded=!0,gform.callIfLoaded(o)}),window.addEventListener(\"DOMContentLoaded\",()=>{gform.domLoaded=!0,gform.callIfLoaded(o)}))},hooks:{action:{},filter:{}},addAction:function(o,r,e,t){gform.addHook(\"action\",o,r,e,t)},addFilter:function(o,r,e,t){gform.addHook(\"filter\",o,r,e,t)},doAction:function(o){gform.doHook(\"action\",o,arguments)},applyFilters:function(o){return gform.doHook(\"filter\",o,arguments)},removeAction:function(o,r){gform.removeHook(\"action\",o,r)},removeFilter:function(o,r,e){gform.removeHook(\"filter\",o,r,e)},addHook:function(o,r,e,t,n){null==gform.hooks[o][r]&&(gform.hooks[o][r]=[]);var d=gform.hooks[o][r];null==n&&(n=r+\"_\"+d.length),gform.hooks[o][r].push({tag:n,callable:e,priority:t=null==t?10:t})},doHook:function(r,o,e){var t;if(e=Array.prototype.slice.call(e,1),null!=gform.hooks[r][o]&&((o=gform.hooks[r][o]).sort(function(o,r){return o.priority-r.priority}),o.forEach(function(o){\"function\"!=typeof(t=o.callable)&&(t=window[t]),\"action\"==r?t.apply(null,e):e[0]=t.apply(null,e)})),\"filter\"==r)return e[0]},removeHook:function(o,r,t,n){var e;null!=gform.hooks[o][r]&&(e=(e=gform.hooks[o][r]).filter(function(o,r,e){return!!(null!=n&&n!=o.tag||null!=t&&t!=o.priority)}),gform.hooks[o][r]=e)}});\n<\/script>\n\n                <div class='gf_browser_gecko gform_wrapper gravity-theme gform-theme--no-framework' data-form-theme='gravity-theme' data-form-index='0' id='gform_wrapper_10' >\n                        <div class='gform_heading'>\n                            <h2 class=\"gform_title\">Vurderingskursus<\/h2>\n                            <p class='gform_description'><\/p>\n                        <\/div><form method='post' enctype='multipart\/form-data'  id='gform_10'  action='\/en\/wp-json\/wp\/v2\/pages\/90375' data-formid='10' novalidate data-trp-original-action=\"\/en\/wp-json\/wp\/v2\/pages\/90375\"><div class='gf_invisible ginput_recaptchav3' data-sitekey='6LeBenIlAAAAAB7Hz8H5TqT6h7aWyqQCBaWnuRs5' data-tabindex='0'><input id=\"input_a1ba7c8d4cce1fd2b36c6e7bd47d68d5\" class=\"gfield_recaptcha_response\" type=\"hidden\" name=\"input_a1ba7c8d4cce1fd2b36c6e7bd47d68d5\" value=\"\"\/><\/div>\n                        <div class='gform-body gform_body'><div id='gform_fields_10' class='gform_fields top_label form_sublabel_above description_below validation_below'><div id=\"field_10_17\" class=\"gfield gfield--type-section gsection field_sublabel_above gfield--has-description field_description_below field_validation_below gfield_visibility_hidden\"  ><div class=\"admin-hidden-markup\"><i class=\"gform-icon gform-icon--hidden\" aria-hidden=\"true\" title=\"This field is hidden when viewing the form\"><\/i><span>This field is hidden when viewing the form<\/span><\/div><h3 class=\"gsection_title\">Next Steps: Install a Payment Add-On<\/h3><div class='gsection_description' id='gfield_description_10_17'>To accept payments on this form you will need to install one of our payment add-ons. To learn more about your payment add-on options, visit the following page (https:\/\/www.gravityforms.com\/blog\/payment-add-ons). Important: Delete this tip before you publish the form.<\/div><\/div><div id=\"field_10_12\" class=\"gfield gfield--type-section gsection field_sublabel_above gfield--no-description field_description_below field_validation_below gfield_visibility_visible\"  ><h3 class=\"gsection_title\">Deltagerinformation<\/h3><\/div><fieldset id=\"field_10_1\" class=\"gfield gfield--type-name gfield_contains_required field_sublabel_above gfield--no-description field_description_below field_validation_below gfield_visibility_visible\"  ><legend class='gfield_label gform-field-label gfield_label_before_complex' >Navn<span class=\"gfield_required\"><span class=\"gfield_required gfield_required_text\">(Required)<\/span><\/span><\/legend><div class='ginput_complex ginput_container ginput_container--name no_prefix has_first_name no_middle_name has_last_name no_suffix gf_name_has_2 ginput_container_name gform-grid-row' id='input_10_1'>\n                            \n                            <span id='input_10_1_3_container' class='name_first gform-grid-col gform-grid-col--size-auto' >\n                                                    <label for='input_10_1_3' class='gform-field-label gform-field-label--type-sub'>First<\/label>\n                                                    <input type='text' name='input_1.3' id='input_10_1_3' value=''   aria-required='true'    autocomplete=\"given-name\" \/>\n                                                <\/span>\n                            \n                            <span id='input_10_1_6_container' class='name_last gform-grid-col gform-grid-col--size-auto' >\n                                                            <label for='input_10_1_6' class='gform-field-label gform-field-label--type-sub'>Last<\/label>\n                                                            <input type='text' name='input_1.6' id='input_10_1_6' value=''   aria-required='true'    autocomplete=\"family-name\" \/>\n                                                        <\/span>\n                            \n                        <\/div><\/fieldset><div id=\"field_10_2\" class=\"gfield gfield--type-email gfield_contains_required field_sublabel_above gfield--no-description field_description_below field_validation_below gfield_visibility_visible\"  ><label class='gfield_label gform-field-label' for='input_10_2'>E-mail<span class=\"gfield_required\"><span class=\"gfield_required gfield_required_text\">(Required)<\/span><\/span><\/label><div class='ginput_container ginput_container_email'>\n                            <input name='input_2' id='input_10_2' type='email' value='' class='medium'    aria-required=\"true\" aria-invalid=\"false\"  autocomplete=\"email\"\/>\n                        <\/div><\/div><div id=\"field_10_3\" class=\"gfield gfield--type-phone gfield_contains_required field_sublabel_above gfield--no-description field_description_below field_validation_below gfield_visibility_visible\"  ><label class='gfield_label gform-field-label' for='input_10_3'>Phone<span class=\"gfield_required\"><span class=\"gfield_required gfield_required_text\">(Required)<\/span><\/span><\/label><div class='ginput_container ginput_container_phone'><input name='input_3' id='input_10_3' type='tel' value='' class='medium'   aria-required=\"true\" aria-invalid=\"false\"  autocomplete=\"tel\" \/><\/div><\/div><fieldset id=\"field_10_4\" class=\"gfield gfield--type-address field_sublabel_above gfield--no-description field_description_below field_validation_below gfield_visibility_visible\"  ><legend class='gfield_label gform-field-label gfield_label_before_complex' >M\u00e6glerbutik (Blank hvis du ikke er ansat pt)<\/legend>    \n                    <div class='ginput_complex ginput_container has_street has_city has_zip ginput_container_address gform-grid-row' id='input_10_4' >\n                         <span class='ginput_full address_line_1 ginput_address_line_1 gform-grid-col' id='input_10_4_1_container' >\n                                        <label for='input_10_4_1' id='input_10_4_1_label' class='gform-field-label gform-field-label--type-sub'>M\u00e6gler<\/label>\n                                        <input type='text' name='input_4.1' id='input_10_4_1' value=''    aria-required='false'   autocomplete=\"address-line1\" \/>\n                                   <\/span><span class='ginput_left address_city ginput_address_city gform-grid-col' id='input_10_4_3_container' >\n                                    <label for='input_10_4_3' id='input_10_4_3_label' class='gform-field-label gform-field-label--type-sub'>City<\/label>\n                                    <input type='text' name='input_4.3' id='input_10_4_3' value=''    aria-required='false'   autocomplete=\"address-level2\" \/>\n                                 <\/span><input type='hidden' class='gform_hidden' name='input_4.4' id='input_10_4_4' value=''\/><span class='ginput_right address_zip ginput_address_zip gform-grid-col' id='input_10_4_5_container' >\n                                    <label for='input_10_4_5' id='input_10_4_5_label' class='gform-field-label gform-field-label--type-sub'>ZIP \/ Postal Code<\/label>\n                                    <input type='text' name='input_4.5' id='input_10_4_5' value=''    aria-required='false'   autocomplete=\"postal-code\" \/>\n                                <\/span><input type='hidden' class='gform_hidden' name='input_4.6' id='input_10_4_6' value='' \/>\n                    <div class='gf_clear gf_clear_complex'><\/div>\n                <\/div><\/fieldset><fieldset id=\"field_10_19\" class=\"gfield gfield--type-checkbox gfield--type-choice gfield--width-full gfield_contains_required field_sublabel_above gfield--no-description field_description_below field_validation_below gfield_visibility_visible\"  ><legend class='gfield_label gform-field-label gfield_label_before_complex' >Ved at tilmelde mig dette event, s\u00e5 bekr\u00e6fter jeg min deltagelse, samt tilladelse til at BusySunday m\u00e5 maile information ud<span class=\"gfield_required\"><span class=\"gfield_required gfield_required_text\">(Required)<\/span><\/span><\/legend><div class='ginput_container ginput_container_checkbox'><div class='gfield_checkbox' id='input_10_19'><div class='gchoice gchoice_10_19_1'>\n\t\t\t\t\t\t\t\t<input class='gfield-choice-input' name='input_19.1' type='checkbox'  value='Accept\u00e9r'  id='choice_10_19_1'   \/>\n\t\t\t\t\t\t\t\t<label for='choice_10_19_1' id='label_10_19_1' class='gform-field-label gform-field-label--type-inline'>Accept\u00e9r<\/label>\n\t\t\t\t\t\t\t<\/div><\/div><\/div><\/fieldset><div id=\"field_10_11\" class=\"gfield gfield--type-select field_sublabel_above gfield--no-description field_description_below field_validation_below gfield_visibility_visible\"  ><label class='gfield_label gform-field-label' for='input_10_11'>Hvor har du h\u00f8rt om dette event ?<\/label><div class='ginput_container ginput_container_select'><select name='input_11' id='input_10_11' class='medium gfield_select'     aria-invalid=\"false\" ><option value='Social Media' >Sociale medier<\/option><option value='Google' >Google<\/option><option value='Word of Mouth' >Word of Mouth<\/option><option value='Fra en ven' >Fra en ven<\/option><option value='Fra en tidligere deltager' >Fra en tidligere deltager<\/option><option value='Other' >Andet<\/option><\/select><\/div><\/div><fieldset id=\"field_10_20\" class=\"gfield gfield--type-checkbox gfield--type-choice field_sublabel_above gfield--no-description field_description_below field_validation_below gfield_visibility_visible\"  ><legend class='gfield_label gform-field-label gfield_label_before_complex' >Er du uddannet m\u00e6gler ?<\/legend><div class='ginput_container ginput_container_checkbox'><div class='gfield_checkbox' id='input_10_20'><div class='gchoice gchoice_10_20_1'>\n\t\t\t\t\t\t\t\t<input class='gfield-choice-input' name='input_20.1' type='checkbox'  value='Ja'  id='choice_10_20_1'   \/>\n\t\t\t\t\t\t\t\t<label for='choice_10_20_1' id='label_10_20_1' class='gform-field-label gform-field-label--type-inline'>Ja<\/label>\n\t\t\t\t\t\t\t<\/div><div class='gchoice gchoice_10_20_2'>\n\t\t\t\t\t\t\t\t<input class='gfield-choice-input' name='input_20.2' type='checkbox'  value='Er igang'  id='choice_10_20_2'   \/>\n\t\t\t\t\t\t\t\t<label for='choice_10_20_2' id='label_10_20_2' class='gform-field-label gform-field-label--type-inline'>Er igang<\/label>\n\t\t\t\t\t\t\t<\/div><div class='gchoice gchoice_10_20_3'>\n\t\t\t\t\t\t\t\t<input class='gfield-choice-input' name='input_20.3' type='checkbox'  value='P\u00e5t\u00e6nker at blive det'  id='choice_10_20_3'   \/>\n\t\t\t\t\t\t\t\t<label for='choice_10_20_3' id='label_10_20_3' class='gform-field-label gform-field-label--type-inline'>P\u00e5t\u00e6nker at blive det<\/label>\n\t\t\t\t\t\t\t<\/div><div class='gchoice gchoice_10_20_4'>\n\t\t\t\t\t\t\t\t<input class='gfield-choice-input' name='input_20.4' type='checkbox'  value='Andet'  id='choice_10_20_4'   \/>\n\t\t\t\t\t\t\t\t<label for='choice_10_20_4' id='label_10_20_4' class='gform-field-label gform-field-label--type-inline'>Andet<\/label>\n\t\t\t\t\t\t\t<\/div><\/div><\/div><\/fieldset><\/div><\/div>\n        <div class='gform-footer gform_footer top_label'> <input type='submit' id='gform_submit_button_10' class='gform_button button' onclick='gform.submission.handleButtonClick(this);' data-submission-type='submit' value='Tilmeld'  \/> \n            <input type='hidden' class='gform_hidden' name='gform_submission_method' data-js='gform_submission_method_10' value='postback' \/>\n            <input type='hidden' class='gform_hidden' name='gform_theme' data-js='gform_theme_10' id='gform_theme_10' value='gravity-theme' \/>\n            <input type='hidden' class='gform_hidden' name='gform_style_settings' data-js='gform_style_settings_10' id='gform_style_settings_10' value='[]' \/>\n            <input type='hidden' class='gform_hidden' name='is_submit_10' value='1' \/>\n            <input type='hidden' class='gform_hidden' name='gform_submit' value='10' \/>\n            \n            <input type='hidden' class='gform_hidden' name='gform_unique_id' value='' \/>\n            <input type='hidden' class='gform_hidden' name='state_10' value='WyJ7XCIxOS4xXCI6XCI0Mjg5MDRmNTc0ZTA4ZDQ0YzgyOTNkM2Y5Yzc0MjFkZlwiLFwiMjAuMVwiOlwiNjU0ZjFjZmRhODE4NGI2MWEwODYyNWRiZTU0ZDY4MzhcIixcIjIwLjJcIjpcImY1NjI2N2Y0NjBiYTI0YWI4YmU1ZmM1ODUwMjZhMWU0XCIsXCIyMC4zXCI6XCIyMTk1NTAxNDM4NTM3YzAwMjY5Yjc0YzVkZWE4NDM2OFwiLFwiMjAuNFwiOlwiOTdlMGIyYjQ3ODQ0MTg2MTllNjllYzIxMjUwMDM3MDNcIn0iLCIzZGQ2MzM4M2IzYzY4NjRmY2VjMzliN2FkNTU2Y2MxMyJd' \/>\n            <input type='hidden' autocomplete='off' class='gform_hidden' name='gform_target_page_number_10' id='gform_target_page_number_10' value='0' \/>\n            <input type='hidden' autocomplete='off' class='gform_hidden' name='gform_source_page_number_10' id='gform_source_page_number_10' value='1' \/>\n            <input type='hidden' name='gform_field_values' value='' \/>\n            \n        <\/div>\n                        <input type=\"hidden\" name=\"trp-form-language\" value=\"en\"\/><\/form>\n                        <\/div><script>\ngform.initializeOnLoaded( function() {gformInitSpinner( 10, 'https:\/\/shop.busysunday.dk\/wp-content\/plugins\/gravityforms\/images\/spinner.svg', true );jQuery('#gform_ajax_frame_10').on('load',function(){var contents = jQuery(this).contents().find('*').html();var is_postback = contents.indexOf('GF_AJAX_POSTBACK') >= 0;if(!is_postback){return;}var form_content = jQuery(this).contents().find('#gform_wrapper_10');var is_confirmation = jQuery(this).contents().find('#gform_confirmation_wrapper_10').length > 0;var is_redirect = contents.indexOf('gformRedirect(){') >= 0;var is_form = form_content.length > 0 && ! is_redirect && ! is_confirmation;var mt = parseInt(jQuery('html').css('margin-top'), 10) + parseInt(jQuery('body').css('margin-top'), 10) + 100;if(is_form){jQuery('#gform_wrapper_10').html(form_content.html());if(form_content.hasClass('gform_validation_error')){jQuery('#gform_wrapper_10').addClass('gform_validation_error');} else {jQuery('#gform_wrapper_10').removeClass('gform_validation_error');}setTimeout( function() { \/* delay the scroll by 50 milliseconds to fix a bug in chrome *\/  }, 50 );if(window['gformInitDatepicker']) {gformInitDatepicker();}if(window['gformInitPriceFields']) {gformInitPriceFields();}var current_page = jQuery('#gform_source_page_number_10').val();gformInitSpinner( 10, 'https:\/\/shop.busysunday.dk\/wp-content\/plugins\/gravityforms\/images\/spinner.svg', true );jQuery(document).trigger('gform_page_loaded', [10, current_page]);window['gf_submitting_10'] = false;}else if(!is_redirect){var confirmation_content = jQuery(this).contents().find('.GF_AJAX_POSTBACK').html();if(!confirmation_content){confirmation_content = contents;}jQuery('#gform_wrapper_10').replaceWith(confirmation_content);jQuery(document).trigger('gform_confirmation_loaded', [10]);window['gf_submitting_10'] = false;wp.a11y.speak(jQuery('#gform_confirmation_message_10').text());}else{jQuery('#gform_10').append(contents);if(window['gformRedirect']) {gformRedirect();}}jQuery(document).trigger(\"gform_pre_post_render\", [{ formId: \"10\", currentPage: \"current_page\", abort: function() { this.preventDefault(); } }]);        if (event && event.defaultPrevented) {                return;        }        const gformWrapperDiv = document.getElementById( \"gform_wrapper_10\" );        if ( gformWrapperDiv ) {            const visibilitySpan = document.createElement( \"span\" );            visibilitySpan.id = \"gform_visibility_test_10\";            gformWrapperDiv.insertAdjacentElement( \"afterend\", visibilitySpan );        }        const visibilityTestDiv = document.getElementById( \"gform_visibility_test_10\" );        let postRenderFired = false;        function triggerPostRender() {            if ( postRenderFired ) {                return;            }            postRenderFired = true;            gform.core.triggerPostRenderEvents( 10, current_page );            if ( visibilityTestDiv ) {                visibilityTestDiv.parentNode.removeChild( visibilityTestDiv );            }        }        function debounce( func, wait, immediate ) {            var timeout;            return function() {                var context = this, args = arguments;                var later = function() {                    timeout = null;                    if ( !immediate ) func.apply( context, args );                };                var callNow = immediate && !timeout;                clearTimeout( timeout );                timeout = setTimeout( later, wait );                if ( callNow ) func.apply( context, args );            };        }        const debouncedTriggerPostRender = debounce( function() {            triggerPostRender();        }, 200 );        if ( visibilityTestDiv && visibilityTestDiv.offsetParent === null ) {            const observer = new MutationObserver( ( mutations ) => {                mutations.forEach( ( mutation ) => {                    if ( mutation.type === 'attributes' && visibilityTestDiv.offsetParent !== null ) {                        debouncedTriggerPostRender();                        observer.disconnect();                    }                });            });            observer.observe( document.body, {                attributes: true,                childList: false,                subtree: true,                attributeFilter: [ 'style', 'class' ],            });        } else {            triggerPostRender();        }    } );} );\n<\/script>","protected":false},"excerpt":{"rendered":"<p>Er du ny inden for vurdering af boliger ? s\u00e5 afholder BusySunday l\u00f8bende gratis online kurser herom. Kurset suppleres med en gratis adgang til BusySunday, som l\u00f8ber i 1 mdr. Dette er et forl\u00f8b for<\/p>","protected":false},"author":4,"featured_media":0,"parent":0,"menu_order":0,"comment_status":"closed","ping_status":"closed","template":"","meta":{"_acf_changed":false,"footnotes":""},"class_list":["post-90375","page","type-page","status-publish"],"acf":[],"_links":{"self":[{"href":"https:\/\/shop.busysunday.dk\/en\/wp-json\/wp\/v2\/pages\/90375","targetHints":{"allow":["GET"]}}],"collection":[{"href":"https:\/\/shop.busysunday.dk\/en\/wp-json\/wp\/v2\/pages"}],"about":[{"href":"https:\/\/shop.busysunday.dk\/en\/wp-json\/wp\/v2\/types\/page"}],"author":[{"embeddable":true,"href":"https:\/\/shop.busysunday.dk\/en\/wp-json\/wp\/v2\/users\/4"}],"replies":[{"embeddable":true,"href":"https:\/\/shop.busysunday.dk\/en\/wp-json\/wp\/v2\/comments?post=90375"}],"version-history":[{"count":0,"href":"https:\/\/shop.busysunday.dk\/en\/wp-json\/wp\/v2\/pages\/90375\/revisions"}],"wp:attachment":[{"href":"https:\/\/shop.busysunday.dk\/en\/wp-json\/wp\/v2\/media?parent=90375"}],"curies":[{"name":"wp","href":"https:\/\/api.w.org\/{rel}","templated":true}]}}