{"id":90355,"date":"2023-04-03T08:34:43","date_gmt":"2023-04-03T06:34:43","guid":{"rendered":"https:\/\/busysunday.dk\/?page_id=90355"},"modified":"2023-11-24T11:02:13","modified_gmt":"2023-11-24T10:02:13","slug":"teamet","status":"publish","type":"page","link":"https:\/\/shop.busysunday.dk\/en\/teamet\/","title":{"rendered":"The team"},"content":{"rendered":"<h4 class=\"wp-block-heading has-text-align-center\">Who is BusySunday. Below you can read a little about who is on board Denmark's best sales platform for real estate agents<\/h4>\n\n\n<div class=\"gb-grid-wrapper gb-grid-wrapper-85f65f57\">\n<div class=\"gb-grid-column gb-grid-column-64259c17\"><div class=\"gb-container gb-container-64259c17\">\n<div class=\"wp-block-image\">\n<figure class=\"aligncenter size-thumbnail\"><img loading=\"lazy\" decoding=\"async\" width=\"224\" height=\"224\" src=\"https:\/\/busysunday.dk\/wp-content\/uploads\/2023\/04\/L4A8619-224x224.jpeg\" alt=\"\" class=\"wp-image-90612\" srcset=\"https:\/\/shop.busysunday.dk\/wp-content\/uploads\/2023\/04\/L4A8619-224x224.jpeg 224w, https:\/\/shop.busysunday.dk\/wp-content\/uploads\/2023\/04\/L4A8619-550x550.jpeg 550w, https:\/\/shop.busysunday.dk\/wp-content\/uploads\/2023\/04\/L4A8619-100x100.jpeg 100w\" sizes=\"auto, (max-width: 224px) 100vw, 224px\" \/><\/figure>\n<\/div>\n\n\n<p class=\"has-text-align-center\" style=\"font-size:15px;font-style:normal;font-weight:700\">Anders R\u00f8rb\u00e6k<\/p>\n\n\n\n<p class=\"has-text-align-center has-small-font-size\">Founder, CEO &amp; Sales<br>Phone <a href=\"tel:+4526741448\">+45 26741448<\/a><br>Mail <a href=\"mailto:anders@busysunday.dk\">anders@busysunday.dk<\/a><\/p>\n\n<\/div><\/div>\n\n<div class=\"gb-grid-column gb-grid-column-7003de69\"><div class=\"gb-container gb-container-7003de69\">\n<div class=\"wp-block-image\">\n<figure class=\"aligncenter size-thumbnail\"><img decoding=\"async\" src=\"https:\/\/busysunday.dk\/wp-content\/uploads\/2022\/06\/KimProfile2_640px-224x224.jpg\" alt=\"\" class=\"wp-image-1354\"\/><\/figure>\n<\/div>\n\n\n<p class=\"has-text-align-center\" style=\"font-size:15px;font-style:normal;font-weight:700\">Kim Frederiksen<\/p>\n\n\n\n<p class=\"has-text-align-center has-small-font-size\">CTO &amp; developer<br>Phone <a href=\"tel:+4530279556\">+45 30279556<\/a><br>Mail <a href=\"mailto:kim@busysunday.dk\">kim@busysunday.dk<\/a><\/p>\n\n<\/div><\/div>\n\n<div class=\"gb-grid-column gb-grid-column-fac01419\"><div class=\"gb-container gb-container-fac01419\">\n<div class=\"wp-block-image\">\n<figure class=\"aligncenter size-thumbnail is-resized\"><img decoding=\"async\" src=\"https:\/\/busysunday.dk\/wp-content\/uploads\/2023\/11\/MGS_7832-224x224.jpg\" alt=\"\" class=\"wp-image-201968\" style=\"object-fit:cover;width:227px;height:auto\"\/><\/figure>\n<\/div>\n\n\n<p class=\"has-text-align-center\" style=\"font-size:15px;font-style:normal;font-weight:700\">Emil Mortensen<\/p>\n\n\n\n<p class=\"has-text-align-center has-small-font-size\">Customer support<br><\/p>\n\n<\/div><\/div>\n\n<div class=\"gb-grid-column gb-grid-column-aa9880a2\"><div class=\"gb-container gb-container-aa9880a2\">\n<div class=\"wp-block-image\">\n<figure class=\"aligncenter size-thumbnail\"><img loading=\"lazy\" decoding=\"async\" width=\"224\" height=\"224\" src=\"https:\/\/busysunday.dk\/wp-content\/uploads\/2023\/04\/Busy_Sunday_1-1-224x224.png\" alt=\"\" class=\"wp-image-90368\" srcset=\"https:\/\/shop.busysunday.dk\/wp-content\/uploads\/2023\/04\/Busy_Sunday_1-1-224x224.png 224w, https:\/\/shop.busysunday.dk\/wp-content\/uploads\/2023\/04\/Busy_Sunday_1-1-480x480.png 480w, https:\/\/shop.busysunday.dk\/wp-content\/uploads\/2023\/04\/Busy_Sunday_1-1-1024x1024.png 1024w, https:\/\/shop.busysunday.dk\/wp-content\/uploads\/2023\/04\/Busy_Sunday_1-1-768x768.png 768w, https:\/\/shop.busysunday.dk\/wp-content\/uploads\/2023\/04\/Busy_Sunday_1-1-550x550.png 550w, https:\/\/shop.busysunday.dk\/wp-content\/uploads\/2023\/04\/Busy_Sunday_1-1-750x750.png 750w, https:\/\/shop.busysunday.dk\/wp-content\/uploads\/2023\/04\/Busy_Sunday_1-1-100x100.png 100w, https:\/\/shop.busysunday.dk\/wp-content\/uploads\/2023\/04\/Busy_Sunday_1-1.png 1200w\" sizes=\"auto, (max-width: 224px) 100vw, 224px\" \/><\/figure>\n<\/div>\n\n\n<p class=\"has-text-align-center\" style=\"font-size:15px;font-style:normal;font-weight:700\">Michael Miltersen<\/p>\n\n\n\n<p class=\"has-text-align-center has-small-font-size\">Branding &amp; frontend<br><\/p>\n\n<\/div><\/div>\n\n<div class=\"gb-grid-column gb-grid-column-a8f3d96e\"><div class=\"gb-container gb-container-a8f3d96e\">\n<div class=\"wp-block-image\">\n<figure class=\"aligncenter size-thumbnail\"><img loading=\"lazy\" decoding=\"async\" width=\"224\" height=\"224\" src=\"https:\/\/busysunday.dk\/wp-content\/uploads\/2023\/04\/Busy_Sunday_1-1-224x224.png\" alt=\"\" class=\"wp-image-90368\" srcset=\"https:\/\/shop.busysunday.dk\/wp-content\/uploads\/2023\/04\/Busy_Sunday_1-1-224x224.png 224w, https:\/\/shop.busysunday.dk\/wp-content\/uploads\/2023\/04\/Busy_Sunday_1-1-480x480.png 480w, https:\/\/shop.busysunday.dk\/wp-content\/uploads\/2023\/04\/Busy_Sunday_1-1-1024x1024.png 1024w, https:\/\/shop.busysunday.dk\/wp-content\/uploads\/2023\/04\/Busy_Sunday_1-1-768x768.png 768w, https:\/\/shop.busysunday.dk\/wp-content\/uploads\/2023\/04\/Busy_Sunday_1-1-550x550.png 550w, https:\/\/shop.busysunday.dk\/wp-content\/uploads\/2023\/04\/Busy_Sunday_1-1-750x750.png 750w, https:\/\/shop.busysunday.dk\/wp-content\/uploads\/2023\/04\/Busy_Sunday_1-1-100x100.png 100w, https:\/\/shop.busysunday.dk\/wp-content\/uploads\/2023\/04\/Busy_Sunday_1-1.png 1200w\" sizes=\"auto, (max-width: 224px) 100vw, 224px\" \/><\/figure>\n<\/div>\n\n\n<p class=\"has-text-align-center\" style=\"font-size:15px;font-style:normal;font-weight:700\">Jacob Velin <\/p>\n\n\n\n<p class=\"has-text-align-center has-small-font-size\">Development<\/p>\n\n<\/div><\/div>\n\n<div class=\"gb-grid-column gb-grid-column-a0d261e1\"><div class=\"gb-container gb-container-a0d261e1\">\n<div class=\"wp-block-image\">\n<figure class=\"aligncenter size-thumbnail\"><img loading=\"lazy\" decoding=\"async\" width=\"224\" height=\"224\" src=\"https:\/\/busysunday.dk\/wp-content\/uploads\/2023\/07\/Skaermbillede-2021-05-21-kl.-20.2-224x224.jpg\" alt=\"\" class=\"wp-image-129449\" srcset=\"https:\/\/shop.busysunday.dk\/wp-content\/uploads\/2023\/07\/Skaermbillede-2021-05-21-kl.-20.2-224x224.jpg 224w, https:\/\/shop.busysunday.dk\/wp-content\/uploads\/2023\/07\/Skaermbillede-2021-05-21-kl.-20.2-550x550.jpg 550w, https:\/\/shop.busysunday.dk\/wp-content\/uploads\/2023\/07\/Skaermbillede-2021-05-21-kl.-20.2-100x100.jpg 100w\" sizes=\"auto, (max-width: 224px) 100vw, 224px\" \/><\/figure>\n<\/div>\n\n\n<p class=\"has-text-align-center\" style=\"font-size:15px;font-style:normal;font-weight:700\">Niels Lasson <\/p>\n\n\n\n<p class=\"has-text-align-center has-small-font-size\">Business development <br><\/p>\n\n<\/div><\/div>\n<\/div>\n\n\n<div style=\"height:50px\" aria-hidden=\"true\" class=\"wp-block-spacer\"><\/div>\n\n\n\n<h4 class=\"wp-block-heading\">Advisoryboard &amp; owners<\/h4>\n\n\n<div class=\"gb-grid-wrapper gb-grid-wrapper-9f3c7994\">\n<div class=\"gb-grid-column gb-grid-column-b10a496f\"><div class=\"gb-container gb-container-b10a496f\">\n<div class=\"wp-block-image\">\n<figure class=\"aligncenter size-thumbnail\"><img loading=\"lazy\" decoding=\"async\" width=\"224\" height=\"224\" src=\"https:\/\/busysunday.dk\/wp-content\/uploads\/2023\/04\/Busy_Sunday_1-1-224x224.png\" alt=\"\" class=\"wp-image-90368\" srcset=\"https:\/\/shop.busysunday.dk\/wp-content\/uploads\/2023\/04\/Busy_Sunday_1-1-224x224.png 224w, https:\/\/shop.busysunday.dk\/wp-content\/uploads\/2023\/04\/Busy_Sunday_1-1-480x480.png 480w, https:\/\/shop.busysunday.dk\/wp-content\/uploads\/2023\/04\/Busy_Sunday_1-1-1024x1024.png 1024w, https:\/\/shop.busysunday.dk\/wp-content\/uploads\/2023\/04\/Busy_Sunday_1-1-768x768.png 768w, https:\/\/shop.busysunday.dk\/wp-content\/uploads\/2023\/04\/Busy_Sunday_1-1-550x550.png 550w, https:\/\/shop.busysunday.dk\/wp-content\/uploads\/2023\/04\/Busy_Sunday_1-1-750x750.png 750w, https:\/\/shop.busysunday.dk\/wp-content\/uploads\/2023\/04\/Busy_Sunday_1-1-100x100.png 100w, https:\/\/shop.busysunday.dk\/wp-content\/uploads\/2023\/04\/Busy_Sunday_1-1.png 1200w\" sizes=\"auto, (max-width: 224px) 100vw, 224px\" \/><figcaption class=\"wp-element-caption\">Anders R\u00f8rb\u00e6k, Founder<\/figcaption><\/figure>\n<\/div>\n<\/div><\/div>\n\n<div class=\"gb-grid-column gb-grid-column-0861cc64\"><div class=\"gb-container gb-container-0861cc64\">\n<div class=\"wp-block-image\">\n<figure class=\"aligncenter size-thumbnail\"><img loading=\"lazy\" decoding=\"async\" width=\"224\" height=\"224\" src=\"https:\/\/busysunday.dk\/wp-content\/uploads\/2023\/04\/Busy_Sunday_1-1-224x224.png\" alt=\"\" class=\"wp-image-90368\" srcset=\"https:\/\/shop.busysunday.dk\/wp-content\/uploads\/2023\/04\/Busy_Sunday_1-1-224x224.png 224w, https:\/\/shop.busysunday.dk\/wp-content\/uploads\/2023\/04\/Busy_Sunday_1-1-480x480.png 480w, https:\/\/shop.busysunday.dk\/wp-content\/uploads\/2023\/04\/Busy_Sunday_1-1-1024x1024.png 1024w, https:\/\/shop.busysunday.dk\/wp-content\/uploads\/2023\/04\/Busy_Sunday_1-1-768x768.png 768w, https:\/\/shop.busysunday.dk\/wp-content\/uploads\/2023\/04\/Busy_Sunday_1-1-550x550.png 550w, https:\/\/shop.busysunday.dk\/wp-content\/uploads\/2023\/04\/Busy_Sunday_1-1-750x750.png 750w, https:\/\/shop.busysunday.dk\/wp-content\/uploads\/2023\/04\/Busy_Sunday_1-1-100x100.png 100w, https:\/\/shop.busysunday.dk\/wp-content\/uploads\/2023\/04\/Busy_Sunday_1-1.png 1200w\" sizes=\"auto, (max-width: 224px) 100vw, 224px\" \/><figcaption class=\"wp-element-caption\">Kim Frederiksen<\/figcaption><\/figure>\n<\/div>\n<\/div><\/div>\n\n<div class=\"gb-grid-column gb-grid-column-69a1a879\"><div class=\"gb-container gb-container-69a1a879\">\n<div class=\"wp-block-image\">\n<figure class=\"aligncenter size-thumbnail\"><img loading=\"lazy\" decoding=\"async\" width=\"224\" height=\"224\" src=\"https:\/\/busysunday.dk\/wp-content\/uploads\/2023\/04\/Busy_Sunday_1-1-224x224.png\" alt=\"\" class=\"wp-image-90368\" srcset=\"https:\/\/shop.busysunday.dk\/wp-content\/uploads\/2023\/04\/Busy_Sunday_1-1-224x224.png 224w, https:\/\/shop.busysunday.dk\/wp-content\/uploads\/2023\/04\/Busy_Sunday_1-1-480x480.png 480w, https:\/\/shop.busysunday.dk\/wp-content\/uploads\/2023\/04\/Busy_Sunday_1-1-1024x1024.png 1024w, https:\/\/shop.busysunday.dk\/wp-content\/uploads\/2023\/04\/Busy_Sunday_1-1-768x768.png 768w, https:\/\/shop.busysunday.dk\/wp-content\/uploads\/2023\/04\/Busy_Sunday_1-1-550x550.png 550w, https:\/\/shop.busysunday.dk\/wp-content\/uploads\/2023\/04\/Busy_Sunday_1-1-750x750.png 750w, https:\/\/shop.busysunday.dk\/wp-content\/uploads\/2023\/04\/Busy_Sunday_1-1-100x100.png 100w, https:\/\/shop.busysunday.dk\/wp-content\/uploads\/2023\/04\/Busy_Sunday_1-1.png 1200w\" sizes=\"auto, (max-width: 224px) 100vw, 224px\" \/><figcaption class=\"wp-element-caption\">Peter Forchhammer<\/figcaption><\/figure>\n<\/div>\n<\/div><\/div>\n\n<div class=\"gb-grid-column gb-grid-column-4e7b0a73\"><div class=\"gb-container gb-container-4e7b0a73\">\n<div class=\"wp-block-image\">\n<figure class=\"aligncenter size-thumbnail\"><img loading=\"lazy\" decoding=\"async\" width=\"224\" height=\"224\" src=\"https:\/\/busysunday.dk\/wp-content\/uploads\/2023\/04\/Busy_Sunday_1-1-224x224.png\" alt=\"\" class=\"wp-image-90368\" srcset=\"https:\/\/shop.busysunday.dk\/wp-content\/uploads\/2023\/04\/Busy_Sunday_1-1-224x224.png 224w, https:\/\/shop.busysunday.dk\/wp-content\/uploads\/2023\/04\/Busy_Sunday_1-1-480x480.png 480w, https:\/\/shop.busysunday.dk\/wp-content\/uploads\/2023\/04\/Busy_Sunday_1-1-1024x1024.png 1024w, https:\/\/shop.busysunday.dk\/wp-content\/uploads\/2023\/04\/Busy_Sunday_1-1-768x768.png 768w, https:\/\/shop.busysunday.dk\/wp-content\/uploads\/2023\/04\/Busy_Sunday_1-1-550x550.png 550w, https:\/\/shop.busysunday.dk\/wp-content\/uploads\/2023\/04\/Busy_Sunday_1-1-750x750.png 750w, https:\/\/shop.busysunday.dk\/wp-content\/uploads\/2023\/04\/Busy_Sunday_1-1-100x100.png 100w, https:\/\/shop.busysunday.dk\/wp-content\/uploads\/2023\/04\/Busy_Sunday_1-1.png 1200w\" sizes=\"auto, (max-width: 224px) 100vw, 224px\" \/><figcaption class=\"wp-element-caption\">Peter Kornerup<\/figcaption><\/figure>\n<\/div>\n<\/div><\/div>\n\n<div class=\"gb-grid-column gb-grid-column-c376e6da\"><div class=\"gb-container gb-container-c376e6da\">\n<div class=\"wp-block-image\">\n<figure class=\"aligncenter size-thumbnail\"><img loading=\"lazy\" decoding=\"async\" width=\"224\" height=\"224\" src=\"https:\/\/busysunday.dk\/wp-content\/uploads\/2023\/04\/Busy_Sunday_1-1-224x224.png\" alt=\"\" class=\"wp-image-90368\" srcset=\"https:\/\/shop.busysunday.dk\/wp-content\/uploads\/2023\/04\/Busy_Sunday_1-1-224x224.png 224w, https:\/\/shop.busysunday.dk\/wp-content\/uploads\/2023\/04\/Busy_Sunday_1-1-480x480.png 480w, https:\/\/shop.busysunday.dk\/wp-content\/uploads\/2023\/04\/Busy_Sunday_1-1-1024x1024.png 1024w, https:\/\/shop.busysunday.dk\/wp-content\/uploads\/2023\/04\/Busy_Sunday_1-1-768x768.png 768w, https:\/\/shop.busysunday.dk\/wp-content\/uploads\/2023\/04\/Busy_Sunday_1-1-550x550.png 550w, https:\/\/shop.busysunday.dk\/wp-content\/uploads\/2023\/04\/Busy_Sunday_1-1-750x750.png 750w, https:\/\/shop.busysunday.dk\/wp-content\/uploads\/2023\/04\/Busy_Sunday_1-1-100x100.png 100w, https:\/\/shop.busysunday.dk\/wp-content\/uploads\/2023\/04\/Busy_Sunday_1-1.png 1200w\" sizes=\"auto, (max-width: 224px) 100vw, 224px\" \/><figcaption class=\"wp-element-caption\">Bruder ApS<\/figcaption><\/figure>\n<\/div>\n<\/div><\/div>\n\n<div class=\"gb-grid-column gb-grid-column-8a4e6701\"><div class=\"gb-container gb-container-8a4e6701\">\n<div class=\"wp-block-image\">\n<figure class=\"aligncenter size-thumbnail\"><img loading=\"lazy\" decoding=\"async\" width=\"224\" height=\"224\" src=\"https:\/\/busysunday.dk\/wp-content\/uploads\/2023\/04\/Busy_Sunday_1-1-224x224.png\" alt=\"\" class=\"wp-image-90368\" srcset=\"https:\/\/shop.busysunday.dk\/wp-content\/uploads\/2023\/04\/Busy_Sunday_1-1-224x224.png 224w, https:\/\/shop.busysunday.dk\/wp-content\/uploads\/2023\/04\/Busy_Sunday_1-1-480x480.png 480w, https:\/\/shop.busysunday.dk\/wp-content\/uploads\/2023\/04\/Busy_Sunday_1-1-1024x1024.png 1024w, https:\/\/shop.busysunday.dk\/wp-content\/uploads\/2023\/04\/Busy_Sunday_1-1-768x768.png 768w, https:\/\/shop.busysunday.dk\/wp-content\/uploads\/2023\/04\/Busy_Sunday_1-1-550x550.png 550w, https:\/\/shop.busysunday.dk\/wp-content\/uploads\/2023\/04\/Busy_Sunday_1-1-750x750.png 750w, https:\/\/shop.busysunday.dk\/wp-content\/uploads\/2023\/04\/Busy_Sunday_1-1-100x100.png 100w, https:\/\/shop.busysunday.dk\/wp-content\/uploads\/2023\/04\/Busy_Sunday_1-1.png 1200w\" sizes=\"auto, (max-width: 224px) 100vw, 224px\" \/><figcaption class=\"wp-element-caption\">Thomas Sandbjerg<\/figcaption><\/figure>\n<\/div>\n<\/div><\/div>\n\n<div class=\"gb-grid-column gb-grid-column-375d61f6\"><div class=\"gb-container gb-container-375d61f6\">\n<div class=\"wp-block-image\">\n<figure class=\"aligncenter size-thumbnail\"><img loading=\"lazy\" decoding=\"async\" width=\"224\" height=\"224\" src=\"https:\/\/busysunday.dk\/wp-content\/uploads\/2023\/04\/Busy_Sunday_1-1-224x224.png\" alt=\"\" class=\"wp-image-90368\" srcset=\"https:\/\/shop.busysunday.dk\/wp-content\/uploads\/2023\/04\/Busy_Sunday_1-1-224x224.png 224w, https:\/\/shop.busysunday.dk\/wp-content\/uploads\/2023\/04\/Busy_Sunday_1-1-480x480.png 480w, https:\/\/shop.busysunday.dk\/wp-content\/uploads\/2023\/04\/Busy_Sunday_1-1-1024x1024.png 1024w, https:\/\/shop.busysunday.dk\/wp-content\/uploads\/2023\/04\/Busy_Sunday_1-1-768x768.png 768w, https:\/\/shop.busysunday.dk\/wp-content\/uploads\/2023\/04\/Busy_Sunday_1-1-550x550.png 550w, https:\/\/shop.busysunday.dk\/wp-content\/uploads\/2023\/04\/Busy_Sunday_1-1-750x750.png 750w, https:\/\/shop.busysunday.dk\/wp-content\/uploads\/2023\/04\/Busy_Sunday_1-1-100x100.png 100w, https:\/\/shop.busysunday.dk\/wp-content\/uploads\/2023\/04\/Busy_Sunday_1-1.png 1200w\" sizes=\"auto, (max-width: 224px) 100vw, 224px\" \/><figcaption class=\"wp-element-caption\">Christian Peitersen<\/figcaption><\/figure>\n<\/div>\n<\/div><\/div>\n\n<div class=\"gb-grid-column gb-grid-column-f45ba421\"><div class=\"gb-container gb-container-f45ba421\">\n<div class=\"wp-block-image\">\n<figure class=\"aligncenter size-thumbnail\"><img loading=\"lazy\" decoding=\"async\" width=\"224\" height=\"224\" src=\"https:\/\/busysunday.dk\/wp-content\/uploads\/2023\/04\/Busy_Sunday_1-1-224x224.png\" alt=\"\" class=\"wp-image-90368\" srcset=\"https:\/\/shop.busysunday.dk\/wp-content\/uploads\/2023\/04\/Busy_Sunday_1-1-224x224.png 224w, https:\/\/shop.busysunday.dk\/wp-content\/uploads\/2023\/04\/Busy_Sunday_1-1-480x480.png 480w, https:\/\/shop.busysunday.dk\/wp-content\/uploads\/2023\/04\/Busy_Sunday_1-1-1024x1024.png 1024w, https:\/\/shop.busysunday.dk\/wp-content\/uploads\/2023\/04\/Busy_Sunday_1-1-768x768.png 768w, https:\/\/shop.busysunday.dk\/wp-content\/uploads\/2023\/04\/Busy_Sunday_1-1-550x550.png 550w, https:\/\/shop.busysunday.dk\/wp-content\/uploads\/2023\/04\/Busy_Sunday_1-1-750x750.png 750w, https:\/\/shop.busysunday.dk\/wp-content\/uploads\/2023\/04\/Busy_Sunday_1-1-100x100.png 100w, https:\/\/shop.busysunday.dk\/wp-content\/uploads\/2023\/04\/Busy_Sunday_1-1.png 1200w\" sizes=\"auto, (max-width: 224px) 100vw, 224px\" \/><figcaption class=\"wp-element-caption\">Anders &amp; Charlotte Scheel<\/figcaption><\/figure>\n<\/div>\n<\/div><\/div>\n<\/div>\n\n\n<div style=\"height:50px\" aria-hidden=\"true\" class=\"wp-block-spacer\"><\/div>\n\n\n\n<h4 class=\"wp-block-heading has-text-align-center\"><strong>Are you interested in BusySunday?<\/strong><\/h4>\n\n\n\n<p class=\"has-text-align-center\">We can always use geniuses and talents. <a href=\"https:\/\/busysunday.dk\/kontakt-os\/\">Contact us<\/a>, if you know something cool<\/p>","protected":false},"excerpt":{"rendered":"<p>Hvem er BusySunday. Herunder kan du l\u00e6se lidt om hvem der er med ombord p\u00e5 Danmarks bedste salgsplatform for ejendomsm\u00e6glere Advisoryboard &amp; ejerkreds Har du interesse i BusySunday? Vi kan altid bruge genier og talenter.<\/p>","protected":false},"author":4,"featured_media":0,"parent":0,"menu_order":0,"comment_status":"closed","ping_status":"closed","template":"","meta":{"_acf_changed":false,"footnotes":""},"class_list":["post-90355","page","type-page","status-publish"],"acf":[],"_links":{"self":[{"href":"https:\/\/shop.busysunday.dk\/en\/wp-json\/wp\/v2\/pages\/90355","targetHints":{"allow":["GET"]}}],"collection":[{"href":"https:\/\/shop.busysunday.dk\/en\/wp-json\/wp\/v2\/pages"}],"about":[{"href":"https:\/\/shop.busysunday.dk\/en\/wp-json\/wp\/v2\/types\/page"}],"author":[{"embeddable":true,"href":"https:\/\/shop.busysunday.dk\/en\/wp-json\/wp\/v2\/users\/4"}],"replies":[{"embeddable":true,"href":"https:\/\/shop.busysunday.dk\/en\/wp-json\/wp\/v2\/comments?post=90355"}],"version-history":[{"count":0,"href":"https:\/\/shop.busysunday.dk\/en\/wp-json\/wp\/v2\/pages\/90355\/revisions"}],"wp:attachment":[{"href":"https:\/\/shop.busysunday.dk\/en\/wp-json\/wp\/v2\/media?parent=90355"}],"curies":[{"name":"wp","href":"https:\/\/api.w.org\/{rel}","templated":true}]}}