{"id":89963,"date":"2023-03-30T12:30:02","date_gmt":"2023-03-30T10:30:02","guid":{"rendered":"https:\/\/busysunday.dk\/?page_id=89963"},"modified":"2023-03-30T13:44:35","modified_gmt":"2023-03-30T11:44:35","slug":"sommerlandet","status":"publish","type":"page","link":"https:\/\/shop.busysunday.dk\/en\/sommerlandet\/","title":{"rendered":"Sommerlandet"},"content":{"rendered":"<h2 class=\"wp-block-heading has-text-align-center\">Er du sommerhus m\u00e6gler ? <\/h2>\n\n\n\n<p>S\u00e5 har du helt sikkert en klar holdning, til hvor dine k\u00f8berne kommer fra.. Men er det ogs\u00e5 helt korrekt ? Og hvad nu hvis du kan bevise overfor s\u00e6lger, at du rent faktisk ved det ?<\/p>\n\n\n\n<p>Og hvad nu n\u00e5r det pludselig koster 2 mio. kr., i stedet for 3 mio. kr. &#8211; B\u00f8r du s\u00e5 annoncere anderledes ?<\/p>\n\n\n\n<p>BusySunday har data fra 4 mio. handler, og via den data kan vi meget nemt fastsl\u00e5 hvor du som m\u00e6gler skal annoncere mod, for at der er st\u00f8rst sandsynlighed for at finde den helt rigtige k\u00f8ber. Kommer du med denne ekspertviden, s\u00e5 vil du \u00f8ge din kommirate markant.. <\/p>\n\n\n\n<p>For du er i \u00e5r den eneste m\u00e6gler i din by, som kan det. <\/p>\n\n\n\n<h3 class=\"wp-block-heading has-text-align-center\">Herunder kan du se en r\u00e6kke eksempler<\/h3>\n\n\n\n<figure class=\"wp-block-gallery has-nested-images columns-default is-cropped wp-block-gallery-1 is-layout-flex wp-block-gallery-is-layout-flex\">\n<figure class=\"wp-block-image size-large\"><a href=\"https:\/\/busysunday.dk\/wp-content\/uploads\/2023\/03\/11-1.png\" target=\"_blank\" rel=\"noreferrer noopener\"><img loading=\"lazy\" decoding=\"async\" width=\"864\" height=\"1024\" data-id=\"89972\" src=\"https:\/\/busysunday.dk\/wp-content\/uploads\/2023\/03\/11-1-864x1024.png\" alt=\"\" class=\"wp-image-89972\" srcset=\"https:\/\/shop.busysunday.dk\/wp-content\/uploads\/2023\/03\/11-1-864x1024.png 864w, https:\/\/shop.busysunday.dk\/wp-content\/uploads\/2023\/03\/11-1-405x480.png 405w, https:\/\/shop.busysunday.dk\/wp-content\/uploads\/2023\/03\/11-1-768x910.png 768w, https:\/\/shop.busysunday.dk\/wp-content\/uploads\/2023\/03\/11-1-750x889.png 750w, https:\/\/shop.busysunday.dk\/wp-content\/uploads\/2023\/03\/11-1.png 988w\" sizes=\"auto, (max-width: 864px) 100vw, 864px\" \/><\/a><\/figure>\n\n\n\n<figure class=\"wp-block-image size-large\"><a href=\"https:\/\/busysunday.dk\/wp-content\/uploads\/2023\/03\/12-1.png\" target=\"_blank\" rel=\"noreferrer noopener\"><img loading=\"lazy\" decoding=\"async\" width=\"950\" height=\"1024\" data-id=\"89971\" src=\"https:\/\/busysunday.dk\/wp-content\/uploads\/2023\/03\/12-1-950x1024.png\" alt=\"\" class=\"wp-image-89971\" srcset=\"https:\/\/shop.busysunday.dk\/wp-content\/uploads\/2023\/03\/12-1-950x1024.png 950w, https:\/\/shop.busysunday.dk\/wp-content\/uploads\/2023\/03\/12-1-445x480.png 445w, https:\/\/shop.busysunday.dk\/wp-content\/uploads\/2023\/03\/12-1-768x828.png 768w, https:\/\/shop.busysunday.dk\/wp-content\/uploads\/2023\/03\/12-1-750x809.png 750w, https:\/\/shop.busysunday.dk\/wp-content\/uploads\/2023\/03\/12-1.png 1088w\" sizes=\"auto, (max-width: 950px) 100vw, 950px\" \/><\/a><\/figure>\n\n\n\n<figure class=\"wp-block-image size-large\"><a href=\"https:\/\/busysunday.dk\/wp-content\/uploads\/2023\/03\/13-1.png\" target=\"_blank\" rel=\"noreferrer noopener\"><img loading=\"lazy\" decoding=\"async\" width=\"950\" height=\"1024\" data-id=\"89973\" src=\"https:\/\/busysunday.dk\/wp-content\/uploads\/2023\/03\/13-1-950x1024.png\" alt=\"\" class=\"wp-image-89973\" srcset=\"https:\/\/shop.busysunday.dk\/wp-content\/uploads\/2023\/03\/13-1-950x1024.png 950w, https:\/\/shop.busysunday.dk\/wp-content\/uploads\/2023\/03\/13-1-445x480.png 445w, https:\/\/shop.busysunday.dk\/wp-content\/uploads\/2023\/03\/13-1-768x828.png 768w, https:\/\/shop.busysunday.dk\/wp-content\/uploads\/2023\/03\/13-1-750x809.png 750w, https:\/\/shop.busysunday.dk\/wp-content\/uploads\/2023\/03\/13-1.png 1086w\" sizes=\"auto, (max-width: 950px) 100vw, 950px\" \/><\/a><\/figure>\n<\/figure>\n\n\n\n<p><\/p>\n\n\n\n<p class=\"has-text-align-center\">Eksempel p\u00e5 hvordan din markedsf\u00f8ring skal strikkes sammen<\/p>\n\n\n<div class=\"wp-block-image\">\n<figure class=\"aligncenter size-full\"><img loading=\"lazy\" decoding=\"async\" width=\"762\" height=\"242\" src=\"https:\/\/busysunday.dk\/wp-content\/uploads\/2023\/03\/Skaermbillede-2023-03-30-kl.-13.09.14.png\" alt=\"\" class=\"wp-image-89988\" srcset=\"https:\/\/shop.busysunday.dk\/wp-content\/uploads\/2023\/03\/Skaermbillede-2023-03-30-kl.-13.09.14.png 762w, https:\/\/shop.busysunday.dk\/wp-content\/uploads\/2023\/03\/Skaermbillede-2023-03-30-kl.-13.09.14-480x152.png 480w, https:\/\/shop.busysunday.dk\/wp-content\/uploads\/2023\/03\/Skaermbillede-2023-03-30-kl.-13.09.14-750x238.png 750w\" sizes=\"auto, (max-width: 762px) 100vw, 762px\" \/><\/figure>\n<\/div>\n\n\n<p>Og hvad s\u00e5 hvis du som m\u00e6gler zoomer ind, og viser et specifikt omr\u00e5de, s\u00e5 \u00e6ndres beregning igen. S\u00e5 din s\u00e6lger kan alts\u00e5 se at du har den data tilg\u00e6ngelig, som giver dem det bedste salg. <\/p>\n\n\n\n<p class=\"has-text-align-center\"><strong>Denne funktion er den der giver dig f\u00f8rerpositionen i netop din by. <\/strong><\/p>\n\n\n\n<a class=\"gb-button gb-button-6dad9013 gb-button-text\" href=\"https:\/\/busysunday.dk\/kontakt-os\/\"><strong>Book a demo<\/strong><\/a>","protected":false},"excerpt":{"rendered":"<p>Er du sommerhus m\u00e6gler ? S\u00e5 har du helt sikkert en klar holdning, til hvor dine k\u00f8berne kommer fra.. Men er det ogs\u00e5 helt korrekt ? Og hvad nu hvis du kan bevise overfor s\u00e6lger,<\/p>","protected":false},"author":4,"featured_media":0,"parent":0,"menu_order":0,"comment_status":"closed","ping_status":"closed","template":"","meta":{"_acf_changed":false,"footnotes":""},"class_list":["post-89963","page","type-page","status-publish"],"acf":[],"_links":{"self":[{"href":"https:\/\/shop.busysunday.dk\/en\/wp-json\/wp\/v2\/pages\/89963","targetHints":{"allow":["GET"]}}],"collection":[{"href":"https:\/\/shop.busysunday.dk\/en\/wp-json\/wp\/v2\/pages"}],"about":[{"href":"https:\/\/shop.busysunday.dk\/en\/wp-json\/wp\/v2\/types\/page"}],"author":[{"embeddable":true,"href":"https:\/\/shop.busysunday.dk\/en\/wp-json\/wp\/v2\/users\/4"}],"replies":[{"embeddable":true,"href":"https:\/\/shop.busysunday.dk\/en\/wp-json\/wp\/v2\/comments?post=89963"}],"version-history":[{"count":0,"href":"https:\/\/shop.busysunday.dk\/en\/wp-json\/wp\/v2\/pages\/89963\/revisions"}],"wp:attachment":[{"href":"https:\/\/shop.busysunday.dk\/en\/wp-json\/wp\/v2\/media?parent=89963"}],"curies":[{"name":"wp","href":"https:\/\/api.w.org\/{rel}","templated":true}]}}