{"id":89444,"date":"2023-03-26T16:18:25","date_gmt":"2023-03-26T14:18:25","guid":{"rendered":"https:\/\/busysunday.dk\/?page_id=89444"},"modified":"2024-03-05T09:55:44","modified_gmt":"2024-03-05T08:55:44","slug":"videoer","status":"publish","type":"page","link":"https:\/\/shop.busysunday.dk\/en\/videoer\/","title":{"rendered":"Welcome to the BusySunday video archive"},"content":{"rendered":"<p>Below you will find a series of videos which can make you even better in your use of BusySunday<\/p>\n\n\n\n<h4 class=\"gb-headline gb-headline-3c91cf0c gb-headline-text\"><strong>Se her hvor hurtigt du g\u00e5r fra din forberedelse, til at kunne tage s\u00e6lger med i vurderingen<\/strong><\/h4>\n\n\n<div class=\"gb-grid-wrapper gb-grid-wrapper-e402cd1a\">\n<div class=\"gb-grid-column gb-grid-column-bf93152c\"><div class=\"gb-container gb-container-bf93152c\">\n\n<h3 class=\"wp-block-heading\">Save a lot of time<\/h3>\n\n\n\n<figure class=\"wp-block-video\"><video height=\"720\" style=\"aspect-ratio: 1280 \/ 720;\" width=\"1280\" controls src=\"https:\/\/busysunday.dk\/wp-content\/uploads\/2023\/04\/Hvad-faar-du-ud-af-at-bruge-BusySunday-BusySunday.dk-25-April-2023.mp4\"><\/video><\/figure>\n\n<\/div><\/div>\n\n<div class=\"gb-grid-column gb-grid-column-354a8998\"><div class=\"gb-container gb-container-354a8998\">\n\n<h3 class=\"wp-block-heading\">Artificial intelligence !!<\/h3>\n\n\n\n<figure class=\"wp-block-video\"><video height=\"720\" style=\"aspect-ratio: 1280 \/ 720;\" width=\"1280\" controls src=\"https:\/\/busysunday.dk\/wp-content\/uploads\/2023\/04\/Busy-Sunday-App-17-April-2023.mp4\"><\/video><\/figure>\n\n<\/div><\/div>\n<\/div>","protected":false},"excerpt":{"rendered":"<p>Her under vil du finder en r\u00e6kke videoer, som kan g\u00f8re dig endnu bedre, i din brug af BusySunday Se her hvor hurtigt du g\u00e5r fra din forberedelse, til at kunne tage s\u00e6lger med i<\/p>","protected":false},"author":4,"featured_media":0,"parent":0,"menu_order":0,"comment_status":"closed","ping_status":"closed","template":"","meta":{"_acf_changed":false,"footnotes":""},"class_list":["post-89444","page","type-page","status-publish"],"acf":[],"_links":{"self":[{"href":"https:\/\/shop.busysunday.dk\/en\/wp-json\/wp\/v2\/pages\/89444","targetHints":{"allow":["GET"]}}],"collection":[{"href":"https:\/\/shop.busysunday.dk\/en\/wp-json\/wp\/v2\/pages"}],"about":[{"href":"https:\/\/shop.busysunday.dk\/en\/wp-json\/wp\/v2\/types\/page"}],"author":[{"embeddable":true,"href":"https:\/\/shop.busysunday.dk\/en\/wp-json\/wp\/v2\/users\/4"}],"replies":[{"embeddable":true,"href":"https:\/\/shop.busysunday.dk\/en\/wp-json\/wp\/v2\/comments?post=89444"}],"version-history":[{"count":0,"href":"https:\/\/shop.busysunday.dk\/en\/wp-json\/wp\/v2\/pages\/89444\/revisions"}],"wp:attachment":[{"href":"https:\/\/shop.busysunday.dk\/en\/wp-json\/wp\/v2\/media?parent=89444"}],"curies":[{"name":"wp","href":"https:\/\/api.w.org\/{rel}","templated":true}]}}