{"id":87502,"date":"2023-03-14T13:56:31","date_gmt":"2023-03-14T12:56:31","guid":{"rendered":"https:\/\/new.busysunday.dk\/?page_id=87502"},"modified":"2023-03-17T11:45:24","modified_gmt":"2023-03-17T10:45:24","slug":"koeberkartotek-2","status":"publish","type":"page","link":"https:\/\/shop.busysunday.dk\/en\/koeberkartotek-2\/","title":{"rendered":"Buyers"},"content":{"rendered":"<div class=\"gb-grid-wrapper gb-grid-wrapper-55ff7b51\">\n<div class=\"gb-grid-column gb-grid-column-6898bda0\"><div class=\"gb-container gb-container-6898bda0\">\n\n<h2 class=\"wp-block-heading\">The buyers<\/h2>\n\n\n\n<p>You all have your buyer lists, but how well do you display them. K is for buyer and \u00d8 is the wishes.<\/p>\n\n\n\n<p>Show the seller exactly where your buyers are looking, and that they are actually looking for the home the seller has. BusySunday's buyer directory contains more data than other directories. All the buyers must have defined<\/p>\n\n\n\n<ul class=\"wp-block-list\">\n<li>Where exactly the buyer want\u00b4s to live<\/li>\n\n\n\n<li>Are the buyer approved by bank etc. ?<\/li>\n\n\n\n<li>Where do the buyer live today, do they need to sell another home before buying, and how far are they in they eventual salesproces<\/li>\n<\/ul>\n\n<\/div><\/div>\n\n<div class=\"gb-grid-column gb-grid-column-1818883e\"><div class=\"gb-container gb-container-1818883e\">\n\n<figure class=\"wp-block-image size-large\"><img loading=\"lazy\" decoding=\"async\" width=\"1024\" height=\"768\" src=\"https:\/\/busysunday.dk\/wp-content\/uploads\/2023\/03\/imac-and-ipad-mockup-in-portrait-position-over-a-null-background-a12317-1024x768.png\" alt=\"\" class=\"wp-image-87378\" srcset=\"https:\/\/shop.busysunday.dk\/wp-content\/uploads\/2023\/03\/imac-and-ipad-mockup-in-portrait-position-over-a-null-background-a12317-1024x768.png 1024w, https:\/\/shop.busysunday.dk\/wp-content\/uploads\/2023\/03\/imac-and-ipad-mockup-in-portrait-position-over-a-null-background-a12317-480x360.png 480w, https:\/\/shop.busysunday.dk\/wp-content\/uploads\/2023\/03\/imac-and-ipad-mockup-in-portrait-position-over-a-null-background-a12317-768x576.png 768w, https:\/\/shop.busysunday.dk\/wp-content\/uploads\/2023\/03\/imac-and-ipad-mockup-in-portrait-position-over-a-null-background-a12317-1536x1152.png 1536w, https:\/\/shop.busysunday.dk\/wp-content\/uploads\/2023\/03\/imac-and-ipad-mockup-in-portrait-position-over-a-null-background-a12317-2048x1536.png 2048w, https:\/\/shop.busysunday.dk\/wp-content\/uploads\/2023\/03\/imac-and-ipad-mockup-in-portrait-position-over-a-null-background-a12317-750x563.png 750w\" sizes=\"auto, (max-width: 1024px) 100vw, 1024px\" \/><\/figure>\n\n<\/div><\/div>\n<\/div>\n\n<div class=\"gb-grid-wrapper gb-grid-wrapper-19391d4e\">\n<div class=\"gb-grid-column gb-grid-column-b86d8f65\"><div class=\"gb-container gb-container-b86d8f65\">\n\n<figure class=\"wp-block-image size-large\"><img decoding=\"async\" src=\"https:\/\/busysunday.dk\/wp-content\/uploads\/2023\/03\/ipad-pro-mockup-in-portrait-position-2-768x1024.png\" alt=\"\" class=\"wp-image-87524\"\/><\/figure>\n\n<\/div><\/div>\n\n<div class=\"gb-grid-column gb-grid-column-860eb65d\"><div class=\"gb-container gb-container-860eb65d\">\n\n<h2 class=\"wp-block-heading\">K\u00f8berne kommer i salgsplanen<\/h2>\n\n\n\n<p>N\u00e5r I har gennemg\u00e5et hvilke k\u00f8bere som matcher s\u00e6lgers bolig, s\u00e5 vil de automatisk blive transporteret over i salgsplaben.<\/p>\n\n\n\n<p>Dvs. du kan gennemg\u00e5 planen endnu en gang, og v\u00e6re konkret med hvorn\u00e5r du vil tage fat i dine h\u00f8jaktuelle k\u00f8bere<\/p>\n\n<\/div><\/div>\n<\/div>","protected":false},"excerpt":{"rendered":"","protected":false},"author":4,"featured_media":0,"parent":0,"menu_order":0,"comment_status":"closed","ping_status":"closed","template":"","meta":{"_acf_changed":false,"footnotes":""},"class_list":["post-87502","page","type-page","status-publish"],"acf":[],"_links":{"self":[{"href":"https:\/\/shop.busysunday.dk\/en\/wp-json\/wp\/v2\/pages\/87502","targetHints":{"allow":["GET"]}}],"collection":[{"href":"https:\/\/shop.busysunday.dk\/en\/wp-json\/wp\/v2\/pages"}],"about":[{"href":"https:\/\/shop.busysunday.dk\/en\/wp-json\/wp\/v2\/types\/page"}],"author":[{"embeddable":true,"href":"https:\/\/shop.busysunday.dk\/en\/wp-json\/wp\/v2\/users\/4"}],"replies":[{"embeddable":true,"href":"https:\/\/shop.busysunday.dk\/en\/wp-json\/wp\/v2\/comments?post=87502"}],"version-history":[{"count":0,"href":"https:\/\/shop.busysunday.dk\/en\/wp-json\/wp\/v2\/pages\/87502\/revisions"}],"wp:attachment":[{"href":"https:\/\/shop.busysunday.dk\/en\/wp-json\/wp\/v2\/media?parent=87502"}],"curies":[{"name":"wp","href":"https:\/\/api.w.org\/{rel}","templated":true}]}}