{"id":87500,"date":"2023-03-14T13:55:49","date_gmt":"2023-03-14T12:55:49","guid":{"rendered":"https:\/\/new.busysunday.dk\/?page_id=87500"},"modified":"2023-03-14T14:10:29","modified_gmt":"2023-03-14T13:10:29","slug":"salgsplan-2","status":"publish","type":"page","link":"https:\/\/shop.busysunday.dk\/en\/salgsplan-2\/","title":{"rendered":"Salesplan"},"content":{"rendered":"<div class=\"gb-grid-wrapper gb-grid-wrapper-e7845cbd\">\n<div class=\"gb-grid-column gb-grid-column-35b607a7\"><div class=\"gb-container gb-container-35b607a7\">\n\n<figure class=\"wp-block-image size-large\"><img loading=\"lazy\" decoding=\"async\" width=\"1024\" height=\"768\" src=\"https:\/\/busysunday.dk\/wp-content\/uploads\/2023\/03\/mockup-of-four-ipad-pro-devices-levitating-together-1018-el-1-1024x768.png\" alt=\"\" class=\"wp-image-87364\" srcset=\"https:\/\/shop.busysunday.dk\/wp-content\/uploads\/2023\/03\/mockup-of-four-ipad-pro-devices-levitating-together-1018-el-1-1024x768.png 1024w, https:\/\/shop.busysunday.dk\/wp-content\/uploads\/2023\/03\/mockup-of-four-ipad-pro-devices-levitating-together-1018-el-1-480x360.png 480w, https:\/\/shop.busysunday.dk\/wp-content\/uploads\/2023\/03\/mockup-of-four-ipad-pro-devices-levitating-together-1018-el-1-768x576.png 768w, https:\/\/shop.busysunday.dk\/wp-content\/uploads\/2023\/03\/mockup-of-four-ipad-pro-devices-levitating-together-1018-el-1-1536x1152.png 1536w, https:\/\/shop.busysunday.dk\/wp-content\/uploads\/2023\/03\/mockup-of-four-ipad-pro-devices-levitating-together-1018-el-1-750x563.png 750w, https:\/\/shop.busysunday.dk\/wp-content\/uploads\/2023\/03\/mockup-of-four-ipad-pro-devices-levitating-together-1018-el-1.png 1920w\" sizes=\"auto, (max-width: 1024px) 100vw, 1024px\" \/><\/figure>\n\n<\/div><\/div>\n\n<div class=\"gb-grid-column gb-grid-column-21f5c1d6\"><div class=\"gb-container gb-container-21f5c1d6\">\n\n<h2 class=\"wp-block-heading\">The salesplan<\/h2>\n\n\n\n<p>Think about if a sales plan is generated, at the same time you are sitting and getting partial acceptances from the seller?<\/p>\n\n\n\n<p>Det er nu muligt. Alt det I gennemg\u00e5r, gemmes l\u00f8bende, og overf\u00f8res over til en salgsplan \u2013 som er \u201cstylet\u201d med dine \u201cfarver og logoer\u201d<\/p>\n\n\n\n<p>All ready to be emailed to the seller immediately!!<\/p>\n\n<\/div><\/div>\n<\/div>","protected":false},"excerpt":{"rendered":"","protected":false},"author":4,"featured_media":87364,"parent":0,"menu_order":0,"comment_status":"closed","ping_status":"closed","template":"","meta":{"_acf_changed":false,"footnotes":""},"class_list":["post-87500","page","type-page","status-publish","has-post-thumbnail"],"acf":[],"_links":{"self":[{"href":"https:\/\/shop.busysunday.dk\/en\/wp-json\/wp\/v2\/pages\/87500","targetHints":{"allow":["GET"]}}],"collection":[{"href":"https:\/\/shop.busysunday.dk\/en\/wp-json\/wp\/v2\/pages"}],"about":[{"href":"https:\/\/shop.busysunday.dk\/en\/wp-json\/wp\/v2\/types\/page"}],"author":[{"embeddable":true,"href":"https:\/\/shop.busysunday.dk\/en\/wp-json\/wp\/v2\/users\/4"}],"replies":[{"embeddable":true,"href":"https:\/\/shop.busysunday.dk\/en\/wp-json\/wp\/v2\/comments?post=87500"}],"version-history":[{"count":0,"href":"https:\/\/shop.busysunday.dk\/en\/wp-json\/wp\/v2\/pages\/87500\/revisions"}],"wp:featuredmedia":[{"embeddable":true,"href":"https:\/\/shop.busysunday.dk\/en\/wp-json\/wp\/v2\/media\/87364"}],"wp:attachment":[{"href":"https:\/\/shop.busysunday.dk\/en\/wp-json\/wp\/v2\/media?parent=87500"}],"curies":[{"name":"wp","href":"https:\/\/api.w.org\/{rel}","templated":true}]}}