{"id":87497,"date":"2023-03-14T13:55:09","date_gmt":"2023-03-14T12:55:09","guid":{"rendered":"https:\/\/new.busysunday.dk\/?page_id=87497"},"modified":"2023-03-14T14:22:23","modified_gmt":"2023-03-14T13:22:23","slug":"markedsfoering-2","status":"publish","type":"page","link":"https:\/\/shop.busysunday.dk\/en\/markedsfoering-2\/","title":{"rendered":"Marketing"},"content":{"rendered":"<div class=\"gb-grid-wrapper gb-grid-wrapper-0e1f26a7\">\n<div class=\"gb-grid-column gb-grid-column-c819ab3d\"><div class=\"gb-container gb-container-c819ab3d\">\n\n<h2 class=\"wp-block-heading\">Hvor kommer k\u00f8berne fra?<\/h2>\n\n\n\n<p>The most agents er convinced that they know exactly, where to find the buyers. Using BusySunday, you will know for sure where to find them, regardless of which type om home, place or price<\/p>\n\n\n\n<p>Du kan vise s\u00e6lger pr\u00e6cis, hvad der sker med &#8220;k\u00f8berplaceringerne&#8221;, n\u00e5r man \u00e6ndrer p\u00e5 prisen p\u00e5 den bolig du er ude p\u00e5. <\/p>\n\n\n\n<p>Ud over det s\u00e5 er her en glimrende mulighed for at gennemg\u00e5 hvordan du vil markedsf\u00f8re boligen, og hvad du anbefaler s\u00e6lger at k\u00f8be af markedsf\u00f8ringspakker.<\/p>\n\n<\/div><\/div>\n\n<div class=\"gb-grid-column gb-grid-column-f6af8029\"><div class=\"gb-container gb-container-f6af8029\">\n\n<figure class=\"wp-block-image size-large\"><img loading=\"lazy\" decoding=\"async\" width=\"768\" height=\"1024\" src=\"https:\/\/busysunday.dk\/wp-content\/uploads\/2023\/03\/ipad-pro-mockup-in-portrait-position-23622-1-768x1024.png\" alt=\"\" class=\"wp-image-87521\" srcset=\"https:\/\/shop.busysunday.dk\/wp-content\/uploads\/2023\/03\/ipad-pro-mockup-in-portrait-position-23622-1-768x1024.png 768w, https:\/\/shop.busysunday.dk\/wp-content\/uploads\/2023\/03\/ipad-pro-mockup-in-portrait-position-23622-1-360x480.png 360w, https:\/\/shop.busysunday.dk\/wp-content\/uploads\/2023\/03\/ipad-pro-mockup-in-portrait-position-23622-1-1152x1536.png 1152w, https:\/\/shop.busysunday.dk\/wp-content\/uploads\/2023\/03\/ipad-pro-mockup-in-portrait-position-23622-1-750x1000.png 750w, https:\/\/shop.busysunday.dk\/wp-content\/uploads\/2023\/03\/ipad-pro-mockup-in-portrait-position-23622-1.png 1440w\" sizes=\"auto, (max-width: 768px) 100vw, 768px\" \/><\/figure>\n\n<\/div><\/div>\n<\/div>","protected":false},"excerpt":{"rendered":"","protected":false},"author":4,"featured_media":87521,"parent":0,"menu_order":0,"comment_status":"closed","ping_status":"closed","template":"","meta":{"_acf_changed":false,"footnotes":""},"class_list":["post-87497","page","type-page","status-publish","has-post-thumbnail"],"acf":[],"_links":{"self":[{"href":"https:\/\/shop.busysunday.dk\/en\/wp-json\/wp\/v2\/pages\/87497","targetHints":{"allow":["GET"]}}],"collection":[{"href":"https:\/\/shop.busysunday.dk\/en\/wp-json\/wp\/v2\/pages"}],"about":[{"href":"https:\/\/shop.busysunday.dk\/en\/wp-json\/wp\/v2\/types\/page"}],"author":[{"embeddable":true,"href":"https:\/\/shop.busysunday.dk\/en\/wp-json\/wp\/v2\/users\/4"}],"replies":[{"embeddable":true,"href":"https:\/\/shop.busysunday.dk\/en\/wp-json\/wp\/v2\/comments?post=87497"}],"version-history":[{"count":0,"href":"https:\/\/shop.busysunday.dk\/en\/wp-json\/wp\/v2\/pages\/87497\/revisions"}],"wp:featuredmedia":[{"embeddable":true,"href":"https:\/\/shop.busysunday.dk\/en\/wp-json\/wp\/v2\/media\/87521"}],"wp:attachment":[{"href":"https:\/\/shop.busysunday.dk\/en\/wp-json\/wp\/v2\/media?parent=87497"}],"curies":[{"name":"wp","href":"https:\/\/api.w.org\/{rel}","templated":true}]}}