{"id":87492,"date":"2023-03-14T13:51:21","date_gmt":"2023-03-14T12:51:21","guid":{"rendered":"https:\/\/new.busysunday.dk\/?page_id=87492"},"modified":"2023-03-27T14:27:05","modified_gmt":"2023-03-27T12:27:05","slug":"big-data-2","status":"publish","type":"page","link":"https:\/\/shop.busysunday.dk\/en\/big-data-2\/","title":{"rendered":"Big data"},"content":{"rendered":"<div class=\"gb-grid-wrapper gb-grid-wrapper-0fde3e26\">\n<div class=\"gb-grid-column gb-grid-column-70bdf85c\"><div class=\"gb-container gb-container-70bdf85c\">\n\n<figure class=\"wp-block-image size-large\"><img loading=\"lazy\" decoding=\"async\" width=\"1024\" height=\"750\" src=\"https:\/\/busysunday.dk\/wp-content\/uploads\/2023\/03\/mockup-of-an-ipad-pro-against-a-transparent-background-23618-e1678789008794-1024x750.png\" alt=\"\" class=\"wp-image-87357\" srcset=\"https:\/\/shop.busysunday.dk\/wp-content\/uploads\/2023\/03\/mockup-of-an-ipad-pro-against-a-transparent-background-23618-e1678789008794-1024x750.png 1024w, https:\/\/shop.busysunday.dk\/wp-content\/uploads\/2023\/03\/mockup-of-an-ipad-pro-against-a-transparent-background-23618-e1678789008794-480x351.png 480w, https:\/\/shop.busysunday.dk\/wp-content\/uploads\/2023\/03\/mockup-of-an-ipad-pro-against-a-transparent-background-23618-e1678789008794-768x562.png 768w, https:\/\/shop.busysunday.dk\/wp-content\/uploads\/2023\/03\/mockup-of-an-ipad-pro-against-a-transparent-background-23618-e1678789008794-750x549.png 750w, https:\/\/shop.busysunday.dk\/wp-content\/uploads\/2023\/03\/mockup-of-an-ipad-pro-against-a-transparent-background-23618-e1678789008794.png 1377w\" sizes=\"auto, (max-width: 1024px) 100vw, 1024px\" \/><\/figure>\n\n<\/div><\/div>\n\n<div class=\"gb-grid-column gb-grid-column-619199b4\"><div class=\"gb-container gb-container-619199b4\">\n\n<h2 class=\"wp-block-heading\">4 mio. bolighandler i din h\u00e5nd<\/h2>\n\n\n\n<p>Sammen med s\u00e6lger, s\u00e5 kan du nemt og overskueligt vise hvordan markedet er, netop lige i s\u00e6lgers \u201cbaghave\u201d<\/p>\n\n\n\n<p>Together with the seller, you will find the reference homes that are similar to the seller's, and based on them an assessment is formed, which can then be adjusted in relation to condition etc.<\/p>\n\n\n\n<p>At the same time, you review the marketing plan based on buyer data. You can show exactly where the buyers are coming from, exactly to the seller's residence.<\/p>\n\n<\/div><\/div>\n<\/div>","protected":false},"excerpt":{"rendered":"","protected":false},"author":4,"featured_media":0,"parent":0,"menu_order":0,"comment_status":"closed","ping_status":"closed","template":"","meta":{"_acf_changed":false,"footnotes":""},"class_list":["post-87492","page","type-page","status-publish"],"acf":[],"_links":{"self":[{"href":"https:\/\/shop.busysunday.dk\/en\/wp-json\/wp\/v2\/pages\/87492","targetHints":{"allow":["GET"]}}],"collection":[{"href":"https:\/\/shop.busysunday.dk\/en\/wp-json\/wp\/v2\/pages"}],"about":[{"href":"https:\/\/shop.busysunday.dk\/en\/wp-json\/wp\/v2\/types\/page"}],"author":[{"embeddable":true,"href":"https:\/\/shop.busysunday.dk\/en\/wp-json\/wp\/v2\/users\/4"}],"replies":[{"embeddable":true,"href":"https:\/\/shop.busysunday.dk\/en\/wp-json\/wp\/v2\/comments?post=87492"}],"version-history":[{"count":0,"href":"https:\/\/shop.busysunday.dk\/en\/wp-json\/wp\/v2\/pages\/87492\/revisions"}],"wp:attachment":[{"href":"https:\/\/shop.busysunday.dk\/en\/wp-json\/wp\/v2\/media?parent=87492"}],"curies":[{"name":"wp","href":"https:\/\/api.w.org\/{rel}","templated":true}]}}