{"id":87320,"date":"2023-03-13T14:55:01","date_gmt":"2023-03-13T13:55:01","guid":{"rendered":"https:\/\/new.busysunday.dk\/?page_id=87320"},"modified":"2023-03-14T08:27:24","modified_gmt":"2023-03-14T07:27:24","slug":"services-2","status":"publish","type":"page","link":"https:\/\/shop.busysunday.dk\/en\/services-2\/","title":{"rendered":"Services"},"content":{"rendered":"<p>BusySunday er mere end bare et online v\u00e6rkt\u00f8j. Det er en m\u00e5de at arbejde p\u00e5. En m\u00e5de at spare tid, penge samtidig med du \u00f8ger tilliden til dig som m\u00e6gler. <\/p>\n\n\n\n<h3 class=\"wp-block-heading\">Tag kunden med<\/h3>\n\n\n\n<p>Lav vurderingen sammen med s\u00e6lger, ude hos s\u00e6lger og f\u00e5 l\u00f8bende delaccepter. BusySunday ligger i skyen, s\u00e5 du nemt har adgang overalt.<\/p>\n\n\n\n<h3 class=\"wp-block-heading\">K\u00f8berdata<\/h3>\n\n\n\n<p>Med BusySunday, s\u00e5 har du adgang til info om hvem dine k\u00f8bere er, hvor de skal findes og hvem du har p\u00e5 &#8220;lager&#8221; &#8211; som <em>pr\u00e6cis<\/em> matcher<\/p>\n\n\n\n<h3 class=\"wp-block-heading\">Der er forskel<\/h3>\n\n\n\n<p>Vi s\u00f8rger for at du bliver husket ved at du skiller dig ud. Efterlad den salgsplan du sammen med s\u00e6lger har lavet, og du \u00f8ger din lukkerate.<\/p>\n\n\n\n<h3 class=\"wp-block-heading\">Hurtig forberedelse<\/h3>\n\n\n\n<p>N\u00e5r du kender BusySunday, s\u00e5 kan du lave en vurdering p\u00e5 ca. 4 minutter, inkl. at have lavet en l\u00e6kker salgsplan.. 4 minutter tager det!<\/p>","protected":false},"excerpt":{"rendered":"<p>BusySunday er mere end bare et online v\u00e6rkt\u00f8j. Det er en m\u00e5de at arbejde p\u00e5. En m\u00e5de at spare tid, penge samtidig med du \u00f8ger tilliden til dig som m\u00e6gler. Tag kunden med Lav vurderingen<\/p>","protected":false},"author":4,"featured_media":0,"parent":0,"menu_order":0,"comment_status":"closed","ping_status":"closed","template":"","meta":{"_acf_changed":false,"footnotes":""},"class_list":["post-87320","page","type-page","status-publish"],"acf":[],"_links":{"self":[{"href":"https:\/\/shop.busysunday.dk\/en\/wp-json\/wp\/v2\/pages\/87320","targetHints":{"allow":["GET"]}}],"collection":[{"href":"https:\/\/shop.busysunday.dk\/en\/wp-json\/wp\/v2\/pages"}],"about":[{"href":"https:\/\/shop.busysunday.dk\/en\/wp-json\/wp\/v2\/types\/page"}],"author":[{"embeddable":true,"href":"https:\/\/shop.busysunday.dk\/en\/wp-json\/wp\/v2\/users\/4"}],"replies":[{"embeddable":true,"href":"https:\/\/shop.busysunday.dk\/en\/wp-json\/wp\/v2\/comments?post=87320"}],"version-history":[{"count":0,"href":"https:\/\/shop.busysunday.dk\/en\/wp-json\/wp\/v2\/pages\/87320\/revisions"}],"wp:attachment":[{"href":"https:\/\/shop.busysunday.dk\/en\/wp-json\/wp\/v2\/media?parent=87320"}],"curies":[{"name":"wp","href":"https:\/\/api.w.org\/{rel}","templated":true}]}}