{"id":76701,"date":"2023-01-29T16:30:54","date_gmt":"2023-01-29T15:30:54","guid":{"rendered":"https:\/\/busysunday.dk\/?page_id=76701"},"modified":"2023-01-30T10:10:50","modified_gmt":"2023-01-30T09:10:50","slug":"salgsplan","status":"publish","type":"page","link":"https:\/\/shop.busysunday.dk\/en\/salgsplan\/","title":{"rendered":"Salesplan"},"content":{"rendered":"<p>Slut med \u00e5ndsvage h\u00f8je vurderinger!!<\/p>\n\n\n\n<h2 class=\"wp-block-heading\">Slut med for h\u00f8je vurderinger<\/h2>\n\n\n\n<p>T\u00e6nk p\u00e5 hvis du sammen med din s\u00e6lger kan blive enige om hvilke boliger, der ligner \/ matcher den du er ude at vurdere nu.<\/p>\n\n\n\n<p><strong>Med BusySunday s\u00e5 g\u00f8r du f\u00f8lgende, efter du har set boligen<\/strong><\/p>\n\n\n\n<ul class=\"wp-block-list\">\n<li>Sammen med s\u00e6lger indtastet adressen<\/li>\n\n\n\n<li>I ser sammen p\u00e5 lignende boliger som tidligere er solgt, som s\u00e6lger mener matcher deres bolig<\/li>\n\n\n\n<li>I ser sammen p\u00e5 lignende boliger som er til salg.<\/li>\n<\/ul>\n\n\n\n<p>N\u00e5r I sammen er blevet enig, s\u00e5 dannes en salgsplan, som du s\u00e5 gennemg\u00e5r med s\u00e6lger, for at bekr\u00e6fte det I lige har gennemg\u00e5et. Se herunder<br>Og s\u00e6tter den endelige pris, ift. den stand boligen er, med input fra dig og s\u00e6lger.<\/p>\n\n\n\n<p>S\u00e5 er der ingen tvivl ift. din priss\u00e6tning der laves, stemmer overens med s\u00e6lgers forventning.<br>Dine konkurrerende m\u00e6glervenner i byen kan s\u00e5 smide lige s\u00e5 h\u00f8j pris de vil, og det salgsargument virker s\u00e5 ikke l\u00e6ngere, da s\u00e6lger nu her f\u00e5r bevis for at du stiller den rigtige pris.<\/p>\n\n\n\n<p><em>Sagsplan laves automatisk, med dine farver, adresse og logo.<\/em><br>Pt. tager vi kun ud med 1 m\u00e6gler fra hvert postnummer.<\/p>\n\n\n\n<div data-wp-interactive=\"core\/file\" class=\"wp-block-file\"><object data-wp-bind--hidden=\"!state.hasPdfPreview\" hidden class=\"wp-block-file__embed\" data=\"https:\/\/busysunday.dk\/wp-content\/uploads\/2023\/01\/Roed-salgsplan.pdf\" type=\"application\/pdf\" style=\"width:100%;height:720px\" aria-label=\"Embed of Roed-salgsplan.\"><\/object><a id=\"wp-block-file--media-8029fc2b-9beb-40f5-866d-0a15a2fbd938\" href=\"https:\/\/busysunday.dk\/wp-content\/uploads\/2023\/01\/Roed-salgsplan.pdf\">Roed-salgsplan<\/a><a href=\"https:\/\/busysunday.dk\/wp-content\/uploads\/2023\/01\/Roed-salgsplan.pdf\" class=\"wp-block-file__button wp-element-button\" download aria-describedby=\"wp-block-file--media-8029fc2b-9beb-40f5-866d-0a15a2fbd938\">Download<\/a><\/div>\n\n\n\n<div data-wp-interactive=\"core\/file\" class=\"wp-block-file\"><object data-wp-bind--hidden=\"!state.hasPdfPreview\" hidden class=\"wp-block-file__embed\" data=\"https:\/\/busysunday.dk\/wp-content\/uploads\/2023\/01\/Blaa-salgsplan.pdf\" type=\"application\/pdf\" style=\"width:100%;height:720px\" aria-label=\"Embed of Blaa-salgsplan.\"><\/object><a id=\"wp-block-file--media-fca79216-32ae-4ee1-b897-74f3b0159434\" href=\"https:\/\/busysunday.dk\/wp-content\/uploads\/2023\/01\/Blaa-salgsplan.pdf\">Blaa-salgsplan<\/a><a href=\"https:\/\/busysunday.dk\/wp-content\/uploads\/2023\/01\/Blaa-salgsplan.pdf\" class=\"wp-block-file__button wp-element-button\" download aria-describedby=\"wp-block-file--media-fca79216-32ae-4ee1-b897-74f3b0159434\">Download<\/a><\/div>","protected":false},"excerpt":{"rendered":"<p>Slut med \u00e5ndsvage h\u00f8je vurderinger!! Slut med for h\u00f8je vurderinger T\u00e6nk p\u00e5 hvis du sammen med din s\u00e6lger kan blive enige om hvilke boliger, der ligner \/ matcher den du er ude at vurdere nu.<\/p>","protected":false},"author":4,"featured_media":76705,"parent":0,"menu_order":0,"comment_status":"closed","ping_status":"closed","template":"","meta":{"_acf_changed":false,"footnotes":""},"class_list":["post-76701","page","type-page","status-publish","has-post-thumbnail"],"acf":[],"_links":{"self":[{"href":"https:\/\/shop.busysunday.dk\/en\/wp-json\/wp\/v2\/pages\/76701","targetHints":{"allow":["GET"]}}],"collection":[{"href":"https:\/\/shop.busysunday.dk\/en\/wp-json\/wp\/v2\/pages"}],"about":[{"href":"https:\/\/shop.busysunday.dk\/en\/wp-json\/wp\/v2\/types\/page"}],"author":[{"embeddable":true,"href":"https:\/\/shop.busysunday.dk\/en\/wp-json\/wp\/v2\/users\/4"}],"replies":[{"embeddable":true,"href":"https:\/\/shop.busysunday.dk\/en\/wp-json\/wp\/v2\/comments?post=76701"}],"version-history":[{"count":0,"href":"https:\/\/shop.busysunday.dk\/en\/wp-json\/wp\/v2\/pages\/76701\/revisions"}],"wp:featuredmedia":[{"embeddable":true,"href":"https:\/\/shop.busysunday.dk\/en\/wp-json\/wp\/v2\/media\/76705"}],"wp:attachment":[{"href":"https:\/\/shop.busysunday.dk\/en\/wp-json\/wp\/v2\/media?parent=76701"}],"curies":[{"name":"wp","href":"https:\/\/api.w.org\/{rel}","templated":true}]}}