{"id":258573,"date":"2024-06-17T13:06:10","date_gmt":"2024-06-17T11:06:10","guid":{"rendered":"https:\/\/busysunday.dk\/?page_id=258573"},"modified":"2024-06-17T13:06:11","modified_gmt":"2024-06-17T11:06:11","slug":"handelsbetingelser","status":"publish","type":"page","link":"https:\/\/shop.busysunday.dk\/en\/handelsbetingelser\/","title":{"rendered":"Handelsbetingelser"},"content":{"rendered":"<h1 class=\"wp-block-heading\">Handelsbetingelser for BusySunday ApS<\/h1>\n\n\n\n<p>BusySunday ApS<br>Bernstorffsvej 123<br>Dk2900 Hellerup, Denmark<br>TLF:&nbsp;<a href=\"tel:+4526741448\" target=\"_blank\" rel=\"noreferrer noopener\">+4526741448<\/a><br>CVR: 43506366<\/p>\n\n\n\n<h2 class=\"wp-block-heading\">Generelt<\/h2>\n\n\n\n<p>BusySunday ApS stiller et abonnement baseret online tjeneste til r\u00e5dighed p\u00e5&nbsp;<a href=\"https:\/\/busysunday.dk\/\" target=\"_blank\" rel=\"noreferrer noopener\">https:\/\/busysunday.dk<\/a>. Vilk\u00e5rene er g\u00e6ldende mellem den enkelte bruger og BusySunday ApS.<\/p>\n\n\n\n<p>Disse vilk\u00e5r og betingelser for brug g\u00e6lder for aftaler mellem BusySunday ApS og \u00e9n fysisk person (herefter \u201cBrugeren\u201d) vedr\u00f8rende Tjenesten. Kun personer, der er 18 \u00e5r eller \u00e6ldre og bor i Danmark, kan indg\u00e5 en aftale med BusySunday ApS vedr\u00f8rende Tjenesten.<\/p>\n\n\n\n<p>Disse Betingelser udg\u00f8r samlet den aftale, der er g\u00e6ldende mellem Brugeren og BusySunday ApS.&nbsp;<\/p>\n\n\n\n<p>For at f\u00e5 adgang til Tjenesten, skal Brugeren l\u00e6se og acceptere handelsbetingelserne.<\/p>\n\n\n\n<h2 class=\"wp-block-heading\">Ydelsens omfang<\/h2>\n\n\n\n<p>Tjenesten giver Brugeren adgang til BusySunday ApS&#8217;s tjenester bestemt ved bestilling.<\/p>\n\n\n\n<h2 class=\"wp-block-heading\">Adgang til tjenesten<\/h2>\n\n\n\n<p>Brugeren skal for at f\u00e5 adgang til Tjenesten registrere en brugerkonto p\u00e5 portalen.<\/p>\n\n\n\n<h2 class=\"wp-block-heading\">Registrering og brugeradgang<\/h2>\n\n\n\n<p>Brugeren er ansvarlig for at sikre, at de angivne oplysninger er korrekte p\u00e5 registreringstidspunktet. Ved registrering m\u00e5 Brugeren kun give oplysninger vedr\u00f8rende egne betalings- og kreditkort.<\/p>\n\n\n\n<p>Ved registrering skal Brugeren angive et brugernavn og et password (herefter \u201cLogin Oplysninger\u201d). Brugerens Login Oplysninger er personlige og m\u00e5 ikke bruges af andre med mindre andet er anf\u00f8rt p\u00e5 produktet.<\/p>\n\n\n\n<p>Brugeren skal opbevare Login Oplysningerne p\u00e5 et sikkert sted, s\u00e5ledes at andre ikke kan f\u00e5 uberettiget adgang til dem. Brugeren er ansvarlig for al brug af sin brugerkonto.<\/p>\n\n\n\n<p>Hvis Brugeren f\u00e5r mistanke om ulovlig brug af Brugerens Login Oplysninger, skal Brugeren omg\u00e5ende underrette BusySunday ApS samt \u00e6ndre sit password.<\/p>\n\n\n\n<h2 class=\"wp-block-heading\">Gebyrer og Betaling<\/h2>\n\n\n\n<p>Gebyrer for brug af Tjenesten skal betales i henhold til den til enhver tid g\u00e6ldende prisliste, der er tilg\u00e6ngelig p\u00e5 hjemmesiden.<\/p>\n\n\n\n<p>Betaling for abonnementet sker forud hver m\u00e5ned.<\/p>\n\n\n\n<p>Brugeren skal udf\u00f8re betalingen for abonnementet via de af BusySunday ApS tilbudte betalingsmidler p\u00e5 hjemmesiden. Brugeren forpligter sig til at underskrive de n\u00f8dvendige dokumenter, og til ved hver betalingsdato at have tilstr\u00e6kkelige midler til betaling tilg\u00e6ngelige via det valgte betalingsmiddel.<\/p>\n\n\n\n<h2 class=\"wp-block-heading\">Tilpasninger og \u00e6ndringer<\/h2>\n\n\n\n<p>BusySunday ApS forbeholder sig retten til at \u00e6ndre gebyret og andre betingelser for Tjenesten. \u00c6ndringen skal meddeles til Brugeren senest tredive (30) dage inden \u00e6ndringen tr\u00e6der i kraft. I tilf\u00e6lde af s\u00e5danne \u00e6ndringer er Brugeren berettiget til at opsige abonnementet med virkning fra den dag, hvor \u00e6ndringen tr\u00e6der i kraft. Hvis Brugeren ikke opsiger abonnementet f\u00f8r \u00e6ndringen tr\u00e6der i kraft, skal det betragtes som accept af \u00e6ndringen. \u00c6ndringer, der er til \u00e5benbar fordel for Brugeren, g\u00e6lder med det samme uden opsigelsesret for Brugeren.<\/p>\n\n\n\n<h2 class=\"wp-block-heading\">Opsigelse af abonnement<\/h2>\n\n\n\n<p>Opsigelse af Tjenesten kan ske ved udgang af betalings-perioden p\u00e5 1 m\u00e5ned fra seneste betaling. For at opsige sin aftale skal man bruge det, p\u00e5 forsiden, angivede link<br>eller kontakte BusySunday ApS via&nbsp;<a href=\"mailto:info@busysunday.dk\" target=\"_blank\" rel=\"noreferrer noopener\">info@busysunday.dk<\/a><\/p>\n\n\n\n<h2 class=\"wp-block-heading\">Betaling<\/h2>\n\n\n\n<p>BusySunday ApS modtager online betalinger med Dankort, Visa\/Dankort, Mastercard.&nbsp;<\/p>\n\n\n\n<p>Betaling vil f\u00f8rst blive trukket p\u00e5 din konto, n\u00e5r den fysiske vare afsendes eller det virtuelle produkt er oprettet med mindre andet er aftalt eller fremg\u00e5r af din ordre.<\/p>\n\n\n\n<p>Reservation af bel\u00f8b<\/p>\n\n\n\n<p>Ved anvendelse af betalingskort, debit s\u00e5vel som kredit, sker en reservation af det bel\u00f8b der handles for. Dette bel\u00f8b er reserveret indtil webshoppen, har behandlet og afsendt din ordre. N\u00e5r ordren er afsendt, h\u00e6ves pengene p\u00e5 kontoen. Reservationstiden afh\u00e6nger af produktet\/ydelsen.<\/p>\n\n\n\n<p>Autorisering p\u00e5 debitkort<\/p>\n\n\n\n<p>Ved debit kort, vil du kunne se at pengene er reserveret p\u00e5 din konto og at dit r\u00e5dighedsbel\u00f8b vil her st\u00e5 som v\u00e6rende mindre.Annullerer du eller webshoppen efterf\u00f8lgende din ordre, s\u00e5 kan webshoppen ikke h\u00e6ve pengene, men reservationen vil fortsat g\u00e6lde i en periode. Bem\u00e6rk at kun din bank (eller kortudsteder) vil kunne oph\u00e6ve reservationen.<\/p>\n\n\n\n<p>Autorisering p\u00e5 kreditkort<\/p>\n\n\n\n<p>Pengene vil f\u00f8rst h\u00e6ves fra din konto og fremg\u00e5 af dit overblik n\u00e5r webshoppen behandler og h\u00e6ver betalingen for din ordre<\/p>\n\n\n\n<p>Alle bel\u00f8b p\u00e5 hjemmesiden er eksklusiv moms.<br>Hjemmesiden bruger f\u00f8lgende valutaer til priss\u00e6tning:<br>Denmark &#8211; Kroner (DKK)<\/p>\n\n\n\n<p>BusySunday ApS benytter en sikker betalingsserver, der krypterer alle oplysninger med SSL protokol hvilket betyder din data er sikker og ikke kan l\u00e6ses af andre udefrakommende.<\/p>\n\n\n\n<p>BusySunday ApS&#8217;s egen hjemmeside bruger ligeledes kryptering med SSL protokol.<\/p>\n\n\n\n<h2 class=\"wp-block-heading\">Fortrydelsesret<\/h2>\n\n\n\n<p>Der gives ikke fortrydelsesret p\u00e5 varer k\u00f8bt i vores webshop da varen er af s\u00e5dan art, at der i henhold til dansk lovgivning ikke kan eller b\u00f8r ydes returret.<\/p>\n\n\n\n<p><a href=\"http:\/\/www.forbrugerombudsmanden.dk\/hvad-gaelder\/markedsfoeringsloven\/webshopguide\/kundens-fortrydelsesret\/\" target=\"_blank\" rel=\"noreferrer noopener\">L\u00e6s mere p\u00e5 forbrugerombudsmandens hjemmeside.<\/a><\/p>\n\n\n\n<h2 class=\"wp-block-heading\">Reklamationsret<\/h2>\n\n\n\n<p>Der gives 2 \u00e5rs reklamationsret p\u00e5 produkter i henhold til den danske k\u00f8belov. Reklamationsretten g\u00e6lder for alle fejl i software, materiale og fabrikation.<\/p>\n\n\n\n<p>Reklamation vedr. fejl og mangler skal meddeles til BusySunday ApS i rimelig tid efter varens modtagelse.&nbsp;\u2028Her anses max. to m\u00e5neder som rimelig tid, med mindre andet er aftalt.\u2028Vi refunderer rimelige fragtomkostninger.<\/p>\n\n\n\n<p>Reklamationen frafalder ved forkert eller ualmindelig betjening af produktet.<\/p>\n\n\n\n<p>BusySunday ApS d\u00e6kker returneringsomkostningerne i rimeligt omfang.<\/p>\n\n\n\n<p>Ved returnering kontaktes virksomheden:BusySunday ApS<br>Bernstorffsvej 123<\/p>\n\n\n\n<p>TLF:&nbsp;<a href=\"tel:+4526741448\" target=\"_blank\" rel=\"noreferrer noopener\">+4526741448<\/a>Reklamationer modtages&nbsp;ikke&nbsp;hvis disse er sendt p\u00e5 efterkrav.<\/p>\n\n\n\n<h2 class=\"wp-block-heading\">Kunde- &amp; Privatlivspolitik<\/h2>\n\n\n\n<p>Vi videres\u00e6lger ikke personlige oplysninger og videregiver ikke dine personlige oplysninger til andre, de er kun registreret i vores kundekartotek. Du kan til enhver tid f\u00e5 slettet dine oplysninger.<\/p>\n\n\n\n<p>For at du kan indg\u00e5 aftale med BusySunday ApS, har vi brug for f\u00f8lgende oplysninger:<br>. Navn<br>. Adresse<br>. Telefonnummer<br>. E-mail adresse<\/p>\n\n\n\n<p>Vi foretager registreringen af dine personoplysninger med det form\u00e5l, at kunne levere varen til dig.<\/p>\n\n\n\n<p>Personoplysningerne registreres hos BusySunday ApS og opbevares i op til fem \u00e5r, hvorefter oplysningerne slettes.<\/p>\n\n\n\n<p>N\u00e5r der indsamles personoplysninger via vores hjemmeside, sikrer vi, at det altid sker ved afgivelse af dit udtrykkelige samtykke, s\u00e5ledes at du er informeret om pr\u00e6cis, hvilke oplysninger, der indsamles og hvorfor.<\/p>\n\n\n\n<p>Direkt\u00f8ren og de ansatte for BusySunday ApS har adgang til de oplysninger, der registreres om dig.<\/p>\n\n\n\n<p>Den dataansvarlige i BusySunday ApS er: Kim Frederiksen<\/p>\n\n\n\n<p>Vi opbevarer og transmitterer ikke kundeoplysninger krypteret.<\/p>\n\n\n\n<p>Som registreret hos BusySunday ApS har du altid ret til at g\u00f8re indsigelse mod registreringen. Du har ogs\u00e5 ret til indsigt i, hvilke oplysninger, der er registreret om dig. Disse rettigheder har du efter Persondataloven og henvendelse i forbindelse hermed rettes til&nbsp;<a href=\"mailto:info@busysunday.dk\" target=\"_blank\" rel=\"noreferrer noopener\">info@busysunday.dk<\/a>.<\/p>\n\n\n\n<p>Cookies<br>P\u00e5&nbsp;<a href=\"https:\/\/busysunday.dk\/\" target=\"_blank\" rel=\"noreferrer noopener\">https:\/\/busysunday.dk<\/a>&nbsp;anvendes cookies med det form\u00e5l at optimere hjemmesiden og dets funktionalitet, og dermed g\u00f8re bes\u00f8get s\u00e5 nemt som muligt for dig.<\/p>\n\n\n\n<p>Du kan til enhver tid slette cookies fra din computer, se vejledningen p\u00e5&nbsp;<a href=\"https:\/\/www.thagaard.org\/cookiehandtering\/\" target=\"_blank\" rel=\"noreferrer noopener\">Webshop Cookies og Privatlivspolitik<\/a>.Log-statistik<br>Vi bruger en log-statistik p\u00e5&nbsp;<a href=\"https:\/\/busysunday.dk\/\" target=\"_blank\" rel=\"noreferrer noopener\">https:\/\/busysunday.dk<\/a>, hvilket betyder, at et statistik-system opsamler information, som kan give et statistisk billede af, hvor mange bes\u00f8gende vi har, hvor de kommer fra og hvor p\u00e5 websitet det forlades mv.<\/p>\n\n\n\n<p>Logstatistikken anvendes kun med det form\u00e5l, at optimere BusySunday ApS&#8217;s hjemmeside.<\/p>\n\n\n\n<h2 class=\"wp-block-heading\">Forbrugerbeskyttelse<\/h2>\n\n\n\n<p>L\u00e6s mere om din beskyttelse som forbruger n\u00e5r du k\u00f8ber via en PensoPay betalingsl\u00f8sning:<br><a href=\"https:\/\/pensopay.com\/mere\/forbrugerbeskyttelse\/\" target=\"_blank\" rel=\"noreferrer noopener\">https:\/\/pensopay.com\/mere\/forbrugerbeskyttelse\/<\/a><\/p>\n\n\n\n<h2 class=\"wp-block-heading\">Klagemuligheder<\/h2>\n\n\n\n<p>En klage over en vare eller tjenesteydelse kan indgives til N\u00e6vnenes Hus, M\u00e6glingsteamet for Forbrugerklager, Toldboden 2, 8800 Viborg via&nbsp;<a href=\"https:\/\/kpo.naevneneshus.dk\/Public\/Home\/ChooseLoginProvider?returnUrl=https:\/\/kpo.naevneneshus.dk\/External\" target=\"_blank\" rel=\"noreferrer noopener\">Klageportalen for N\u00e6vnenes Hus<\/a>. M\u00e6glingsteamet vil fors\u00f8ge at l\u00f8se tvisten ved mediation, og hvis det ikke lykkes at finde en l\u00f8sning, kan du indbringe klagen for Forbrugerklagen\u00e6vnet.<\/p>\n\n\n\n<p>Det er som udgangspunkt en foruds\u00e6tning for at klage, at varen eller ydelsen, som du vil klage over, har kostet mindst 1.110 kr. og h\u00f8jst 100.000 kr. For klager over t\u00f8j og sko skal prisen som udgangspunkt v\u00e6re mindst 720 kr. Bel\u00f8bsgr\u00e6nserne kan blive \u00e6ndret. Du skal betale et gebyr for at f\u00e5 klagen behandlet.<\/p>\n\n\n\n<p>EU-Kommissionens online klageportal kan ogs\u00e5 anvendes ved indgivelse af en klage. Det er s\u00e6rlig relevant, hvis du er forbruger med bop\u00e6l i et andet EU-land. Klage indgives her:<br><a href=\"http:\/\/ec.europa.eu\/odr\" target=\"_blank\" rel=\"noreferrer noopener\">http:\/\/ec.europa.eu\/odr<\/a><\/p>\n\n\n\n<p>Ved indgivelse af en klage skal du angive vores e-mail adresse&nbsp;<a href=\"mailto:info@busysunday.dk\" target=\"_blank\" rel=\"noreferrer noopener\">info@busysunday.dk<\/a><\/p>","protected":false},"excerpt":{"rendered":"<p>Handelsbetingelser for BusySunday ApS BusySunday ApSBernstorffsvej 1232900 HellerupTLF:&nbsp;+4526741448CVR: 43506366 Generelt BusySunday ApS stiller et abonnement baseret online tjeneste til r\u00e5dighed p\u00e5&nbsp;https:\/\/busysunday.dk. Vilk\u00e5rene er g\u00e6ldende mellem den enkelte bruger og BusySunday ApS. Disse vilk\u00e5r og betingelser<\/p>","protected":false},"author":4,"featured_media":0,"parent":0,"menu_order":0,"comment_status":"closed","ping_status":"closed","template":"","meta":{"_acf_changed":false,"footnotes":""},"class_list":["post-258573","page","type-page","status-publish"],"acf":[],"_links":{"self":[{"href":"https:\/\/shop.busysunday.dk\/en\/wp-json\/wp\/v2\/pages\/258573","targetHints":{"allow":["GET"]}}],"collection":[{"href":"https:\/\/shop.busysunday.dk\/en\/wp-json\/wp\/v2\/pages"}],"about":[{"href":"https:\/\/shop.busysunday.dk\/en\/wp-json\/wp\/v2\/types\/page"}],"author":[{"embeddable":true,"href":"https:\/\/shop.busysunday.dk\/en\/wp-json\/wp\/v2\/users\/4"}],"replies":[{"embeddable":true,"href":"https:\/\/shop.busysunday.dk\/en\/wp-json\/wp\/v2\/comments?post=258573"}],"version-history":[{"count":0,"href":"https:\/\/shop.busysunday.dk\/en\/wp-json\/wp\/v2\/pages\/258573\/revisions"}],"wp:attachment":[{"href":"https:\/\/shop.busysunday.dk\/en\/wp-json\/wp\/v2\/media?parent=258573"}],"curies":[{"name":"wp","href":"https:\/\/api.w.org\/{rel}","templated":true}]}}