{"id":233192,"date":"2024-04-04T17:01:21","date_gmt":"2024-04-04T15:01:21","guid":{"rendered":"https:\/\/busysunday.dk\/?page_id=233192"},"modified":"2024-05-23T11:35:22","modified_gmt":"2024-05-23T09:35:22","slug":"subscriptions","status":"publish","type":"page","link":"https:\/\/shop.busysunday.dk\/en\/subscriptions\/","title":{"rendered":"Subscriptions"},"content":{"rendered":"<h4 class=\"wp-block-heading has-text-align-center\"><strong>Select your plan<\/strong><\/h4>\n\n\n<div class=\"gb-container gb-container-49fc0ef7\">\n\n<div class=\"wp-block-columns is-layout-flex wp-container-core-columns-is-layout-9d6595d7 wp-block-columns-is-layout-flex\">\n<div class=\"wp-block-column is-layout-flow wp-block-column-is-layout-flow\">\n<h3 class=\"wp-block-heading has-text-align-center\">Unlimited users<\/h3>\n\n\n\n<p class=\"has-text-align-center\">3.400 kr. pr. mdr. + moms<\/p>\n\n\n\n<div class=\"wp-block-buttons is-content-justification-center is-layout-flex wp-container-core-buttons-is-layout-16018d1d wp-block-buttons-is-layout-flex\">\n<div class=\"wp-block-button\"><a class=\"wp-block-button__link wp-element-button\" href=\"https:\/\/busysunday.dk\/vare\/busysunday-unl-users-monthly\/\">V\u00e6lg plan mdr.<\/a><\/div>\n<\/div>\n\n\n\n<hr class=\"wp-block-separator has-alpha-channel-opacity\"\/>\n\n\n\n<p class=\"has-text-align-center\"><strong>28.000 kr. pr. \u00e5r + moms<\/strong><\/p>\n\n\n\n<div class=\"wp-block-buttons is-content-justification-center is-layout-flex wp-container-core-buttons-is-layout-16018d1d wp-block-buttons-is-layout-flex\">\n<div class=\"wp-block-button\"><a class=\"wp-block-button__link wp-element-button\" href=\"https:\/\/busysunday.dk\/vare\/busysunday-unl-users-yearly\/\">V\u00e6lg plan \u00e5rlig<\/a><\/div>\n<\/div>\n<\/div>\n\n\n\n<div class=\"wp-block-column is-layout-flow wp-block-column-is-layout-flow\">\n<h3 class=\"wp-block-heading has-text-align-center\">1-2 users<\/h3>\n\n\n\n<p class=\"has-text-align-center\">3.000 kr. pr. mdr. + moms<\/p>\n\n\n\n<div class=\"wp-block-buttons is-content-justification-center is-layout-flex wp-container-core-buttons-is-layout-16018d1d wp-block-buttons-is-layout-flex\">\n<div class=\"wp-block-button\"><a class=\"wp-block-button__link wp-element-button\" href=\"https:\/\/busysunday.dk\/vare\/busysunday-1-2monthly\/\">V\u00e6lg plan mdr.<\/a><\/div>\n<\/div>\n\n\n\n<hr class=\"wp-block-separator has-alpha-channel-opacity\"\/>\n\n\n\n<p class=\"has-text-align-center\"><strong>25.000 kr. pr. \u00e5r + moms<\/strong><\/p>\n\n\n\n<div class=\"wp-block-buttons is-content-justification-center is-layout-flex wp-container-core-buttons-is-layout-16018d1d wp-block-buttons-is-layout-flex\">\n<div class=\"wp-block-button\"><a class=\"wp-block-button__link wp-element-button\" href=\"https:\/\/busysunday.dk\/vare\/busysunday-1-2-users-yearly\/\">V\u00e6lg plan \u00e5rlig<\/a><\/div>\n<\/div>\n<\/div>\n<\/div>\n\n<\/div>\n\n\n<p>N\u00e5r du bestiller adgang og \u00f8nsker at betale m\u00e5nedsvis, s\u00e5 vil der blive opkr\u00e6vet et fee kr. for de f\u00f8rste 3 m\u00e5neder, og derfor vil der f\u00f8rst blive trukket igen, efter 3 m\u00e5neder. Startbetalingen inkluderer alt den tr\u00e6ning du \u00f8nsker, <strong>samt 25 gratis udsendte breve<\/strong> (Kan f.eks. v\u00e6re angrebsbrev). Breve leveres pakket i kuvert, ud til boligejer.<\/p>\n\n\n\n<p>Ved 1-2 adgange betales 10.000 kr. + moms for de f\u00f8rste 3 m\u00e5neder<\/p>\n\n\n\n<p>Ved unlimited adgange betales 11.200 kr. + moms for de f\u00f8rste 3 mdr.<\/p>\n\n\n\n<p><em><span style=\"text-decoration: underline;\">Dashboard giver dig kun adgang til leads, som leveres via BusySunday dashboard<\/span><\/em><\/p>","protected":false},"excerpt":{"rendered":"<p>Select your plan Unlimited users 3.400 kr. pr. mdr. + moms 28.000 kr. pr. \u00e5r + moms 1-2 users 3.000 kr. pr. mdr. + moms 25.000 kr. pr. \u00e5r + moms N\u00e5r du bestiller adgang<\/p>","protected":false},"author":4,"featured_media":0,"parent":0,"menu_order":0,"comment_status":"closed","ping_status":"closed","template":"","meta":{"_acf_changed":false,"footnotes":""},"class_list":["post-233192","page","type-page","status-publish"],"acf":[],"_links":{"self":[{"href":"https:\/\/shop.busysunday.dk\/en\/wp-json\/wp\/v2\/pages\/233192","targetHints":{"allow":["GET"]}}],"collection":[{"href":"https:\/\/shop.busysunday.dk\/en\/wp-json\/wp\/v2\/pages"}],"about":[{"href":"https:\/\/shop.busysunday.dk\/en\/wp-json\/wp\/v2\/types\/page"}],"author":[{"embeddable":true,"href":"https:\/\/shop.busysunday.dk\/en\/wp-json\/wp\/v2\/users\/4"}],"replies":[{"embeddable":true,"href":"https:\/\/shop.busysunday.dk\/en\/wp-json\/wp\/v2\/comments?post=233192"}],"version-history":[{"count":0,"href":"https:\/\/shop.busysunday.dk\/en\/wp-json\/wp\/v2\/pages\/233192\/revisions"}],"wp:attachment":[{"href":"https:\/\/shop.busysunday.dk\/en\/wp-json\/wp\/v2\/media?parent=233192"}],"curies":[{"name":"wp","href":"https:\/\/api.w.org\/{rel}","templated":true}]}}