{"id":230452,"date":"2024-03-26T08:59:16","date_gmt":"2024-03-26T07:59:16","guid":{"rendered":"https:\/\/busysunday.dk\/?page_id=230452"},"modified":"2024-03-26T08:59:17","modified_gmt":"2024-03-26T07:59:17","slug":"eksklusivitets-samarbejdssaftale","status":"publish","type":"page","link":"https:\/\/shop.busysunday.dk\/en\/eksklusivitets-samarbejdssaftale\/","title":{"rendered":"Eksklusivitets- &amp; Samarbejdssaftale"},"content":{"rendered":"<p>Eksklusivitets- &amp; Samarbejdssaftale<\/p>\n\n\n\n<p>Denne f\u00f8lgende k\u00f8bsaftale er dags dato [inds\u00e6t dato] indg\u00e5et mellem:<br>Ref.: Anders R\u00f8rb\u00e6k<br>Virksomhedsnavn: BusySunday<br>Adresse: Bernstorffvej 123, 2900 Hellerup<br>CVR. nr \/ CPR: nr.: 43506366<br>[Inds\u00e6t virksomheds- eller personoplysninger]<br>Ref.: K\u00f8ber<br>Virksomhedsnavn\/fulde navn:<br>Adresse:<br>CVR. nr \/ CPR: nr.:<br>Dato: Dato:<br><strong><em><strong><em>_________________<\/em><\/strong><\/em><\/strong> <strong><em><strong><em>_________________<\/em><\/strong><\/em><\/strong><br>BusySunday ApS [Inds\u00e6t virksomhedsnavn\/navn]<\/p>\n\n\n\n<ol class=\"wp-block-list\">\n<li>Beskrivelse af vare<br>1.1 S\u00e6lger skal levere nedenst\u00e5ende varer til K\u00f8ber.<br>L\u00f8bende abonnement hos BusySunday.<br>K\u00f8ber er eksklusiv bruger af BusySunday i postnummer (xxxxx)<\/li>\n\n\n\n<li>Pris<br>2.1 K\u00f8ber skal betale 7.500,- kr inkl. plus moms. til S\u00e6lger, hvilket d\u00e6kker for f\u00f8rste 3 m\u00e5neders abonnement.<br>2.2 Bel\u00f8bet skal betales til S\u00e6lger senest [INDS\u00c6T DATO] og skal overf\u00f8res til:<br>[INDS\u00c6T BANKOPLYSNINGER]<br>Bank:<br>Reg. nr:<br>Konto nr:<br>3.0 Opsigelse<br>3.1 Efter de f\u00f8rste 3 m\u00e5neders samarbejde, har k\u00f8ber en opsigelse p\u00e5 l\u00f8bende m\u00e5ned + 1 m\u00e5ned.<br>4.0 Lovvalg og v\u00e6rneting<br>4.1 L\u00e5neaftalen er underlagt den danske lovgivning.<br>5.0 Force Majeure<br>5.1 Hvis der skulle forekomme nogen uforudsete begivenheder, som S\u00e6lger ikke har kontrol over, s\u00e5 er S\u00e6lger juridisk fritaget til at annullere eller forsinke leveringen af K\u00f8bet.<br>5.2 I henhold til ovenst\u00e5ende, kan det indeb\u00e6re krigsudbrud, naturkatastrofer, politisk uro, svigt af forsyningskilder eller lignende.<br>6.0 Diverse<br>6.1 Denne aftale mellem S\u00e6lger og K\u00f8ber tilsides\u00e6tter og erstatter alle tidligere andre aftaler og dr\u00f8ftelser.<br>6.2 Der kan kun forekomme \u00e6ndringer i denne aftale ved en skriftlig underskrift.<br>6.3 S\u00e6lger eller K\u00f8ber kan ikke videregive denne aftale eller rettigheder til en anden part.<\/li>\n<\/ol>\n\n\n\n<p>Underskrivelse af k\u00f8bs- og salgsaftale<\/p>\n\n\n\n<p>S\u00e6lgers K\u00f8bers<br>Fulde navn: Fulde navn:<br>Repr\u00e6sentantens titel: Repr\u00e6sentantens titel:<br>E-mail adresse: E-mail adresse:<br>Repr\u00e6sentantens navn (Underskrift): Repr\u00e6sentantens navn (Underskrift):<br>Dato:<strong><em><strong><em>________<\/em><\/strong><\/em><\/strong> Dato:<strong><em><strong><em>________<\/em><\/strong><\/em><\/strong><\/p>","protected":false},"excerpt":{"rendered":"<p>Eksklusivitets- &amp; Samarbejdssaftale Denne f\u00f8lgende k\u00f8bsaftale er dags dato [inds\u00e6t dato] indg\u00e5et mellem:Ref.: Anders R\u00f8rb\u00e6kVirksomhedsnavn: BusySundayAdresse: Bernstorffvej 123, 2900 HellerupCVR. nr \/ CPR: nr.: 43506366[Inds\u00e6t virksomheds- eller personoplysninger]Ref.: K\u00f8berVirksomhedsnavn\/fulde navn:Adresse:CVR. nr \/ CPR: nr.:Dato: Dato:_________________<\/p>","protected":false},"author":4,"featured_media":0,"parent":0,"menu_order":0,"comment_status":"closed","ping_status":"closed","template":"","meta":{"_acf_changed":false,"footnotes":""},"class_list":["post-230452","page","type-page","status-publish"],"acf":[],"_links":{"self":[{"href":"https:\/\/shop.busysunday.dk\/en\/wp-json\/wp\/v2\/pages\/230452","targetHints":{"allow":["GET"]}}],"collection":[{"href":"https:\/\/shop.busysunday.dk\/en\/wp-json\/wp\/v2\/pages"}],"about":[{"href":"https:\/\/shop.busysunday.dk\/en\/wp-json\/wp\/v2\/types\/page"}],"author":[{"embeddable":true,"href":"https:\/\/shop.busysunday.dk\/en\/wp-json\/wp\/v2\/users\/4"}],"replies":[{"embeddable":true,"href":"https:\/\/shop.busysunday.dk\/en\/wp-json\/wp\/v2\/comments?post=230452"}],"version-history":[{"count":0,"href":"https:\/\/shop.busysunday.dk\/en\/wp-json\/wp\/v2\/pages\/230452\/revisions"}],"wp:attachment":[{"href":"https:\/\/shop.busysunday.dk\/en\/wp-json\/wp\/v2\/media?parent=230452"}],"curies":[{"name":"wp","href":"https:\/\/api.w.org\/{rel}","templated":true}]}}