{"id":224721,"date":"2024-03-09T13:31:15","date_gmt":"2024-03-09T12:31:15","guid":{"rendered":"https:\/\/busysunday.dk\/?page_id=224721"},"modified":"2024-03-10T11:54:46","modified_gmt":"2024-03-10T10:54:46","slug":"buyer","status":"publish","type":"page","link":"https:\/\/shop.busysunday.dk\/en\/buyer\/","title":{"rendered":"Buyer"},"content":{"rendered":"<p><\/p>\n\n\n\n<h2 class=\"wp-block-heading\">Velkommen til vores k\u00f8ber Peter<\/h2>\n\n\n\n<p>Peter er mellem 26-35 \u00e5r, bor i dag i Charlottenlund, og leder efter en lejlighed i Hellerup til sig selv og sin s\u00f8n p\u00e5 12<\/p>\n\n\n\n<p>Lejlighedens stand skal v\u00e6re rigtig god, da han ikke har tiden til at s\u00e6tte i stand. Peter er godkendt af banken, og har allerede solgt sin lejlighed. <\/p>\n\n\n\n<p>Han bor derfor til leje, og kan v\u00e6re ude inden for 3 mdr. Alt i alt en top k\u00f8beklar k\u00f8ber, som kan sl\u00e5 til hvis det rigtige kommer<\/p>\n\n\n\n<h3 class=\"wp-block-heading\">Her er Peters krav og \u00f8nsker<\/h3>\n\n\n\n<ul class=\"wp-block-list\">\n<li>Pris: Op til 4.5 mio. kr.<\/li>\n\n\n\n<li>Max 6.500 kr. pr. mdr. i ejerudgifter<\/li>\n\n\n\n<li>Mindst 70 m2.<\/li>\n\n\n\n<li>I god stand<\/li>\n\n\n\n<li>Der skal v\u00e6re altan<\/li>\n\n\n\n<li>Og godt stort k\u00e6lderrum<\/li>\n<\/ul>\n\n\n<div class=\"gb-grid-wrapper gb-grid-wrapper-447d2344\">\n<div class=\"gb-grid-column gb-grid-column-14a69181\"><div class=\"gb-container gb-container-14a69181\">\n\n<h4 class=\"wp-block-heading\">Her kan du se de omr\u00e5der Peter har udvalgt, som \u00f8nske omr\u00e5derne, og info om ham som k\u00f8ber<\/h4>\n\n<\/div><\/div>\n<\/div>\n\n<div class=\"gb-container gb-container-396a582d\">\n<div class=\"gb-grid-wrapper gb-grid-wrapper-788afee4\">\n<div class=\"gb-grid-column gb-grid-column-981f2a5f\"><div class=\"gb-container gb-container-981f2a5f\">\n\n<figure class=\"wp-block-image size-large is-resized\"><img loading=\"lazy\" decoding=\"async\" width=\"1024\" height=\"706\" src=\"https:\/\/busysunday.dk\/wp-content\/uploads\/2024\/03\/Skaermbillede-2024-03-09-kl.-13.19.34-1024x706.png\" alt=\"\" class=\"wp-image-224723\" style=\"width:750px\" srcset=\"https:\/\/shop.busysunday.dk\/wp-content\/uploads\/2024\/03\/Skaermbillede-2024-03-09-kl.-13.19.34-1024x706.png 1024w, https:\/\/shop.busysunday.dk\/wp-content\/uploads\/2024\/03\/Skaermbillede-2024-03-09-kl.-13.19.34-480x331.png 480w, https:\/\/shop.busysunday.dk\/wp-content\/uploads\/2024\/03\/Skaermbillede-2024-03-09-kl.-13.19.34-768x530.png 768w, https:\/\/shop.busysunday.dk\/wp-content\/uploads\/2024\/03\/Skaermbillede-2024-03-09-kl.-13.19.34-18x12.png 18w, https:\/\/shop.busysunday.dk\/wp-content\/uploads\/2024\/03\/Skaermbillede-2024-03-09-kl.-13.19.34-750x517.png 750w, https:\/\/shop.busysunday.dk\/wp-content\/uploads\/2024\/03\/Skaermbillede-2024-03-09-kl.-13.19.34.png 1221w\" sizes=\"auto, (max-width: 1024px) 100vw, 1024px\" \/><\/figure>\n\n<\/div><\/div>\n\n<div class=\"gb-grid-column gb-grid-column-27e955e4\"><div class=\"gb-container gb-container-27e955e4\">\n\n<figure class=\"wp-block-image size-full is-resized\"><img loading=\"lazy\" decoding=\"async\" width=\"545\" height=\"514\" src=\"https:\/\/busysunday.dk\/wp-content\/uploads\/2024\/03\/Skaermbillede-2024-03-09-kl.-13.19.41-1.png\" alt=\"\" class=\"wp-image-224724\" style=\"width:455px;height:auto\" srcset=\"https:\/\/shop.busysunday.dk\/wp-content\/uploads\/2024\/03\/Skaermbillede-2024-03-09-kl.-13.19.41-1.png 545w, https:\/\/shop.busysunday.dk\/wp-content\/uploads\/2024\/03\/Skaermbillede-2024-03-09-kl.-13.19.41-1-480x453.png 480w, https:\/\/shop.busysunday.dk\/wp-content\/uploads\/2024\/03\/Skaermbillede-2024-03-09-kl.-13.19.41-1-13x12.png 13w\" sizes=\"auto, (max-width: 545px) 100vw, 545px\" \/><\/figure>\n\n<\/div><\/div>\n<\/div>\n<\/div>\n\n\n<div style=\"height:100px\" aria-hidden=\"true\" class=\"wp-block-spacer\"><\/div>\n\n\n<div class=\"gb-container gb-container-0bb5ed9b\">\n\n<div class=\"wp-block-media-text is-stacked-on-mobile\" style=\"grid-template-columns:32% auto\"><figure class=\"wp-block-media-text__media\"><video controls src=\"https:\/\/busysunday.dk\/wp-content\/uploads\/2024\/03\/IMG_1729.mov\"><\/video><\/figure><div class=\"wp-block-media-text__content\">\n<p>Her fort\u00e6ller ejendomsm\u00e6gler Anders R\u00f8rb\u00e6k om, Peters \u00f8nsker \u00f8nsker og nuv\u00e6rende situation<\/p>\n<\/div><\/div>\n\n<\/div>\n\n\n<div style=\"height:100px\" aria-hidden=\"true\" class=\"wp-block-spacer\"><\/div>\n\n\n\n<h2 class=\"wp-block-heading\">Ring til ejendomsm\u00e6gler Anders R\u00f8rb\u00e6k og h\u00f8r mere<\/h2>\n\n\n\n<figure class=\"wp-block-image size-large\"><img loading=\"lazy\" decoding=\"async\" width=\"1024\" height=\"627\" src=\"https:\/\/busysunday.dk\/wp-content\/uploads\/2024\/03\/Skaermbillede-2024-03-09-kl.-13.42.04-1024x627.png\" alt=\"\" class=\"wp-image-224729\" srcset=\"https:\/\/shop.busysunday.dk\/wp-content\/uploads\/2024\/03\/Skaermbillede-2024-03-09-kl.-13.42.04-1024x627.png 1024w, https:\/\/shop.busysunday.dk\/wp-content\/uploads\/2024\/03\/Skaermbillede-2024-03-09-kl.-13.42.04-480x294.png 480w, https:\/\/shop.busysunday.dk\/wp-content\/uploads\/2024\/03\/Skaermbillede-2024-03-09-kl.-13.42.04-768x470.png 768w, https:\/\/shop.busysunday.dk\/wp-content\/uploads\/2024\/03\/Skaermbillede-2024-03-09-kl.-13.42.04-18x12.png 18w, https:\/\/shop.busysunday.dk\/wp-content\/uploads\/2024\/03\/Skaermbillede-2024-03-09-kl.-13.42.04-750x459.png 750w, https:\/\/shop.busysunday.dk\/wp-content\/uploads\/2024\/03\/Skaermbillede-2024-03-09-kl.-13.42.04.png 1223w\" sizes=\"auto, (max-width: 1024px) 100vw, 1024px\" \/><\/figure>","protected":false},"excerpt":{"rendered":"<p>Velkommen til vores k\u00f8ber Peter Peter er mellem 26-35 \u00e5r, bor i dag i Charlottenlund, og leder efter en lejlighed i Hellerup til sig selv og sin s\u00f8n p\u00e5 12 Lejlighedens stand skal v\u00e6re rigtig<\/p>","protected":false},"author":4,"featured_media":0,"parent":0,"menu_order":0,"comment_status":"closed","ping_status":"closed","template":"","meta":{"_acf_changed":false,"footnotes":""},"class_list":["post-224721","page","type-page","status-publish"],"acf":[],"_links":{"self":[{"href":"https:\/\/shop.busysunday.dk\/en\/wp-json\/wp\/v2\/pages\/224721","targetHints":{"allow":["GET"]}}],"collection":[{"href":"https:\/\/shop.busysunday.dk\/en\/wp-json\/wp\/v2\/pages"}],"about":[{"href":"https:\/\/shop.busysunday.dk\/en\/wp-json\/wp\/v2\/types\/page"}],"author":[{"embeddable":true,"href":"https:\/\/shop.busysunday.dk\/en\/wp-json\/wp\/v2\/users\/4"}],"replies":[{"embeddable":true,"href":"https:\/\/shop.busysunday.dk\/en\/wp-json\/wp\/v2\/comments?post=224721"}],"version-history":[{"count":0,"href":"https:\/\/shop.busysunday.dk\/en\/wp-json\/wp\/v2\/pages\/224721\/revisions"}],"wp:attachment":[{"href":"https:\/\/shop.busysunday.dk\/en\/wp-json\/wp\/v2\/media?parent=224721"}],"curies":[{"name":"wp","href":"https:\/\/api.w.org\/{rel}","templated":true}]}}