{"id":219529,"date":"2024-02-16T15:58:34","date_gmt":"2024-02-16T14:58:34","guid":{"rendered":"https:\/\/busysunday.dk\/?page_id=219529"},"modified":"2024-02-16T16:03:34","modified_gmt":"2024-02-16T15:03:34","slug":"cb","status":"publish","type":"page","link":"https:\/\/shop.busysunday.dk\/en\/cb\/","title":{"rendered":"Registrer cashback"},"content":{"rendered":"<h3 class=\"wp-block-heading\">Du er lige ved at v\u00e6re klar til at modtage din CashBack<\/h3>\n\n\n\n<p>Udfyld nedenst\u00e5ende informationer, betal de 50 kr., og inden for 10 dg. vil der blive indsat 4.000 kr. p\u00e5 din CashBack konto<\/p>\n\n\n\n<p>Husk at udfylde alt, og v\u00e6lg hvilken m\u00e6gler du har underskrevet salgsaftale med. <\/p>\n\n\n<script>\nvar gform;gform||(document.addEventListener(\"gform_main_scripts_loaded\",function(){gform.scriptsLoaded=!0}),document.addEventListener(\"gform\/theme\/scripts_loaded\",function(){gform.themeScriptsLoaded=!0}),window.addEventListener(\"DOMContentLoaded\",function(){gform.domLoaded=!0}),gform={domLoaded:!1,scriptsLoaded:!1,themeScriptsLoaded:!1,isFormEditor:()=>\"function\"==typeof InitializeEditor,callIfLoaded:function(o){return!(!gform.domLoaded||!gform.scriptsLoaded||!gform.themeScriptsLoaded&&!gform.isFormEditor()||(gform.isFormEditor()&&console.warn(\"The use of gform.initializeOnLoaded() is deprecated in the form editor context and will be removed in Gravity Forms 3.1.\"),o(),0))},initializeOnLoaded:function(o){gform.callIfLoaded(o)||(document.addEventListener(\"gform_main_scripts_loaded\",()=>{gform.scriptsLoaded=!0,gform.callIfLoaded(o)}),document.addEventListener(\"gform\/theme\/scripts_loaded\",()=>{gform.themeScriptsLoaded=!0,gform.callIfLoaded(o)}),window.addEventListener(\"DOMContentLoaded\",()=>{gform.domLoaded=!0,gform.callIfLoaded(o)}))},hooks:{action:{},filter:{}},addAction:function(o,r,e,t){gform.addHook(\"action\",o,r,e,t)},addFilter:function(o,r,e,t){gform.addHook(\"filter\",o,r,e,t)},doAction:function(o){gform.doHook(\"action\",o,arguments)},applyFilters:function(o){return gform.doHook(\"filter\",o,arguments)},removeAction:function(o,r){gform.removeHook(\"action\",o,r)},removeFilter:function(o,r,e){gform.removeHook(\"filter\",o,r,e)},addHook:function(o,r,e,t,n){null==gform.hooks[o][r]&&(gform.hooks[o][r]=[]);var d=gform.hooks[o][r];null==n&&(n=r+\"_\"+d.length),gform.hooks[o][r].push({tag:n,callable:e,priority:t=null==t?10:t})},doHook:function(r,o,e){var t;if(e=Array.prototype.slice.call(e,1),null!=gform.hooks[r][o]&&((o=gform.hooks[r][o]).sort(function(o,r){return o.priority-r.priority}),o.forEach(function(o){\"function\"!=typeof(t=o.callable)&&(t=window[t]),\"action\"==r?t.apply(null,e):e[0]=t.apply(null,e)})),\"filter\"==r)return e[0]},removeHook:function(o,r,t,n){var e;null!=gform.hooks[o][r]&&(e=(e=gform.hooks[o][r]).filter(function(o,r,e){return!!(null!=n&&n!=o.tag||null!=t&&t!=o.priority)}),gform.hooks[o][r]=e)}});\n<\/script>\n\n                <div class='gf_browser_gecko gform_wrapper gravity-theme gform-theme--no-framework' data-form-theme='gravity-theme' data-form-index='0' id='gform_wrapper_15' >\n                        <div class='gform_heading'>\n                            <h2 class=\"gform_title\">S\u00e6lger registrering<\/h2>\n                            <p class='gform_description'><\/p>\n                        <\/div><form method='post' enctype='multipart\/form-data'  id='gform_15'  action='\/en\/wp-json\/wp\/v2\/pages\/219529' data-formid='15' novalidate data-trp-original-action=\"\/en\/wp-json\/wp\/v2\/pages\/219529\"><div class='gf_invisible ginput_recaptchav3' data-sitekey='6LeBenIlAAAAAB7Hz8H5TqT6h7aWyqQCBaWnuRs5' data-tabindex='0'><input id=\"input_22125a12ca0670bd237fbb0fbcf39dd5\" class=\"gfield_recaptcha_response\" type=\"hidden\" name=\"input_22125a12ca0670bd237fbb0fbcf39dd5\" value=\"\"\/><\/div>\n                        <div class='gform-body gform_body'><div id='gform_fields_15' class='gform_fields top_label form_sublabel_below description_below validation_below'><fieldset id=\"field_15_1\" class=\"gfield gfield--type-name gfield--input-type-name field_sublabel_below gfield--no-description field_description_below field_validation_below gfield_visibility_visible\"  ><legend class='gfield_label gform-field-label gfield_label_before_complex' >Navn<\/legend><div class='ginput_complex ginput_container ginput_container--name no_prefix has_first_name no_middle_name has_last_name no_suffix gf_name_has_2 ginput_container_name gform-grid-row' id='input_15_1'>\n                            \n                            <span id='input_15_1_3_container' class='name_first gform-grid-col gform-grid-col--size-auto' >\n                                                    <input type='text' name='input_1.3' id='input_15_1_3' value=''   aria-required='false'     \/>\n                                                    <label for='input_15_1_3' class='gform-field-label gform-field-label--type-sub'>First<\/label>\n                                                <\/span>\n                            \n                            <span id='input_15_1_6_container' class='name_last gform-grid-col gform-grid-col--size-auto' >\n                                                    <input type='text' name='input_1.6' id='input_15_1_6' value=''   aria-required='false'     \/>\n                                                    <label for='input_15_1_6' class='gform-field-label gform-field-label--type-sub'>Last<\/label>\n                                                <\/span>\n                            \n                        <\/div><\/fieldset><fieldset id=\"field_15_3\" class=\"gfield gfield--type-address gfield--input-type-address gfield--width-full field_sublabel_below gfield--no-description field_description_below field_validation_below gfield_visibility_visible\"  ><legend class='gfield_label gform-field-label gfield_label_before_complex' >Adresse<\/legend>    \n                    <div class='ginput_complex ginput_container has_street has_city has_zip ginput_container_address gform-grid-row' id='input_15_3' >\n                         <span class='ginput_full address_line_1 ginput_address_line_1 gform-grid-col' id='input_15_3_1_container' >\n                                        <input type='text' name='input_3.1' id='input_15_3_1' value=''    aria-required='false'    \/>\n                                        <label for='input_15_3_1' id='input_15_3_1_label' class='gform-field-label gform-field-label--type-sub'>Street Address<\/label>\n                                    <\/span><span class='ginput_left address_city ginput_address_city gform-grid-col' id='input_15_3_3_container' >\n                                    <input type='text' name='input_3.3' id='input_15_3_3' value=''    aria-required='false'    \/>\n                                    <label for='input_15_3_3' id='input_15_3_3_label' class='gform-field-label gform-field-label--type-sub'>City<\/label>\n                                 <\/span><input type='hidden' class='gform_hidden' name='input_3.4' id='input_15_3_4' value=''\/><span class='ginput_right address_zip ginput_address_zip gform-grid-col' id='input_15_3_5_container' >\n                                    <input type='text' name='input_3.5' id='input_15_3_5' value=''    aria-required='false'    \/>\n                                    <label for='input_15_3_5' id='input_15_3_5_label' class='gform-field-label gform-field-label--type-sub'>ZIP \/ Postal Code<\/label>\n                                <\/span><input type='hidden' class='gform_hidden' name='input_3.6' id='input_15_3_6' value='' \/>\n                    <div class='gf_clear gf_clear_complex'><\/div>\n                <\/div><\/fieldset><div id=\"field_15_4\" class=\"gfield gfield--type-email gfield--input-type-email gfield--width-half field_sublabel_below gfield--no-description field_description_below field_validation_below gfield_visibility_visible\"  ><label class='gfield_label gform-field-label' for='input_15_4'>E-mail<\/label><div class='ginput_container ginput_container_email'>\n                            <input name='input_4' id='input_15_4' type='email' value='' class='large'     aria-invalid=\"false\"  \/>\n                        <\/div><\/div><div id=\"field_15_5\" class=\"gfield gfield--type-phone gfield--input-type-phone gfield--width-half field_sublabel_below gfield--no-description field_description_below field_validation_below gfield_visibility_visible\"  ><label class='gfield_label gform-field-label' for='input_15_5'>Phone<\/label><div class='ginput_container ginput_container_phone'><input name='input_5' id='input_15_5' type='tel' value='' class='large'    aria-invalid=\"false\"   \/><\/div><\/div><div id=\"field_15_10\" class=\"gfield gfield--type-section gfield--input-type-section gsection field_sublabel_below gfield--has-description field_description_below field_validation_below gfield_visibility_visible\"  ><h3 class=\"gsection_title\">Find din m\u00e6gler<\/h3><div class='gsection_description' id='gfield_description_15_10'>V\u00e6lg den m\u00e6gler der skal s\u00e6lge din bolig, i nedenst\u00e5ende liste. <\/div><\/div><div id=\"field_15_11\" class=\"gfield gfield--type-select gfield--input-type-select gfield--width-full field_sublabel_below gfield--no-description field_description_below field_validation_below gfield_visibility_visible\"  ><label class='gfield_label gform-field-label' for='input_15_11'>M\u00e6glerliste<\/label><div class='ginput_container ginput_container_select'><select name='input_11' id='input_15_11' class='large gfield_select'     aria-invalid=\"false\" ><option value='2100 - danbolig xx' >2100 &#8211; danbolig xx<\/option><option value='2200 - Home xx' >2200 &#8211; Home xx<\/option><option value='2300 - Lokalbolig xx' >2300 &#8211; Lokalbolig xx<\/option><option value='2400 - Lokalbolig xx' >2400 &#8211; Lokalbolig xx<\/option><\/select><\/div><\/div><div id=\"field_15_6\" class=\"gfield gfield--type-section gfield--input-type-section gsection field_sublabel_below gfield--no-description field_description_below field_validation_below gfield_visibility_visible\"  ><h3 class=\"gsection_title\">Kort information<\/h3><\/div><div id=\"field_15_7\" class=\"gfield gfield--type-text gfield--input-type-text gfield--width-full field_sublabel_below gfield--no-description field_description_below field_validation_below gfield_visibility_visible\"  ><label class='gfield_label gform-field-label' for='input_15_7'>Navn p\u00e5 kortet<\/label><div class='ginput_container ginput_container_text'><input name='input_7' id='input_15_7' type='text' value='' class='large'      aria-invalid=\"false\"   \/><\/div><\/div><div id=\"field_15_8\" class=\"gfield gfield--type-text gfield--input-type-text gfield--width-half field_sublabel_below gfield--no-description field_description_below field_validation_below gfield_visibility_visible\"  ><label class='gfield_label gform-field-label' for='input_15_8'>Kortnummer<\/label><div class='ginput_container ginput_container_text'><input name='input_8' id='input_15_8' type='text' value='' class='large'      aria-invalid=\"false\"   \/><\/div><\/div><div id=\"field_15_9\" class=\"gfield gfield--type-text gfield--input-type-text gfield--width-half field_sublabel_below gfield--no-description field_description_below field_validation_below gfield_visibility_visible\"  ><label class='gfield_label gform-field-label' for='input_15_9'>Dato \/ CVP<\/label><div class='ginput_container ginput_container_text'><input name='input_9' id='input_15_9' type='text' value='' class='large'      aria-invalid=\"false\"   \/><\/div><\/div><\/div><\/div>\n        <div class='gform-footer gform_footer top_label'> <input type='submit' id='gform_submit_button_15' class='gform_button button' onclick='gform.submission.handleButtonClick(this);' data-submission-type='submit' value='Send'  \/> \n            <input type='hidden' class='gform_hidden' name='gform_submission_method' data-js='gform_submission_method_15' value='postback' \/>\n            <input type='hidden' class='gform_hidden' name='gform_theme' data-js='gform_theme_15' id='gform_theme_15' value='gravity-theme' \/>\n            <input type='hidden' class='gform_hidden' name='gform_style_settings' data-js='gform_style_settings_15' id='gform_style_settings_15' value='{&quot;inputPrimaryColor&quot;:&quot;#204ce5&quot;}' \/>\n            <input type='hidden' class='gform_hidden' name='is_submit_15' value='1' \/>\n            <input type='hidden' class='gform_hidden' name='gform_submit' value='15' \/>\n            \n            <input type='hidden' class='gform_hidden' name='gform_unique_id' value='' \/>\n            <input type='hidden' class='gform_hidden' name='state_15' value='WyJ7XCIxMVwiOltcImI0ZDI4ZmY3NDVjNTAzN2IyNDZmNmM4YWM3YmQyYTQyXCIsXCJjNjU2ZWU5MzJkMWYwYzQxNzVkMDgzMWE5Zjk5ODVhYlwiLFwiYTU0NDk5ODlkOTg3OTBiOTgyNDQ3MDgzODRiNTdkNTJcIixcIjFhYWYxN2YzM2FiZjdiNzdmYThiYzYzNmMzODYxNDY3XCJdfSIsIjQ4OTJlYzE1YThhY2IzOTAxNmIxNjhlNjliZjRhN2ZlIl0=' \/>\n            <input type='hidden' autocomplete='off' class='gform_hidden' name='gform_target_page_number_15' id='gform_target_page_number_15' value='0' \/>\n            <input type='hidden' autocomplete='off' class='gform_hidden' name='gform_source_page_number_15' id='gform_source_page_number_15' value='1' \/>\n            <input type='hidden' name='gform_field_values' value='' \/>\n            \n        <\/div>\n                        <input type=\"hidden\" name=\"trp-form-language\" value=\"en\"\/><\/form>\n                        <\/div><script>\ngform.initializeOnLoaded( function() {gformInitSpinner( 15, 'https:\/\/shop.busysunday.dk\/wp-content\/plugins\/gravityforms\/images\/spinner.svg', true );jQuery('#gform_ajax_frame_15').on('load',function(){var contents = jQuery(this).contents().find('*').html();var is_postback = contents.indexOf('GF_AJAX_POSTBACK') >= 0;if(!is_postback){return;}var form_content = jQuery(this).contents().find('#gform_wrapper_15');var is_confirmation = jQuery(this).contents().find('#gform_confirmation_wrapper_15').length > 0;var is_redirect = contents.indexOf('gformRedirect(){') >= 0;var is_form = form_content.length > 0 && ! is_redirect && ! is_confirmation;var mt = parseInt(jQuery('html').css('margin-top'), 10) + parseInt(jQuery('body').css('margin-top'), 10) + 100;if(is_form){jQuery('#gform_wrapper_15').html(form_content.html());if(form_content.hasClass('gform_validation_error')){jQuery('#gform_wrapper_15').addClass('gform_validation_error');} else {jQuery('#gform_wrapper_15').removeClass('gform_validation_error');}setTimeout( function() { \/* delay the scroll by 50 milliseconds to fix a bug in chrome *\/  }, 50 );if(window['gformInitDatepicker']) {gformInitDatepicker();}if(window['gformInitPriceFields']) {gformInitPriceFields();}var current_page = jQuery('#gform_source_page_number_15').val();gformInitSpinner( 15, 'https:\/\/shop.busysunday.dk\/wp-content\/plugins\/gravityforms\/images\/spinner.svg', true );jQuery(document).trigger('gform_page_loaded', [15, current_page]);window['gf_submitting_15'] = false;}else if(!is_redirect){var confirmation_content = jQuery(this).contents().find('.GF_AJAX_POSTBACK').html();if(!confirmation_content){confirmation_content = contents;}jQuery('#gform_wrapper_15').replaceWith(confirmation_content);jQuery(document).trigger('gform_confirmation_loaded', [15]);window['gf_submitting_15'] = false;wp.a11y.speak(jQuery('#gform_confirmation_message_15').text());}else{jQuery('#gform_15').append(contents);if(window['gformRedirect']) {gformRedirect();}}jQuery(document).trigger(\"gform_pre_post_render\", [{ formId: \"15\", currentPage: \"current_page\", abort: function() { this.preventDefault(); } }]);        if (event && event.defaultPrevented) {                return;        }        const gformWrapperDiv = document.getElementById( \"gform_wrapper_15\" );        if ( gformWrapperDiv ) {            const visibilitySpan = document.createElement( \"span\" );            visibilitySpan.id = \"gform_visibility_test_15\";            gformWrapperDiv.insertAdjacentElement( \"afterend\", visibilitySpan );        }        const visibilityTestDiv = document.getElementById( \"gform_visibility_test_15\" );        let postRenderFired = false;        function triggerPostRender() {            if ( postRenderFired ) {                return;            }            postRenderFired = true;            gform.core.triggerPostRenderEvents( 15, current_page );            if ( visibilityTestDiv ) {                visibilityTestDiv.parentNode.removeChild( visibilityTestDiv );            }        }        function debounce( func, wait, immediate ) {            var timeout;            return function() {                var context = this, args = arguments;                var later = function() {                    timeout = null;                    if ( !immediate ) func.apply( context, args );                };                var callNow = immediate && !timeout;                clearTimeout( timeout );                timeout = setTimeout( later, wait );                if ( callNow ) func.apply( context, args );            };        }        const debouncedTriggerPostRender = debounce( function() {            triggerPostRender();        }, 200 );        if ( visibilityTestDiv && visibilityTestDiv.offsetParent === null ) {            const observer = new MutationObserver( ( mutations ) => {                mutations.forEach( ( mutation ) => {                    if ( mutation.type === 'attributes' && visibilityTestDiv.offsetParent !== null ) {                        debouncedTriggerPostRender();                        observer.disconnect();                    }                });            });            observer.observe( document.body, {                attributes: true,                childList: false,                subtree: true,                attributeFilter: [ 'style', 'class' ],            });        } else {            triggerPostRender();        }    } );} );\n<\/script>\n\n\n\n<h3 class=\"wp-block-heading\">L\u00e6s denne information<\/h3>\n\n\n\n<p>N\u00e5r du er p\u00e5 denne side, s\u00e5 er det fordi du har indg\u00e5et en aftale om salg af din bolig, med en ejendomsm\u00e6gler, som BusySunday samarbejder med. <\/p>\n\n\n\n<p>Ved at du opretter dig her, s\u00e5 vil der blive trukket 50 kr. i administrationsgebyr. Her efter vil BusySunday s\u00f8rge for at der inds\u00e6ttes 4.000 kr. inkl. moms p\u00e5 din CashBack konto, inkl. moms. <\/p>","protected":false},"excerpt":{"rendered":"<p>Du er lige ved at v\u00e6re klar til at modtage din CashBack Udfyld nedenst\u00e5ende informationer, betal de 50 kr., og inden for 10 dg. vil der blive indsat 4.000 kr. p\u00e5 din CashBack konto Husk<\/p>","protected":false},"author":4,"featured_media":0,"parent":0,"menu_order":0,"comment_status":"closed","ping_status":"closed","template":"","meta":{"_acf_changed":false,"footnotes":""},"class_list":["post-219529","page","type-page","status-publish"],"acf":[],"_links":{"self":[{"href":"https:\/\/shop.busysunday.dk\/en\/wp-json\/wp\/v2\/pages\/219529","targetHints":{"allow":["GET"]}}],"collection":[{"href":"https:\/\/shop.busysunday.dk\/en\/wp-json\/wp\/v2\/pages"}],"about":[{"href":"https:\/\/shop.busysunday.dk\/en\/wp-json\/wp\/v2\/types\/page"}],"author":[{"embeddable":true,"href":"https:\/\/shop.busysunday.dk\/en\/wp-json\/wp\/v2\/users\/4"}],"replies":[{"embeddable":true,"href":"https:\/\/shop.busysunday.dk\/en\/wp-json\/wp\/v2\/comments?post=219529"}],"version-history":[{"count":0,"href":"https:\/\/shop.busysunday.dk\/en\/wp-json\/wp\/v2\/pages\/219529\/revisions"}],"wp:attachment":[{"href":"https:\/\/shop.busysunday.dk\/en\/wp-json\/wp\/v2\/media?parent=219529"}],"curies":[{"name":"wp","href":"https:\/\/api.w.org\/{rel}","templated":true}]}}