{"id":219452,"date":"2024-02-16T08:52:15","date_gmt":"2024-02-16T07:52:15","guid":{"rendered":"https:\/\/busysunday.dk\/?page_id=219452"},"modified":"2024-05-14T08:53:36","modified_gmt":"2024-05-14T06:53:36","slug":"vurdering-af-din-bolig-med-busysunday","status":"publish","type":"page","link":"https:\/\/shop.busysunday.dk\/en\/vurdering-af-din-bolig-med-busysunday\/","title":{"rendered":"Vurdering af din bolig med BusySunday"},"content":{"rendered":"<h3 class=\"wp-block-heading has-text-align-center\">BusySunder hj\u00e6lper dig med at f\u00e5 de bedste lokale m\u00e6glere<\/h3>\n\n\n\n<h4 class=\"wp-block-heading\">Udfyld nedenst\u00e5ende skema, og BusySunday s\u00f8rger for at <\/h4>\n\n\n\n<div class=\"wp-block-columns is-layout-flex wp-container-core-columns-is-layout-9d6595d7 wp-block-columns-is-layout-flex\">\n<div class=\"wp-block-column is-layout-flow wp-block-column-is-layout-flow\" style=\"flex-basis:900px\">\n<ul class=\"wp-block-list\">\n<li class=\"has-medium-font-size\">Op til 3 m\u00e6glere ringer inden for 24 timer, og aftaler tid til en vurdering<\/li>\n\n\n\n<li class=\"has-medium-font-size\">M\u00e6glerne giver dig en konkurrencedygtig pris p\u00e5 salget<\/li>\n\n\n\n<li class=\"has-medium-font-size\">Det kun er de bedste og hurtigste lokale m\u00e6glere, som hj\u00e6lper dig<\/li>\n<\/ul>\n<\/div>\n\n\n\n<div class=\"wp-block-column is-layout-flow wp-block-column-is-layout-flow\"><div class=\"wp-block-image\">\n<figure class=\"alignright size-medium is-resized\"><img loading=\"lazy\" decoding=\"async\" width=\"480\" height=\"480\" src=\"https:\/\/busysunday.dk\/wp-content\/uploads\/2024\/02\/Busy_Sunday_1-480x480.png\" alt=\"\" class=\"wp-image-219457\" style=\"object-fit:cover;width:300px;height:200px\" srcset=\"https:\/\/shop.busysunday.dk\/wp-content\/uploads\/2024\/02\/Busy_Sunday_1-480x480.png 480w, https:\/\/shop.busysunday.dk\/wp-content\/uploads\/2024\/02\/Busy_Sunday_1-1024x1024.png 1024w, https:\/\/shop.busysunday.dk\/wp-content\/uploads\/2024\/02\/Busy_Sunday_1-224x224.png 224w, https:\/\/shop.busysunday.dk\/wp-content\/uploads\/2024\/02\/Busy_Sunday_1-768x768.png 768w, https:\/\/shop.busysunday.dk\/wp-content\/uploads\/2024\/02\/Busy_Sunday_1-12x12.png 12w, https:\/\/shop.busysunday.dk\/wp-content\/uploads\/2024\/02\/Busy_Sunday_1-550x550.png 550w, https:\/\/shop.busysunday.dk\/wp-content\/uploads\/2024\/02\/Busy_Sunday_1-750x750.png 750w, https:\/\/shop.busysunday.dk\/wp-content\/uploads\/2024\/02\/Busy_Sunday_1-100x100.png 100w, https:\/\/shop.busysunday.dk\/wp-content\/uploads\/2024\/02\/Busy_Sunday_1.png 1200w\" sizes=\"auto, (max-width: 480px) 100vw, 480px\" \/><\/figure>\n<\/div><\/div>\n<\/div>","protected":false},"excerpt":{"rendered":"<p>BusySunder hj\u00e6lper dig med at f\u00e5 de bedste lokale m\u00e6glere Udfyld nedenst\u00e5ende skema, og BusySunday s\u00f8rger for at<\/p>","protected":false},"author":4,"featured_media":0,"parent":0,"menu_order":0,"comment_status":"closed","ping_status":"closed","template":"page_vurdering.php","meta":{"_acf_changed":false,"footnotes":""},"class_list":["post-219452","page","type-page","status-publish"],"acf":[],"_links":{"self":[{"href":"https:\/\/shop.busysunday.dk\/en\/wp-json\/wp\/v2\/pages\/219452","targetHints":{"allow":["GET"]}}],"collection":[{"href":"https:\/\/shop.busysunday.dk\/en\/wp-json\/wp\/v2\/pages"}],"about":[{"href":"https:\/\/shop.busysunday.dk\/en\/wp-json\/wp\/v2\/types\/page"}],"author":[{"embeddable":true,"href":"https:\/\/shop.busysunday.dk\/en\/wp-json\/wp\/v2\/users\/4"}],"replies":[{"embeddable":true,"href":"https:\/\/shop.busysunday.dk\/en\/wp-json\/wp\/v2\/comments?post=219452"}],"version-history":[{"count":0,"href":"https:\/\/shop.busysunday.dk\/en\/wp-json\/wp\/v2\/pages\/219452\/revisions"}],"wp:attachment":[{"href":"https:\/\/shop.busysunday.dk\/en\/wp-json\/wp\/v2\/media?parent=219452"}],"curies":[{"name":"wp","href":"https:\/\/api.w.org\/{rel}","templated":true}]}}