{"id":218583,"date":"2024-02-12T14:41:28","date_gmt":"2024-02-12T13:41:28","guid":{"rendered":"https:\/\/busysunday.dk\/?page_id=218583"},"modified":"2024-02-16T08:48:15","modified_gmt":"2024-02-16T07:48:15","slug":"faa-cashback-naar-du-saetter-din-bolig-til-salg","status":"publish","type":"page","link":"https:\/\/shop.busysunday.dk\/en\/faa-cashback-naar-du-saetter-din-bolig-til-salg\/","title":{"rendered":"F\u00e5 cashback, n\u00e5r du s\u00e6tter din bolig til salg"},"content":{"rendered":"<h3 class=\"wp-block-heading has-text-align-center\">Ved at benytte en BusySunday udvalgt m\u00e6gler, modtager du 4.000 kr. i cashback, n\u00e5r du s\u00e6tter din bolig til salg.<\/h3>\n\n\n\n<h4 class=\"wp-block-heading\">Udfyld nedenst\u00e5ende skema, og BusySunday s\u00f8rger for at <\/h4>\n\n\n\n<div class=\"wp-block-columns is-layout-flex wp-container-core-columns-is-layout-9d6595d7 wp-block-columns-is-layout-flex\">\n<div class=\"wp-block-column is-layout-flow wp-block-column-is-layout-flow\" style=\"flex-basis:900px\">\n<ul class=\"wp-block-list\">\n<li class=\"has-medium-font-size\">En m\u00e6gler ringer inden for 24 timer, og aftaler tid til en vurdering<\/li>\n\n\n\n<li class=\"has-medium-font-size\">M\u00e6gleren giver dig en konkurrencedygtig pris p\u00e5 salget<\/li>\n\n\n\n<li class=\"has-medium-font-size\">Vi sender din cashback, direkte ind i Cashback app\u00b4en, s\u00e5 snart din bolig er sat til salg<\/li>\n<\/ul>\n<\/div>\n\n\n\n<div class=\"wp-block-column is-layout-flow wp-block-column-is-layout-flow\"><div class=\"wp-block-image\">\n<figure class=\"alignright size-medium is-resized\"><img loading=\"lazy\" decoding=\"async\" width=\"480\" height=\"348\" src=\"https:\/\/busysunday.dk\/wp-content\/uploads\/2024\/02\/LK-480x348.png\" alt=\"\" class=\"wp-image-218591\" style=\"object-fit:cover;width:300px;height:200px\" srcset=\"https:\/\/shop.busysunday.dk\/wp-content\/uploads\/2024\/02\/LK-480x348.png 480w, https:\/\/shop.busysunday.dk\/wp-content\/uploads\/2024\/02\/LK-18x12.png 18w, https:\/\/shop.busysunday.dk\/wp-content\/uploads\/2024\/02\/LK.png 635w\" sizes=\"auto, (max-width: 480px) 100vw, 480px\" \/><\/figure>\n<\/div><\/div>\n<\/div>","protected":false},"excerpt":{"rendered":"<p>Ved at benytte en BusySunday udvalgt m\u00e6gler, modtager du 4.000 kr. i cashback, n\u00e5r du s\u00e6tter din bolig til salg. Udfyld nedenst\u00e5ende skema, og BusySunday s\u00f8rger for at<\/p>","protected":false},"author":4,"featured_media":0,"parent":0,"menu_order":0,"comment_status":"closed","ping_status":"closed","template":"page_vurdering.php","meta":{"_acf_changed":false,"footnotes":""},"class_list":["post-218583","page","type-page","status-publish"],"acf":[],"_links":{"self":[{"href":"https:\/\/shop.busysunday.dk\/en\/wp-json\/wp\/v2\/pages\/218583","targetHints":{"allow":["GET"]}}],"collection":[{"href":"https:\/\/shop.busysunday.dk\/en\/wp-json\/wp\/v2\/pages"}],"about":[{"href":"https:\/\/shop.busysunday.dk\/en\/wp-json\/wp\/v2\/types\/page"}],"author":[{"embeddable":true,"href":"https:\/\/shop.busysunday.dk\/en\/wp-json\/wp\/v2\/users\/4"}],"replies":[{"embeddable":true,"href":"https:\/\/shop.busysunday.dk\/en\/wp-json\/wp\/v2\/comments?post=218583"}],"version-history":[{"count":0,"href":"https:\/\/shop.busysunday.dk\/en\/wp-json\/wp\/v2\/pages\/218583\/revisions"}],"wp:attachment":[{"href":"https:\/\/shop.busysunday.dk\/en\/wp-json\/wp\/v2\/media?parent=218583"}],"curies":[{"name":"wp","href":"https:\/\/api.w.org\/{rel}","templated":true}]}}