{"id":1683,"date":"2022-08-15T08:04:24","date_gmt":"2022-08-15T06:04:24","guid":{"rendered":"https:\/\/busysunday.dk\/?page_id=1683"},"modified":"2022-08-15T11:44:49","modified_gmt":"2022-08-15T09:44:49","slug":"koebernes-sanity-check","status":"publish","type":"page","link":"https:\/\/shop.busysunday.dk\/en\/koebernes-sanity-check\/","title":{"rendered":"K\u00f8bernes \u201csanity\u201d check"},"content":{"rendered":"<p>N\u00e5r et k\u00f8ber\u00f8nske indtastes s\u00e5 tjekkes det ift. hvor realistisk det er. Er det urealistisk, dannes forslag til \u00e6ndringer. Dette \u201ccheck\u201d laves via vores \u201cML robot\u201d, som automatisk vurderer de bolig\u00f8nsker som k\u00f8berne \u00f8nsker.<\/p>\n\n\n\n<p>Er k\u00f8bet helt urealistisk, s\u00e5 vil der komme andre anbefalinger<\/p>\n\n\n\n<figure class=\"wp-block-image size-large\"><img decoding=\"async\" src=\"https:\/\/busysunday.dk\/wp-content\/uploads\/2022\/08\/BS-Data-1-e1660079662409-1024x819.jpg\" alt=\"\" class=\"wp-image-1576\"\/><\/figure>","protected":false},"excerpt":{"rendered":"<p>N\u00e5r et k\u00f8ber\u00f8nske indtastes s\u00e5 tjekkes det ift. hvor realistisk det er. Er det urealistisk, dannes forslag til \u00e6ndringer. Dette \u201ccheck\u201d laves via vores \u201cML robot\u201d, som automatisk vurderer de bolig\u00f8nsker som k\u00f8berne \u00f8nsker. Er<\/p>","protected":false},"author":4,"featured_media":0,"parent":0,"menu_order":0,"comment_status":"closed","ping_status":"closed","template":"","meta":{"_acf_changed":false,"footnotes":""},"class_list":["post-1683","page","type-page","status-publish"],"acf":[],"_links":{"self":[{"href":"https:\/\/shop.busysunday.dk\/en\/wp-json\/wp\/v2\/pages\/1683","targetHints":{"allow":["GET"]}}],"collection":[{"href":"https:\/\/shop.busysunday.dk\/en\/wp-json\/wp\/v2\/pages"}],"about":[{"href":"https:\/\/shop.busysunday.dk\/en\/wp-json\/wp\/v2\/types\/page"}],"author":[{"embeddable":true,"href":"https:\/\/shop.busysunday.dk\/en\/wp-json\/wp\/v2\/users\/4"}],"replies":[{"embeddable":true,"href":"https:\/\/shop.busysunday.dk\/en\/wp-json\/wp\/v2\/comments?post=1683"}],"version-history":[{"count":0,"href":"https:\/\/shop.busysunday.dk\/en\/wp-json\/wp\/v2\/pages\/1683\/revisions"}],"wp:attachment":[{"href":"https:\/\/shop.busysunday.dk\/en\/wp-json\/wp\/v2\/media?parent=1683"}],"curies":[{"name":"wp","href":"https:\/\/api.w.org\/{rel}","templated":true}]}}