{"id":1681,"date":"2022-08-15T08:03:59","date_gmt":"2022-08-15T06:03:59","guid":{"rendered":"https:\/\/busysunday.dk\/?page_id=1681"},"modified":"2022-08-15T11:40:22","modified_gmt":"2022-08-15T09:40:22","slug":"big-data","status":"publish","type":"page","link":"https:\/\/shop.busysunday.dk\/en\/big-data\/","title":{"rendered":"Big data"},"content":{"rendered":"<p>Vi har samlet alt data om tidligere handler, til at hj\u00e6lpe dig med vurderinger og din markedsf\u00f8ringsindsats. Vi har data fra k\u00f8bernes \u00f8nsker, og derved ved vi hvordan befolkningens bolig\u00f8nsker ser ud i fremtiden.<br>Sammenholdt med alt t\u00e6nkelig data fra offentlige kilder, kan vi hj\u00e6lpe med at lave korrekte vurderinger, og hj\u00e6lpe dig med at vise en s\u00e6lger hvorfor en bolig skal koste som den skal.<\/p>\n\n\n\n<figure class=\"wp-block-image size-large\"><img decoding=\"async\" src=\"https:\/\/busysunday.dk\/wp-content\/uploads\/2022\/08\/BS-Data-1-e1660079662409-1024x819.jpg\" alt=\"\" class=\"wp-image-1576\"\/><\/figure>","protected":false},"excerpt":{"rendered":"<p>Vi har samlet alt data om tidligere handler, til at hj\u00e6lpe dig med vurderinger og din markedsf\u00f8ringsindsats. Vi har data fra k\u00f8bernes \u00f8nsker, og derved ved vi hvordan befolkningens bolig\u00f8nsker ser ud i fremtiden.Sammenholdt med<\/p>","protected":false},"author":4,"featured_media":0,"parent":0,"menu_order":0,"comment_status":"closed","ping_status":"closed","template":"","meta":{"_acf_changed":false,"footnotes":""},"class_list":["post-1681","page","type-page","status-publish"],"acf":[],"_links":{"self":[{"href":"https:\/\/shop.busysunday.dk\/en\/wp-json\/wp\/v2\/pages\/1681","targetHints":{"allow":["GET"]}}],"collection":[{"href":"https:\/\/shop.busysunday.dk\/en\/wp-json\/wp\/v2\/pages"}],"about":[{"href":"https:\/\/shop.busysunday.dk\/en\/wp-json\/wp\/v2\/types\/page"}],"author":[{"embeddable":true,"href":"https:\/\/shop.busysunday.dk\/en\/wp-json\/wp\/v2\/users\/4"}],"replies":[{"embeddable":true,"href":"https:\/\/shop.busysunday.dk\/en\/wp-json\/wp\/v2\/comments?post=1681"}],"version-history":[{"count":0,"href":"https:\/\/shop.busysunday.dk\/en\/wp-json\/wp\/v2\/pages\/1681\/revisions"}],"wp:attachment":[{"href":"https:\/\/shop.busysunday.dk\/en\/wp-json\/wp\/v2\/media?parent=1681"}],"curies":[{"name":"wp","href":"https:\/\/api.w.org\/{rel}","templated":true}]}}