{"id":1679,"date":"2022-08-15T08:03:35","date_gmt":"2022-08-15T06:03:35","guid":{"rendered":"https:\/\/busysunday.dk\/?page_id=1679"},"modified":"2022-08-15T11:39:58","modified_gmt":"2022-08-15T09:39:58","slug":"markedsfoering","status":"publish","type":"page","link":"https:\/\/shop.busysunday.dk\/en\/markedsfoering\/","title":{"rendered":"Marketing"},"content":{"rendered":"<p>Med \u00e9t tryk laves s\u00f8geflyers &amp; online annoncer. N\u00e5r vi har en k\u00f8ber, s\u00e5 kan du med \u00e9t tryk f\u00e5 lavet flyers, og online annoncer. Inden opdaterer du din konto med m\u00e6gler logo, de rigtige farvekoder, kontaktoplysninger og din standardtekst.<br>N\u00e5r du har m\u00f8de med en ny k\u00f8ber, s\u00e5 indtaster I k\u00f8ber\u00f8nsker med det samme, og s\u00e5 kan du straks vise hvordan Jeres flyers mv., vil se ud. Dette \u00f8ger chancen for at tage k\u00f8bers egen bolig til salg, <strong>markant<\/strong>!<\/p>\n\n\n\n<figure class=\"wp-block-image size-large\"><img decoding=\"async\" src=\"https:\/\/busysunday.dk\/wp-content\/uploads\/2022\/08\/BS-Ads-1-e1660079721881-1024x819.jpg\" alt=\"\" class=\"wp-image-1575\"\/><\/figure>","protected":false},"excerpt":{"rendered":"<p>Med \u00e9t tryk laves s\u00f8geflyers &amp; online annoncer. N\u00e5r vi har en k\u00f8ber, s\u00e5 kan du med \u00e9t tryk f\u00e5 lavet flyers, og online annoncer. Inden opdaterer du din konto med m\u00e6gler logo, de rigtige<\/p>","protected":false},"author":4,"featured_media":0,"parent":0,"menu_order":0,"comment_status":"closed","ping_status":"closed","template":"","meta":{"_acf_changed":false,"footnotes":""},"class_list":["post-1679","page","type-page","status-publish"],"acf":[],"_links":{"self":[{"href":"https:\/\/shop.busysunday.dk\/en\/wp-json\/wp\/v2\/pages\/1679","targetHints":{"allow":["GET"]}}],"collection":[{"href":"https:\/\/shop.busysunday.dk\/en\/wp-json\/wp\/v2\/pages"}],"about":[{"href":"https:\/\/shop.busysunday.dk\/en\/wp-json\/wp\/v2\/types\/page"}],"author":[{"embeddable":true,"href":"https:\/\/shop.busysunday.dk\/en\/wp-json\/wp\/v2\/users\/4"}],"replies":[{"embeddable":true,"href":"https:\/\/shop.busysunday.dk\/en\/wp-json\/wp\/v2\/comments?post=1679"}],"version-history":[{"count":0,"href":"https:\/\/shop.busysunday.dk\/en\/wp-json\/wp\/v2\/pages\/1679\/revisions"}],"wp:attachment":[{"href":"https:\/\/shop.busysunday.dk\/en\/wp-json\/wp\/v2\/media?parent=1679"}],"curies":[{"name":"wp","href":"https:\/\/api.w.org\/{rel}","templated":true}]}}