{"id":1677,"date":"2022-08-15T08:03:10","date_gmt":"2022-08-15T06:03:10","guid":{"rendered":"https:\/\/busysunday.dk\/?page_id=1677"},"modified":"2022-08-15T11:39:28","modified_gmt":"2022-08-15T09:39:28","slug":"koeberkartotek","status":"publish","type":"page","link":"https:\/\/shop.busysunday.dk\/en\/koeberkartotek\/","title":{"rendered":"Buyers"},"content":{"rendered":"<p>Det mest intelligente og visuelle k\u00f8berkartotek p\u00e5 markedet. Samler kun p\u00e5 de h\u00f8j aktuelle k\u00f8bere, alts\u00e5 de k\u00f8bere hvor vi reelt kan \u201clave en flyer for\u201d. Vi vil kun have de k\u00f8bere, som ved specifikt hvor de \u00f8nsker at bo, enten p\u00e5 adresseplan, eller i omr\u00e5der. Dem der s\u00f8ger \u201cNordsj\u00e6lland\u201d eller en hel specifik by, dem kan vi ikke bruge.<br>De k\u00f8bere vi har, det er dem vi kan tage med ud til vurderinger, og pr\u00e6sentere som mulige k\u00f8bere. De er tjekket og k\u00f8beklar<\/p>\n\n\n\n<figure class=\"wp-block-image size-large\"><img decoding=\"async\" src=\"https:\/\/busysunday.dk\/wp-content\/uploads\/2022\/08\/BS-Map-1-e1660079632648-1024x819.jpg\" alt=\"\" class=\"wp-image-1577\"\/><\/figure>","protected":false},"excerpt":{"rendered":"<p>Det mest intelligente og visuelle k\u00f8berkartotek p\u00e5 markedet. Samler kun p\u00e5 de h\u00f8j aktuelle k\u00f8bere, alts\u00e5 de k\u00f8bere hvor vi reelt kan \u201clave en flyer for\u201d. Vi vil kun have de k\u00f8bere, som ved specifikt<\/p>","protected":false},"author":4,"featured_media":0,"parent":0,"menu_order":0,"comment_status":"closed","ping_status":"closed","template":"","meta":{"_acf_changed":false,"footnotes":""},"class_list":["post-1677","page","type-page","status-publish"],"acf":[],"_links":{"self":[{"href":"https:\/\/shop.busysunday.dk\/en\/wp-json\/wp\/v2\/pages\/1677","targetHints":{"allow":["GET"]}}],"collection":[{"href":"https:\/\/shop.busysunday.dk\/en\/wp-json\/wp\/v2\/pages"}],"about":[{"href":"https:\/\/shop.busysunday.dk\/en\/wp-json\/wp\/v2\/types\/page"}],"author":[{"embeddable":true,"href":"https:\/\/shop.busysunday.dk\/en\/wp-json\/wp\/v2\/users\/4"}],"replies":[{"embeddable":true,"href":"https:\/\/shop.busysunday.dk\/en\/wp-json\/wp\/v2\/comments?post=1677"}],"version-history":[{"count":0,"href":"https:\/\/shop.busysunday.dk\/en\/wp-json\/wp\/v2\/pages\/1677\/revisions"}],"wp:attachment":[{"href":"https:\/\/shop.busysunday.dk\/en\/wp-json\/wp\/v2\/media?parent=1677"}],"curies":[{"name":"wp","href":"https:\/\/api.w.org\/{rel}","templated":true}]}}