{"id":1675,"date":"2022-08-15T08:02:16","date_gmt":"2022-08-15T06:02:16","guid":{"rendered":"https:\/\/busysunday.dk\/?page_id=1675"},"modified":"2022-08-15T11:46:33","modified_gmt":"2022-08-15T09:46:33","slug":"konto-administration","status":"publish","type":"page","link":"https:\/\/shop.busysunday.dk\/en\/konto-administration\/","title":{"rendered":"Konto administration"},"content":{"rendered":"<p>Du kan tilrette din konto som du vil. Det du p\u00e5virker er de s\u00f8geannoncer \/ flyers du laver via markedsf\u00f8ringssystemet.<br>Du kan uploade logo, tilpasse farver, inds\u00e6tte kontaktoplysninger og skrive ekstra tekst som du \u00f8nsker at f\u00e5 med.<\/p>\n\n\n\n<figure class=\"wp-block-image size-large\"><img decoding=\"async\" src=\"https:\/\/busysunday.dk\/wp-content\/uploads\/2022\/08\/BS-Account-e1660079796739-1024x819.jpg\" alt=\"\" class=\"wp-image-1572\"\/><\/figure>","protected":false},"excerpt":{"rendered":"<p>Du kan tilrette din konto som du vil. Det du p\u00e5virker er de s\u00f8geannoncer \/ flyers du laver via markedsf\u00f8ringssystemet.Du kan uploade logo, tilpasse farver, inds\u00e6tte kontaktoplysninger og skrive ekstra tekst som du \u00f8nsker at<\/p>","protected":false},"author":4,"featured_media":0,"parent":0,"menu_order":0,"comment_status":"closed","ping_status":"closed","template":"","meta":{"_acf_changed":false,"footnotes":""},"class_list":["post-1675","page","type-page","status-publish"],"acf":[],"_links":{"self":[{"href":"https:\/\/shop.busysunday.dk\/en\/wp-json\/wp\/v2\/pages\/1675","targetHints":{"allow":["GET"]}}],"collection":[{"href":"https:\/\/shop.busysunday.dk\/en\/wp-json\/wp\/v2\/pages"}],"about":[{"href":"https:\/\/shop.busysunday.dk\/en\/wp-json\/wp\/v2\/types\/page"}],"author":[{"embeddable":true,"href":"https:\/\/shop.busysunday.dk\/en\/wp-json\/wp\/v2\/users\/4"}],"replies":[{"embeddable":true,"href":"https:\/\/shop.busysunday.dk\/en\/wp-json\/wp\/v2\/comments?post=1675"}],"version-history":[{"count":0,"href":"https:\/\/shop.busysunday.dk\/en\/wp-json\/wp\/v2\/pages\/1675\/revisions"}],"wp:attachment":[{"href":"https:\/\/shop.busysunday.dk\/en\/wp-json\/wp\/v2\/media?parent=1675"}],"curies":[{"name":"wp","href":"https:\/\/api.w.org\/{rel}","templated":true}]}}