{"id":1673,"date":"2022-08-15T08:01:44","date_gmt":"2022-08-15T06:01:44","guid":{"rendered":"https:\/\/busysunday.dk\/?page_id=1673"},"modified":"2022-08-15T11:45:19","modified_gmt":"2022-08-15T09:45:19","slug":"udvidet-koeberinformation","status":"publish","type":"page","link":"https:\/\/shop.busysunday.dk\/en\/udvidet-koeberinformation\/","title":{"rendered":"Udvidet k\u00f8berinformation"},"content":{"rendered":"<p>Uddybende forklaring af hver k\u00f8ber, s\u00e5 du overfor s\u00e6lger kan vise at du kender dine k\u00f8berne. Du har info om<br><\/p>\n\n\n\n<ul class=\"wp-block-list\"><li>K\u00f8bernes bolig\u00f8nske, m2, v\u00e6relser, placering mv.<\/li><li>Er k\u00f8ber godkendt af bank, eller hvor langt er de i den proces<\/li><li>Hvor bor k\u00f8ber i dag, og skal de s\u00e6lge f\u00f8rst \/ opsige, og hvor langt er de<\/li><li>Har k\u00f8ber nogle specielle krav \/ \u00f8nsker, f.eks. altan, k\u00e6lder mv. \u2013 og er det evt. for\u00e6ldre k\u00f8b<\/li><li>Hvilken stand \u00f8nsker k\u00f8ber, at deres kommende bolig skal v\u00e6re<\/li><\/ul>\n\n\n\n<figure class=\"wp-block-image size-large\"><img decoding=\"async\" src=\"https:\/\/busysunday.dk\/wp-content\/uploads\/2022\/08\/BS-Public-Details-1-e1660079698935-1024x819.jpg\" alt=\"\" class=\"wp-image-1578\"\/><\/figure>","protected":false},"excerpt":{"rendered":"<p>Uddybende forklaring af hver k\u00f8ber, s\u00e5 du overfor s\u00e6lger kan vise at du kender dine k\u00f8berne. Du har info om K\u00f8bernes bolig\u00f8nske, m2, v\u00e6relser, placering mv. Er k\u00f8ber godkendt af bank, eller hvor langt er<\/p>","protected":false},"author":4,"featured_media":0,"parent":0,"menu_order":0,"comment_status":"closed","ping_status":"closed","template":"","meta":{"_acf_changed":false,"footnotes":""},"class_list":["post-1673","page","type-page","status-publish"],"acf":[],"_links":{"self":[{"href":"https:\/\/shop.busysunday.dk\/en\/wp-json\/wp\/v2\/pages\/1673","targetHints":{"allow":["GET"]}}],"collection":[{"href":"https:\/\/shop.busysunday.dk\/en\/wp-json\/wp\/v2\/pages"}],"about":[{"href":"https:\/\/shop.busysunday.dk\/en\/wp-json\/wp\/v2\/types\/page"}],"author":[{"embeddable":true,"href":"https:\/\/shop.busysunday.dk\/en\/wp-json\/wp\/v2\/users\/4"}],"replies":[{"embeddable":true,"href":"https:\/\/shop.busysunday.dk\/en\/wp-json\/wp\/v2\/comments?post=1673"}],"version-history":[{"count":0,"href":"https:\/\/shop.busysunday.dk\/en\/wp-json\/wp\/v2\/pages\/1673\/revisions"}],"wp:attachment":[{"href":"https:\/\/shop.busysunday.dk\/en\/wp-json\/wp\/v2\/media?parent=1673"}],"curies":[{"name":"wp","href":"https:\/\/api.w.org\/{rel}","templated":true}]}}