{"id":156124,"date":"2023-10-09T12:13:19","date_gmt":"2023-10-09T10:13:19","guid":{"rendered":"https:\/\/busysunday.dk\/?page_id=156124"},"modified":"2023-10-09T13:12:04","modified_gmt":"2023-10-09T11:12:04","slug":"busysundays-8-trin","status":"publish","type":"page","link":"https:\/\/shop.busysunday.dk\/en\/busysundays-8-trin\/","title":{"rendered":"8 trin\u00a0til success som m\u00e6gler"},"content":{"rendered":"<div class=\"gb-grid-wrapper gb-grid-wrapper-7344c9f3\">\n<div class=\"gb-grid-column gb-grid-column-fed16e07\"><div class=\"gb-container gb-container-fed16e07\">\n<div class=\"gb-container gb-container-ca90163d\">\n\n<h4 class=\"wp-block-heading\"><strong>1. F\u00e5 flere henvendelser<\/strong><\/h4>\n\n\n\n<p>Via vores ualmindeligt nemme og samtidig avancerede flyers system, der via \u201csniper rifle&#8221; metoden rammer de helt rigtige s\u00e6lgere til din butik<\/p>\n\n<\/div>\n<\/div><\/div>\n\n<div class=\"gb-grid-column gb-grid-column-6ae3bd63\"><div class=\"gb-container gb-container-6ae3bd63\">\n<div class=\"gb-container gb-container-cb8bcce0\">\n\n<h4 class=\"wp-block-heading\"><strong>2. Spar tid<\/strong><\/h4>\n\n\n\n<p><em>P\u00e5 kun 3 min.<\/em> har du forberedt din vurdering, via BusySunday. Salgsplan, tekster, vurdering, facebook opslag, laves hurtigere end andre systemer <\/p>\n\n<\/div>\n<\/div><\/div>\n\n<div class=\"gb-grid-column gb-grid-column-d10cbb39\"><div class=\"gb-container gb-container-d10cbb39\">\n<div class=\"gb-container gb-container-8faba166\">\n\n<h4 class=\"wp-block-heading\"><strong>3. S\u00e6t den rigtige pris<\/strong><\/h4>\n\n\n\n<p>Sl\u00e5 dine konkurrenter ude p\u00e5 en vurdering, selvom de s\u00e6tter en h\u00f8jere pris. Via vores Big data system, tager du s\u00e6lger med \u201cigennem\u201d vurderingen, og sammen s\u00e6tter I den helt rigtige pris.<\/p>\n\n<\/div>\n<\/div><\/div>\n\n<div class=\"gb-grid-column gb-grid-column-32ada590\"><div class=\"gb-container gb-container-32ada590\">\n<div class=\"gb-container gb-container-965861c7\">\n\n<h4 class=\"wp-block-heading\"><strong>4. Markedsf\u00f8r bedst muligt<\/strong><\/h4>\n\n\n\n<p>Vis s\u00e6lger hvor k\u00f8berne kommer fra, til lige pr\u00e6cis deres bolig. Via den viden, finder du den bedste k\u00f8ber, som giver den bedste pris.<\/p>\n\n<\/div>\n<\/div><\/div>\n\n<div class=\"gb-grid-column gb-grid-column-991411d2\"><div class=\"gb-container gb-container-991411d2\">\n<div class=\"gb-container gb-container-14eca717\">\n\n<h4 class=\"wp-block-heading\"><strong>5. Hvem er k\u00f8ber<\/strong><\/h4>\n\n\n\n<p>Via vores Big data og ai system, s\u00e5 viser vi pr\u00e6cis hvem k\u00f8ber er, og p\u00e5 den m\u00e5de kan du kommunikere bedre, og dermed f\u00e5 et bedre salg. &#8220;Hyl som de hunde du er blandt&#8221;<\/p>\n\n<\/div>\n<\/div><\/div>\n\n<div class=\"gb-grid-column gb-grid-column-a0dca72a\"><div class=\"gb-container gb-container-a0dca72a\">\n<div class=\"gb-container gb-container-6a5f2cb4\">\n\n<h4 class=\"wp-block-heading\"><strong>6. Kend k\u00f8bers indsigelser <\/strong><\/h4>\n\n\n\n<p><em>Hvilke indsigelser<\/em> vil du som m\u00e6gler modtage fra k\u00f8ber. Ved at have denne viden allerede inden fremvisning, s\u00e5 kan negative ting vendes til noget positivt. S\u00e5 er det sv\u00e6rt for k\u00f8ber at sige nej.&nbsp;<\/p>\n\n<\/div>\n<\/div><\/div>\n\n<div class=\"gb-grid-column gb-grid-column-d8d42030\"><div class=\"gb-container gb-container-d8d42030\">\n<div class=\"gb-container gb-container-45c9213b\">\n\n<h4 class=\"wp-block-heading\"><strong>7. Arbejd smart<\/strong><\/h4>\n\n\n\n<p>Via BusySunday Ai, s\u00e5 f\u00e5r du inspiration til salgstekster, facebook og Google kampagner, lister over fritids- og kulturelle aktiviteter i n\u00e6romr\u00e5det og meget mere.<\/p>\n\n<\/div>\n<\/div><\/div>\n\n<div class=\"gb-grid-column gb-grid-column-67ece683\"><div class=\"gb-container gb-container-67ece683\">\n<div class=\"gb-container gb-container-46462fa6\">\n\n<h4 class=\"wp-block-heading\"><strong>8. Luk flere handler hurtigere<\/strong><\/h4>\n\n\n\n<p>Du vil v\u00e6re mere forberedt via markeds- data-, og k\u00f8berindsigt end nogensinde f\u00f8r = <em>Du lukker flere handler hurtigere <\/em>!<\/p>\n\n<\/div>\n<\/div><\/div>\n<\/div>","protected":false},"excerpt":{"rendered":"","protected":false},"author":4,"featured_media":0,"parent":0,"menu_order":0,"comment_status":"closed","ping_status":"closed","template":"","meta":{"_acf_changed":false,"footnotes":""},"class_list":["post-156124","page","type-page","status-publish"],"acf":[],"_links":{"self":[{"href":"https:\/\/shop.busysunday.dk\/en\/wp-json\/wp\/v2\/pages\/156124","targetHints":{"allow":["GET"]}}],"collection":[{"href":"https:\/\/shop.busysunday.dk\/en\/wp-json\/wp\/v2\/pages"}],"about":[{"href":"https:\/\/shop.busysunday.dk\/en\/wp-json\/wp\/v2\/types\/page"}],"author":[{"embeddable":true,"href":"https:\/\/shop.busysunday.dk\/en\/wp-json\/wp\/v2\/users\/4"}],"replies":[{"embeddable":true,"href":"https:\/\/shop.busysunday.dk\/en\/wp-json\/wp\/v2\/comments?post=156124"}],"version-history":[{"count":0,"href":"https:\/\/shop.busysunday.dk\/en\/wp-json\/wp\/v2\/pages\/156124\/revisions"}],"wp:attachment":[{"href":"https:\/\/shop.busysunday.dk\/en\/wp-json\/wp\/v2\/media?parent=156124"}],"curies":[{"name":"wp","href":"https:\/\/api.w.org\/{rel}","templated":true}]}}