{"id":126769,"date":"2023-07-02T15:58:56","date_gmt":"2023-07-02T13:58:56","guid":{"rendered":"https:\/\/busysunday.dk\/?page_id=126769"},"modified":"2023-07-19T09:39:00","modified_gmt":"2023-07-19T07:39:00","slug":"bestil-din-vurdering","status":"publish","type":"page","link":"https:\/\/shop.busysunday.dk\/en\/bestil-din-vurdering\/","title":{"rendered":"Bestil op til 4 vurderinger p\u00e5 \u00e9n gang"},"content":{"rendered":"<p>\u00d8nsker du at finde ud af hvad din bolig er v\u00e6rd, men \u00f8nsker ikke at bruge tiden p\u00e5 at finde m\u00e6glerne og booke aftalen ?<\/p>\n\n\n\n<p>Udfyld nedenst\u00e5ende skema, og BusySunday s\u00f8rger for at <\/p>\n\n\n\n<ul class=\"wp-block-list\">\n<li>Kontakte op til 4 m\u00e6glere i din by<\/li>\n\n\n\n<li>Aftale m\u00f8de med dem hver, i 1 time &#8211; Du indtaster bare tid og dato, p\u00e5 f\u00f8rste vurdering, og s\u00e5 kommer der 4 i tr\u00e6k<\/li>\n\n\n\n<li>Sende m\u00e6gler n\u00f8dvendig info om din bolig<\/li>\n<\/ul>","protected":false},"excerpt":{"rendered":"<p>\u00d8nsker du at finde ud af hvad din bolig er v\u00e6rd, men \u00f8nsker ikke at bruge tiden p\u00e5 at finde m\u00e6glerne og booke aftalen ? Udfyld nedenst\u00e5ende skema, og BusySunday s\u00f8rger for at<\/p>","protected":false},"author":4,"featured_media":0,"parent":0,"menu_order":0,"comment_status":"closed","ping_status":"closed","template":"page_vurdering.php","meta":{"_acf_changed":false,"footnotes":""},"class_list":["post-126769","page","type-page","status-publish"],"acf":[],"_links":{"self":[{"href":"https:\/\/shop.busysunday.dk\/en\/wp-json\/wp\/v2\/pages\/126769","targetHints":{"allow":["GET"]}}],"collection":[{"href":"https:\/\/shop.busysunday.dk\/en\/wp-json\/wp\/v2\/pages"}],"about":[{"href":"https:\/\/shop.busysunday.dk\/en\/wp-json\/wp\/v2\/types\/page"}],"author":[{"embeddable":true,"href":"https:\/\/shop.busysunday.dk\/en\/wp-json\/wp\/v2\/users\/4"}],"replies":[{"embeddable":true,"href":"https:\/\/shop.busysunday.dk\/en\/wp-json\/wp\/v2\/comments?post=126769"}],"version-history":[{"count":0,"href":"https:\/\/shop.busysunday.dk\/en\/wp-json\/wp\/v2\/pages\/126769\/revisions"}],"wp:attachment":[{"href":"https:\/\/shop.busysunday.dk\/en\/wp-json\/wp\/v2\/media?parent=126769"}],"curies":[{"name":"wp","href":"https:\/\/api.w.org\/{rel}","templated":true}]}}