{"id":124041,"date":"2023-06-21T13:33:12","date_gmt":"2023-06-21T11:33:12","guid":{"rendered":"https:\/\/busysunday.dk\/?page_id=124041"},"modified":"2023-06-21T13:37:20","modified_gmt":"2023-06-21T11:37:20","slug":"book-en-busysunday-praesentation","status":"publish","type":"page","link":"https:\/\/shop.busysunday.dk\/en\/book-en-busysunday-praesentation\/","title":{"rendered":"Book en BusySunday pr\u00e6sentation"},"content":{"rendered":"<p>\u00d8nsker du at f\u00e5 en pr\u00e6sentation af BusySunday, s\u00e5 kan du booke den direkte her. Efterf\u00f8lgende vil du modtage en online m\u00f8deindkaldelse, med m\u00f8delink<\/p>\n\n\n<script>\nvar gform;gform||(document.addEventListener(\"gform_main_scripts_loaded\",function(){gform.scriptsLoaded=!0}),document.addEventListener(\"gform\/theme\/scripts_loaded\",function(){gform.themeScriptsLoaded=!0}),window.addEventListener(\"DOMContentLoaded\",function(){gform.domLoaded=!0}),gform={domLoaded:!1,scriptsLoaded:!1,themeScriptsLoaded:!1,isFormEditor:()=>\"function\"==typeof InitializeEditor,callIfLoaded:function(o){return!(!gform.domLoaded||!gform.scriptsLoaded||!gform.themeScriptsLoaded&&!gform.isFormEditor()||(gform.isFormEditor()&&console.warn(\"The use of gform.initializeOnLoaded() is deprecated in the form editor context and will be removed in Gravity Forms 3.1.\"),o(),0))},initializeOnLoaded:function(o){gform.callIfLoaded(o)||(document.addEventListener(\"gform_main_scripts_loaded\",()=>{gform.scriptsLoaded=!0,gform.callIfLoaded(o)}),document.addEventListener(\"gform\/theme\/scripts_loaded\",()=>{gform.themeScriptsLoaded=!0,gform.callIfLoaded(o)}),window.addEventListener(\"DOMContentLoaded\",()=>{gform.domLoaded=!0,gform.callIfLoaded(o)}))},hooks:{action:{},filter:{}},addAction:function(o,r,e,t){gform.addHook(\"action\",o,r,e,t)},addFilter:function(o,r,e,t){gform.addHook(\"filter\",o,r,e,t)},doAction:function(o){gform.doHook(\"action\",o,arguments)},applyFilters:function(o){return gform.doHook(\"filter\",o,arguments)},removeAction:function(o,r){gform.removeHook(\"action\",o,r)},removeFilter:function(o,r,e){gform.removeHook(\"filter\",o,r,e)},addHook:function(o,r,e,t,n){null==gform.hooks[o][r]&&(gform.hooks[o][r]=[]);var d=gform.hooks[o][r];null==n&&(n=r+\"_\"+d.length),gform.hooks[o][r].push({tag:n,callable:e,priority:t=null==t?10:t})},doHook:function(r,o,e){var t;if(e=Array.prototype.slice.call(e,1),null!=gform.hooks[r][o]&&((o=gform.hooks[r][o]).sort(function(o,r){return o.priority-r.priority}),o.forEach(function(o){\"function\"!=typeof(t=o.callable)&&(t=window[t]),\"action\"==r?t.apply(null,e):e[0]=t.apply(null,e)})),\"filter\"==r)return e[0]},removeHook:function(o,r,t,n){var e;null!=gform.hooks[o][r]&&(e=(e=gform.hooks[o][r]).filter(function(o,r,e){return!!(null!=n&&n!=o.tag||null!=t&&t!=o.priority)}),gform.hooks[o][r]=e)}});\n<\/script>\n\n                <div class='gf_browser_gecko gform_wrapper gravity-theme gform-theme--no-framework' data-form-theme='gravity-theme' data-form-index='0' id='gform_wrapper_11' >\n                        <div class='gform_heading'>\n                            <h2 class=\"gform_title\">BusySunday tour<\/h2>\n                            <p class='gform_description'><\/p>\n                        <\/div><form method='post' enctype='multipart\/form-data'  id='gform_11'  action='\/en\/wp-json\/wp\/v2\/pages\/124041' data-formid='11' novalidate data-trp-original-action=\"\/en\/wp-json\/wp\/v2\/pages\/124041\"><div class='gf_invisible ginput_recaptchav3' data-sitekey='6LeBenIlAAAAAB7Hz8H5TqT6h7aWyqQCBaWnuRs5' data-tabindex='0'><input id=\"input_fff23a27132e63513a0dc6fcf9b904a5\" class=\"gfield_recaptcha_response\" type=\"hidden\" name=\"input_fff23a27132e63513a0dc6fcf9b904a5\" value=\"\"\/><\/div>\n                        <div class='gform-body gform_body'><div id='gform_fields_11' class='gform_fields top_label form_sublabel_above description_below validation_below'><div id=\"field_11_12\" class=\"gfield gfield--type-section gsection field_sublabel_above gfield--no-description field_description_below field_validation_below gfield_visibility_visible\"  ><h3 class=\"gsection_title\">Kontaktdetaljer<\/h3><\/div><fieldset id=\"field_11_1\" class=\"gfield gfield--type-name gfield_contains_required field_sublabel_above gfield--no-description field_description_below field_validation_below gfield_visibility_visible\"  ><legend class='gfield_label gform-field-label gfield_label_before_complex' >Navn<span class=\"gfield_required\"><span class=\"gfield_required gfield_required_text\">(Required)<\/span><\/span><\/legend><div class='ginput_complex ginput_container ginput_container--name no_prefix has_first_name no_middle_name has_last_name no_suffix gf_name_has_2 ginput_container_name gform-grid-row' id='input_11_1'>\n                            \n                            <span id='input_11_1_3_container' class='name_first gform-grid-col gform-grid-col--size-auto' >\n                                                    <label for='input_11_1_3' class='gform-field-label gform-field-label--type-sub'>First<\/label>\n                                                    <input type='text' name='input_1.3' id='input_11_1_3' value=''   aria-required='true'    autocomplete=\"given-name\" \/>\n                                                <\/span>\n                            \n                            <span id='input_11_1_6_container' class='name_last gform-grid-col gform-grid-col--size-auto' >\n                                                            <label for='input_11_1_6' class='gform-field-label gform-field-label--type-sub'>Last<\/label>\n                                                            <input type='text' name='input_1.6' id='input_11_1_6' value=''   aria-required='true'    autocomplete=\"family-name\" \/>\n                                                        <\/span>\n                            \n                        <\/div><\/fieldset><div id=\"field_11_21\" class=\"gfield gfield--type-phone gfield--width-full field_sublabel_above gfield--no-description field_description_below field_validation_below gfield_visibility_visible\"  ><label class='gfield_label gform-field-label' for='input_11_21'>Phone<\/label><div class='ginput_container ginput_container_phone'><input name='input_21' id='input_11_21' type='tel' value='' class='large'    aria-invalid=\"false\"   \/><\/div><\/div><div id=\"field_11_20\" class=\"gfield gfield--type-email gfield--width-full gfield_contains_required field_sublabel_above gfield--no-description field_description_below field_validation_below gfield_visibility_visible\"  ><label class='gfield_label gform-field-label' for='input_11_20'>E-mail<span class=\"gfield_required\"><span class=\"gfield_required gfield_required_text\">(Required)<\/span><\/span><\/label><div class='ginput_container ginput_container_email'>\n                            <input name='input_20' id='input_11_20' type='email' value='' class='large'    aria-required=\"true\" aria-invalid=\"false\"  \/>\n                        <\/div><\/div><fieldset id=\"field_11_22\" class=\"gfield gfield--type-date gfield--input-type-datefield gfield--width-half field_sublabel_above gfield--has-description field_description_below field_validation_below gfield_visibility_visible\"  ><legend class='gfield_label gform-field-label gfield_label_before_complex' >Dato<\/legend><div id='input_11_22' class='ginput_container ginput_complex gform-grid-row'>\n                                        <div class='gfield_date_day ginput_container ginput_container_date gform-grid-col' id='input_11_22_2_container'>\n                                            <label for='input_11_22_2' class='gform-field-label gform-field-label--type-sub screen-reader-text'>Day<\/label>\n                                            <input type='number' maxlength='2' name='input_22[]' id='input_11_22_2' value=''   aria-required='false'   placeholder='DD' min='1' max='31' step='1'\/>\n                                        <\/div><div class='gfield_date_month ginput_container ginput_container_date gform-grid-col' id='input_11_22_1_container'>\n                                        <label for='input_11_22_1' class='gform-field-label gform-field-label--type-sub screen-reader-text'>Month<\/label>\n                                        <input type='number' maxlength='2' name='input_22[]' id='input_11_22_1' value=''   aria-required='false'   placeholder='MM' min='1' max='12' step='1'\/>\n                                   <\/div><div class='gfield_date_year ginput_container ginput_container_date gform-grid-col' id='input_11_22_3_container'>\n                                            <label for='input_11_22_3' class='gform-field-label gform-field-label--type-sub screen-reader-text'>Year<\/label>\n                                            <input type='number' maxlength='4' name='input_22[]' id='input_11_22_3' value=''   aria-required='false'   placeholder='YYYY' min='1920' max='2027' step='1'\/>\n                                       <\/div>\n                                    <\/div><div class='gfield_description' id='gfield_description_11_22'>V\u00e6lg hvilken dato der passer dig<\/div><\/fieldset><fieldset id=\"field_11_23\" class=\"gfield gfield--type-time gfield--width-half field_sublabel_above gfield--has-description field_description_below field_validation_below gfield_visibility_visible\"  ><legend class='gfield_label gform-field-label gfield_label_before_complex' >Tidspunkt<\/legend><div class=\"ginput_container ginput_complex gform-grid-row\">\n                        <div class='gfield_time_hour ginput_container ginput_container_time gform-grid-col' id='input_11_23'>\n                            <label class='gform-field-label gform-field-label--type-sub hour_label screen-reader-text' for='input_11_23_1'>Hours<\/label>\n                            <input type='number' maxlength='2' name='input_23[]' id='input_11_23_1' value=''  min='0' max='24' step='1'  placeholder='HH' aria-required='false'   aria-describedby=\"gfield_description_11_23\"\/> \n                        <\/div>\n                        <div class=\"below hour_minute_colon gform-grid-col\">:<\/div>\n                        <div class='gfield_time_minute ginput_container ginput_container_time gform-grid-col'>\n                            <label class='gform-field-label gform-field-label--type-sub minute_label screen-reader-text' for='input_11_23_2'>Minutes<\/label>\n                            <input type='number' maxlength='2' name='input_23[]' id='input_11_23_2' value=''  min='0' max='59' step='1'  placeholder='MM' aria-required='false'  \/>\n                        <\/div>\n                        \n                    <\/div><div class='gfield_description' id='gfield_description_11_23'>V\u00e6lg hvorn\u00e5r det passer dig p\u00e5 dagen<\/div><\/fieldset><fieldset id=\"field_11_4\" class=\"gfield gfield--type-address field_sublabel_above gfield--no-description field_description_below field_validation_below gfield_visibility_visible\"  ><legend class='gfield_label gform-field-label gfield_label_before_complex' >M\u00e6gler<\/legend>    \n                    <div class='ginput_complex ginput_container has_street has_city has_zip ginput_container_address gform-grid-row' id='input_11_4' >\n                         <span class='ginput_full address_line_1 ginput_address_line_1 gform-grid-col' id='input_11_4_1_container' >\n                                        <label for='input_11_4_1' id='input_11_4_1_label' class='gform-field-label gform-field-label--type-sub'>M\u00e6gler<\/label>\n                                        <input type='text' name='input_4.1' id='input_11_4_1' value=''    aria-required='false'   autocomplete=\"address-line1\" \/>\n                                   <\/span><span class='ginput_left address_city ginput_address_city gform-grid-col' id='input_11_4_3_container' >\n                                    <label for='input_11_4_3' id='input_11_4_3_label' class='gform-field-label gform-field-label--type-sub'>City<\/label>\n                                    <input type='text' name='input_4.3' id='input_11_4_3' value=''    aria-required='false'   autocomplete=\"address-level2\" \/>\n                                 <\/span><input type='hidden' class='gform_hidden' name='input_4.4' id='input_11_4_4' value=''\/><span class='ginput_right address_zip ginput_address_zip gform-grid-col' id='input_11_4_5_container' >\n                                    <label for='input_11_4_5' id='input_11_4_5_label' class='gform-field-label gform-field-label--type-sub'>ZIP \/ Postal Code<\/label>\n                                    <input type='text' name='input_4.5' id='input_11_4_5' value=''    aria-required='false'   autocomplete=\"postal-code\" \/>\n                                <\/span><input type='hidden' class='gform_hidden' name='input_4.6' id='input_11_4_6' value='' \/>\n                    <div class='gf_clear gf_clear_complex'><\/div>\n                <\/div><\/fieldset><\/div><\/div>\n        <div class='gform-footer gform_footer top_label'> <input type='submit' id='gform_submit_button_11' class='gform_button button' onclick='gform.submission.handleButtonClick(this);' data-submission-type='submit' value='Send'  \/> \n            <input type='hidden' class='gform_hidden' name='gform_submission_method' data-js='gform_submission_method_11' value='postback' \/>\n            <input type='hidden' class='gform_hidden' name='gform_theme' data-js='gform_theme_11' id='gform_theme_11' value='gravity-theme' \/>\n            <input type='hidden' class='gform_hidden' name='gform_style_settings' data-js='gform_style_settings_11' id='gform_style_settings_11' value='[]' \/>\n            <input type='hidden' class='gform_hidden' name='is_submit_11' value='1' \/>\n            <input type='hidden' class='gform_hidden' name='gform_submit' value='11' \/>\n            \n            <input type='hidden' class='gform_hidden' name='gform_unique_id' value='' \/>\n            <input type='hidden' class='gform_hidden' name='state_11' value='WyJbXSIsIjlkYjNiNDk4NWMxNGQxMDgxM2I3YWVlMjJmNjJhZGExIl0=' \/>\n            <input type='hidden' autocomplete='off' class='gform_hidden' name='gform_target_page_number_11' id='gform_target_page_number_11' value='0' \/>\n            <input type='hidden' autocomplete='off' class='gform_hidden' name='gform_source_page_number_11' id='gform_source_page_number_11' value='1' \/>\n            <input type='hidden' name='gform_field_values' value='' \/>\n            \n        <\/div>\n                        <input type=\"hidden\" name=\"trp-form-language\" value=\"en\"\/><\/form>\n                        <\/div><script>\ngform.initializeOnLoaded( function() {gformInitSpinner( 11, 'https:\/\/shop.busysunday.dk\/wp-content\/plugins\/gravityforms\/images\/spinner.svg', true );jQuery('#gform_ajax_frame_11').on('load',function(){var contents = jQuery(this).contents().find('*').html();var is_postback = contents.indexOf('GF_AJAX_POSTBACK') >= 0;if(!is_postback){return;}var form_content = jQuery(this).contents().find('#gform_wrapper_11');var is_confirmation = jQuery(this).contents().find('#gform_confirmation_wrapper_11').length > 0;var is_redirect = contents.indexOf('gformRedirect(){') >= 0;var is_form = form_content.length > 0 && ! is_redirect && ! is_confirmation;var mt = parseInt(jQuery('html').css('margin-top'), 10) + parseInt(jQuery('body').css('margin-top'), 10) + 100;if(is_form){jQuery('#gform_wrapper_11').html(form_content.html());if(form_content.hasClass('gform_validation_error')){jQuery('#gform_wrapper_11').addClass('gform_validation_error');} else {jQuery('#gform_wrapper_11').removeClass('gform_validation_error');}setTimeout( function() { \/* delay the scroll by 50 milliseconds to fix a bug in chrome *\/  }, 50 );if(window['gformInitDatepicker']) {gformInitDatepicker();}if(window['gformInitPriceFields']) {gformInitPriceFields();}var current_page = jQuery('#gform_source_page_number_11').val();gformInitSpinner( 11, 'https:\/\/shop.busysunday.dk\/wp-content\/plugins\/gravityforms\/images\/spinner.svg', true );jQuery(document).trigger('gform_page_loaded', [11, current_page]);window['gf_submitting_11'] = false;}else if(!is_redirect){var confirmation_content = jQuery(this).contents().find('.GF_AJAX_POSTBACK').html();if(!confirmation_content){confirmation_content = contents;}jQuery('#gform_wrapper_11').replaceWith(confirmation_content);jQuery(document).trigger('gform_confirmation_loaded', [11]);window['gf_submitting_11'] = false;wp.a11y.speak(jQuery('#gform_confirmation_message_11').text());}else{jQuery('#gform_11').append(contents);if(window['gformRedirect']) {gformRedirect();}}jQuery(document).trigger(\"gform_pre_post_render\", [{ formId: \"11\", currentPage: \"current_page\", abort: function() { this.preventDefault(); } }]);        if (event && event.defaultPrevented) {                return;        }        const gformWrapperDiv = document.getElementById( \"gform_wrapper_11\" );        if ( gformWrapperDiv ) {            const visibilitySpan = document.createElement( \"span\" );            visibilitySpan.id = \"gform_visibility_test_11\";            gformWrapperDiv.insertAdjacentElement( \"afterend\", visibilitySpan );        }        const visibilityTestDiv = document.getElementById( \"gform_visibility_test_11\" );        let postRenderFired = false;        function triggerPostRender() {            if ( postRenderFired ) {                return;            }            postRenderFired = true;            gform.core.triggerPostRenderEvents( 11, current_page );            if ( visibilityTestDiv ) {                visibilityTestDiv.parentNode.removeChild( visibilityTestDiv );            }        }        function debounce( func, wait, immediate ) {            var timeout;            return function() {                var context = this, args = arguments;                var later = function() {                    timeout = null;                    if ( !immediate ) func.apply( context, args );                };                var callNow = immediate && !timeout;                clearTimeout( timeout );                timeout = setTimeout( later, wait );                if ( callNow ) func.apply( context, args );            };        }        const debouncedTriggerPostRender = debounce( function() {            triggerPostRender();        }, 200 );        if ( visibilityTestDiv && visibilityTestDiv.offsetParent === null ) {            const observer = new MutationObserver( ( mutations ) => {                mutations.forEach( ( mutation ) => {                    if ( mutation.type === 'attributes' && visibilityTestDiv.offsetParent !== null ) {                        debouncedTriggerPostRender();                        observer.disconnect();                    }                });            });            observer.observe( document.body, {                attributes: true,                childList: false,                subtree: true,                attributeFilter: [ 'style', 'class' ],            });        } else {            triggerPostRender();        }    } );} );\n<\/script>","protected":false},"excerpt":{"rendered":"<p>\u00d8nsker du at f\u00e5 en pr\u00e6sentation af BusySunday, s\u00e5 kan du booke den direkte her. Efterf\u00f8lgende vil du modtage en online m\u00f8deindkaldelse, med m\u00f8delink<\/p>","protected":false},"author":4,"featured_media":0,"parent":0,"menu_order":0,"comment_status":"closed","ping_status":"closed","template":"","meta":{"_acf_changed":false,"footnotes":""},"class_list":["post-124041","page","type-page","status-publish"],"acf":[],"_links":{"self":[{"href":"https:\/\/shop.busysunday.dk\/en\/wp-json\/wp\/v2\/pages\/124041","targetHints":{"allow":["GET"]}}],"collection":[{"href":"https:\/\/shop.busysunday.dk\/en\/wp-json\/wp\/v2\/pages"}],"about":[{"href":"https:\/\/shop.busysunday.dk\/en\/wp-json\/wp\/v2\/types\/page"}],"author":[{"embeddable":true,"href":"https:\/\/shop.busysunday.dk\/en\/wp-json\/wp\/v2\/users\/4"}],"replies":[{"embeddable":true,"href":"https:\/\/shop.busysunday.dk\/en\/wp-json\/wp\/v2\/comments?post=124041"}],"version-history":[{"count":0,"href":"https:\/\/shop.busysunday.dk\/en\/wp-json\/wp\/v2\/pages\/124041\/revisions"}],"wp:attachment":[{"href":"https:\/\/shop.busysunday.dk\/en\/wp-json\/wp\/v2\/media?parent=124041"}],"curies":[{"name":"wp","href":"https:\/\/api.w.org\/{rel}","templated":true}]}}