{"id":123017,"date":"2023-06-15T11:43:25","date_gmt":"2023-06-15T09:43:25","guid":{"rendered":"https:\/\/busysunday.dk\/?page_id=123017"},"modified":"2023-06-22T12:41:03","modified_gmt":"2023-06-22T10:41:03","slug":"teamet-kopi-til-jalil","status":"publish","type":"page","link":"https:\/\/shop.busysunday.dk\/en\/teamet-kopi-til-jalil\/","title":{"rendered":"Teamet kopi til Jalil"},"content":{"rendered":"<h4 class=\"wp-block-heading has-text-align-center\">Who is BusySunday. Below you can read a little about who is on board Denmark's best sales platform for real estate agents<\/h4>\n\n\n<div class=\"gb-grid-wrapper gb-grid-wrapper-85f65f57\">\n<div class=\"gb-grid-column gb-grid-column-64259c17\"><div class=\"gb-container gb-container-64259c17\">\n<div class=\"wp-block-image\">\n<figure class=\"aligncenter size-large\"><img loading=\"lazy\" decoding=\"async\" width=\"758\" height=\"1024\" src=\"https:\/\/busysunday.dk\/wp-content\/uploads\/2023\/04\/L4A8619-758x1024.jpeg\" alt=\"\" class=\"wp-image-90612\" srcset=\"https:\/\/shop.busysunday.dk\/wp-content\/uploads\/2023\/04\/L4A8619-758x1024.jpeg 758w, https:\/\/shop.busysunday.dk\/wp-content\/uploads\/2023\/04\/L4A8619-355x480.jpeg 355w, https:\/\/shop.busysunday.dk\/wp-content\/uploads\/2023\/04\/L4A8619-768x1037.jpeg 768w, https:\/\/shop.busysunday.dk\/wp-content\/uploads\/2023\/04\/L4A8619-1137x1536.jpeg 1137w, https:\/\/shop.busysunday.dk\/wp-content\/uploads\/2023\/04\/L4A8619-1517x2048.jpeg 1517w, https:\/\/shop.busysunday.dk\/wp-content\/uploads\/2023\/04\/L4A8619-750x1013.jpeg 750w, https:\/\/shop.busysunday.dk\/wp-content\/uploads\/2023\/04\/L4A8619-scaled.jpeg 1896w\" sizes=\"auto, (max-width: 758px) 100vw, 758px\" \/><figcaption class=\"wp-element-caption\">Anders R\u00f8rb\u00e6k Founder, CEO &amp; Salg<br>Tlf. 26741448 Mail Anders@BusySunday.dk<\/figcaption><\/figure>\n<\/div>\n<\/div><\/div>\n\n<div class=\"gb-grid-column gb-grid-column-7003de69\"><div class=\"gb-container gb-container-7003de69\">\n<div class=\"wp-block-image\">\n<figure class=\"aligncenter size-full\"><img decoding=\"async\" src=\"https:\/\/busysunday.dk\/wp-content\/uploads\/2022\/06\/KimProfile2_640px.jpg\" alt=\"\" class=\"wp-image-1354\"\/><figcaption class=\"wp-element-caption\">Kim Frederiksen Chefudvikler, Mail \/ Tlf<\/figcaption><\/figure>\n<\/div>\n<\/div><\/div>\n\n<div class=\"gb-grid-column gb-grid-column-fac01419\"><div class=\"gb-container gb-container-fac01419\">\n<div class=\"wp-block-image\">\n<figure class=\"aligncenter size-large\"><img loading=\"lazy\" decoding=\"async\" width=\"1024\" height=\"1024\" src=\"https:\/\/busysunday.dk\/wp-content\/uploads\/2023\/04\/Busy_Sunday_1-1-1024x1024.png\" alt=\"\" class=\"wp-image-90368\" srcset=\"https:\/\/shop.busysunday.dk\/wp-content\/uploads\/2023\/04\/Busy_Sunday_1-1-1024x1024.png 1024w, https:\/\/shop.busysunday.dk\/wp-content\/uploads\/2023\/04\/Busy_Sunday_1-1-480x480.png 480w, https:\/\/shop.busysunday.dk\/wp-content\/uploads\/2023\/04\/Busy_Sunday_1-1-224x224.png 224w, https:\/\/shop.busysunday.dk\/wp-content\/uploads\/2023\/04\/Busy_Sunday_1-1-768x768.png 768w, https:\/\/shop.busysunday.dk\/wp-content\/uploads\/2023\/04\/Busy_Sunday_1-1-550x550.png 550w, https:\/\/shop.busysunday.dk\/wp-content\/uploads\/2023\/04\/Busy_Sunday_1-1-750x750.png 750w, https:\/\/shop.busysunday.dk\/wp-content\/uploads\/2023\/04\/Busy_Sunday_1-1-100x100.png 100w, https:\/\/shop.busysunday.dk\/wp-content\/uploads\/2023\/04\/Busy_Sunday_1-1.png 1200w\" sizes=\"auto, (max-width: 1024px) 100vw, 1024px\" \/><figcaption class=\"wp-element-caption\">Mikkel Jensen Udvikler<\/figcaption><\/figure>\n<\/div>\n<\/div><\/div>\n\n<div class=\"gb-grid-column gb-grid-column-5187ce50\"><div class=\"gb-container gb-container-5187ce50\">\n<div class=\"wp-block-image\">\n<figure class=\"aligncenter size-large\"><img loading=\"lazy\" decoding=\"async\" width=\"1024\" height=\"1024\" src=\"https:\/\/busysunday.dk\/wp-content\/uploads\/2023\/04\/Busy_Sunday_1-1-1024x1024.png\" alt=\"\" class=\"wp-image-90368\" srcset=\"https:\/\/shop.busysunday.dk\/wp-content\/uploads\/2023\/04\/Busy_Sunday_1-1-1024x1024.png 1024w, https:\/\/shop.busysunday.dk\/wp-content\/uploads\/2023\/04\/Busy_Sunday_1-1-480x480.png 480w, https:\/\/shop.busysunday.dk\/wp-content\/uploads\/2023\/04\/Busy_Sunday_1-1-224x224.png 224w, https:\/\/shop.busysunday.dk\/wp-content\/uploads\/2023\/04\/Busy_Sunday_1-1-768x768.png 768w, https:\/\/shop.busysunday.dk\/wp-content\/uploads\/2023\/04\/Busy_Sunday_1-1-550x550.png 550w, https:\/\/shop.busysunday.dk\/wp-content\/uploads\/2023\/04\/Busy_Sunday_1-1-750x750.png 750w, https:\/\/shop.busysunday.dk\/wp-content\/uploads\/2023\/04\/Busy_Sunday_1-1-100x100.png 100w, https:\/\/shop.busysunday.dk\/wp-content\/uploads\/2023\/04\/Busy_Sunday_1-1.png 1200w\" sizes=\"auto, (max-width: 1024px) 100vw, 1024px\" \/><figcaption class=\"wp-element-caption\">Olivia Frederiksen Foto \/ SoMe<\/figcaption><\/figure>\n<\/div>\n<\/div><\/div>\n<\/div>\n\n<div class=\"gb-grid-wrapper gb-grid-wrapper-20045c2e\">\n<div class=\"gb-grid-column gb-grid-column-aa9880a2\"><div class=\"gb-container gb-container-aa9880a2\">\n<div class=\"wp-block-image\">\n<figure class=\"aligncenter size-large is-resized\"><img loading=\"lazy\" decoding=\"async\" src=\"https:\/\/busysunday.dk\/wp-content\/uploads\/2023\/06\/MIC_PORTRAIT_SG-742x1024.jpg\" alt=\"\" class=\"wp-image-124449\" width=\"221\" height=\"305\"\/><figcaption class=\"wp-element-caption\">Michael Miltersen, UX Branding &amp; Frontend<\/figcaption><\/figure>\n<\/div>\n<\/div><\/div>\n\n<div class=\"gb-grid-column gb-grid-column-a8f3d96e\"><div class=\"gb-container gb-container-a8f3d96e\">\n<div class=\"wp-block-image\">\n<figure class=\"aligncenter size-large\"><img loading=\"lazy\" decoding=\"async\" width=\"1024\" height=\"1024\" src=\"https:\/\/busysunday.dk\/wp-content\/uploads\/2023\/04\/Busy_Sunday_1-1-1024x1024.png\" alt=\"\" class=\"wp-image-90368\" srcset=\"https:\/\/shop.busysunday.dk\/wp-content\/uploads\/2023\/04\/Busy_Sunday_1-1-1024x1024.png 1024w, https:\/\/shop.busysunday.dk\/wp-content\/uploads\/2023\/04\/Busy_Sunday_1-1-480x480.png 480w, https:\/\/shop.busysunday.dk\/wp-content\/uploads\/2023\/04\/Busy_Sunday_1-1-224x224.png 224w, https:\/\/shop.busysunday.dk\/wp-content\/uploads\/2023\/04\/Busy_Sunday_1-1-768x768.png 768w, https:\/\/shop.busysunday.dk\/wp-content\/uploads\/2023\/04\/Busy_Sunday_1-1-550x550.png 550w, https:\/\/shop.busysunday.dk\/wp-content\/uploads\/2023\/04\/Busy_Sunday_1-1-750x750.png 750w, https:\/\/shop.busysunday.dk\/wp-content\/uploads\/2023\/04\/Busy_Sunday_1-1-100x100.png 100w, https:\/\/shop.busysunday.dk\/wp-content\/uploads\/2023\/04\/Busy_Sunday_1-1.png 1200w\" sizes=\"auto, (max-width: 1024px) 100vw, 1024px\" \/><figcaption class=\"wp-element-caption\">Jacob Velin, Udvikling<\/figcaption><\/figure>\n<\/div>\n<\/div><\/div>\n\n<div class=\"gb-grid-column gb-grid-column-a0d261e1\"><div class=\"gb-container gb-container-a0d261e1\">\n<div class=\"wp-block-image\">\n<figure class=\"aligncenter size-large\"><img loading=\"lazy\" decoding=\"async\" width=\"1024\" height=\"1024\" src=\"https:\/\/busysunday.dk\/wp-content\/uploads\/2023\/04\/Busy_Sunday_1-1-1024x1024.png\" alt=\"\" class=\"wp-image-90368\" srcset=\"https:\/\/shop.busysunday.dk\/wp-content\/uploads\/2023\/04\/Busy_Sunday_1-1-1024x1024.png 1024w, https:\/\/shop.busysunday.dk\/wp-content\/uploads\/2023\/04\/Busy_Sunday_1-1-480x480.png 480w, https:\/\/shop.busysunday.dk\/wp-content\/uploads\/2023\/04\/Busy_Sunday_1-1-224x224.png 224w, https:\/\/shop.busysunday.dk\/wp-content\/uploads\/2023\/04\/Busy_Sunday_1-1-768x768.png 768w, https:\/\/shop.busysunday.dk\/wp-content\/uploads\/2023\/04\/Busy_Sunday_1-1-550x550.png 550w, https:\/\/shop.busysunday.dk\/wp-content\/uploads\/2023\/04\/Busy_Sunday_1-1-750x750.png 750w, https:\/\/shop.busysunday.dk\/wp-content\/uploads\/2023\/04\/Busy_Sunday_1-1-100x100.png 100w, https:\/\/shop.busysunday.dk\/wp-content\/uploads\/2023\/04\/Busy_Sunday_1-1.png 1200w\" sizes=\"auto, (max-width: 1024px) 100vw, 1024px\" \/><figcaption class=\"wp-element-caption\">Niels Lasson, Forretningsudvikling<\/figcaption><\/figure>\n<\/div>\n<\/div><\/div>\n\n<div class=\"gb-grid-column gb-grid-column-15019023\"><div class=\"gb-container gb-container-15019023\">\n<div class=\"wp-block-image is-style-default\">\n<figure class=\"aligncenter size-medium is-resized\"><img loading=\"lazy\" decoding=\"async\" src=\"https:\/\/busysunday.dk\/wp-content\/uploads\/2023\/04\/L4A8592-400x480.jpeg\" alt=\"\" class=\"wp-image-90613\" width=\"300\" height=\"360\" srcset=\"https:\/\/shop.busysunday.dk\/wp-content\/uploads\/2023\/04\/L4A8592-400x480.jpeg 400w, https:\/\/shop.busysunday.dk\/wp-content\/uploads\/2023\/04\/L4A8592-853x1024.jpeg 853w, https:\/\/shop.busysunday.dk\/wp-content\/uploads\/2023\/04\/L4A8592-768x922.jpeg 768w, https:\/\/shop.busysunday.dk\/wp-content\/uploads\/2023\/04\/L4A8592-1279x1536.jpeg 1279w, https:\/\/shop.busysunday.dk\/wp-content\/uploads\/2023\/04\/L4A8592-1706x2048.jpeg 1706w, https:\/\/shop.busysunday.dk\/wp-content\/uploads\/2023\/04\/L4A8592-750x901.jpeg 750w\" sizes=\"auto, (max-width: 300px) 100vw, 300px\" \/><figcaption class=\"wp-element-caption\"><a href=\"https:\/\/busysunday.dk\/mads\/\">Mads<\/a> Ledet Larsen Salgskonsulent, Mail &amp; Tlf<\/figcaption><\/figure>\n<\/div>\n<\/div><\/div>\n<\/div>\n\n<div class=\"gb-grid-wrapper gb-grid-wrapper-b7fa7e19\">\n<div class=\"gb-grid-column gb-grid-column-32d62131\"><div class=\"gb-container gb-container-32d62131\">\n<div class=\"wp-block-image\">\n<figure class=\"aligncenter size-large\"><img decoding=\"async\" src=\"https:\/\/busysunday.dk\/wp-content\/uploads\/2023\/06\/Jalil271-2-1024x683.jpg\" alt=\"\" class=\"wp-image-124447\"\/><figcaption class=\"wp-element-caption\">Jalil Rahimi, Salgssupport &amp; Salg, Mail tlf.<\/figcaption><\/figure>\n<\/div>\n<\/div><\/div>\n\n<div class=\"gb-grid-column gb-grid-column-e455e282\"><div class=\"gb-container gb-container-e455e282\">\n<div class=\"wp-block-image\">\n<figure class=\"aligncenter size-large\"><img loading=\"lazy\" decoding=\"async\" width=\"1024\" height=\"1024\" src=\"https:\/\/busysunday.dk\/wp-content\/uploads\/2023\/04\/Busy_Sunday_1-1-1024x1024.png\" alt=\"\" class=\"wp-image-90368\" srcset=\"https:\/\/shop.busysunday.dk\/wp-content\/uploads\/2023\/04\/Busy_Sunday_1-1-1024x1024.png 1024w, https:\/\/shop.busysunday.dk\/wp-content\/uploads\/2023\/04\/Busy_Sunday_1-1-480x480.png 480w, https:\/\/shop.busysunday.dk\/wp-content\/uploads\/2023\/04\/Busy_Sunday_1-1-224x224.png 224w, https:\/\/shop.busysunday.dk\/wp-content\/uploads\/2023\/04\/Busy_Sunday_1-1-768x768.png 768w, https:\/\/shop.busysunday.dk\/wp-content\/uploads\/2023\/04\/Busy_Sunday_1-1-550x550.png 550w, https:\/\/shop.busysunday.dk\/wp-content\/uploads\/2023\/04\/Busy_Sunday_1-1-750x750.png 750w, https:\/\/shop.busysunday.dk\/wp-content\/uploads\/2023\/04\/Busy_Sunday_1-1-100x100.png 100w, https:\/\/shop.busysunday.dk\/wp-content\/uploads\/2023\/04\/Busy_Sunday_1-1.png 1200w\" sizes=\"auto, (max-width: 1024px) 100vw, 1024px\" \/><figcaption class=\"wp-element-caption\">M\u00e5ske dig, Udvikling<\/figcaption><\/figure>\n<\/div>\n<\/div><\/div>\n\n<div class=\"gb-grid-column gb-grid-column-ba125b68\"><div class=\"gb-container gb-container-ba125b68\">\n<div class=\"wp-block-image\">\n<figure class=\"aligncenter size-large\"><img loading=\"lazy\" decoding=\"async\" width=\"1024\" height=\"1024\" src=\"https:\/\/busysunday.dk\/wp-content\/uploads\/2023\/04\/Busy_Sunday_1-1-1024x1024.png\" alt=\"\" class=\"wp-image-90368\" srcset=\"https:\/\/shop.busysunday.dk\/wp-content\/uploads\/2023\/04\/Busy_Sunday_1-1-1024x1024.png 1024w, https:\/\/shop.busysunday.dk\/wp-content\/uploads\/2023\/04\/Busy_Sunday_1-1-480x480.png 480w, https:\/\/shop.busysunday.dk\/wp-content\/uploads\/2023\/04\/Busy_Sunday_1-1-224x224.png 224w, https:\/\/shop.busysunday.dk\/wp-content\/uploads\/2023\/04\/Busy_Sunday_1-1-768x768.png 768w, https:\/\/shop.busysunday.dk\/wp-content\/uploads\/2023\/04\/Busy_Sunday_1-1-550x550.png 550w, https:\/\/shop.busysunday.dk\/wp-content\/uploads\/2023\/04\/Busy_Sunday_1-1-750x750.png 750w, https:\/\/shop.busysunday.dk\/wp-content\/uploads\/2023\/04\/Busy_Sunday_1-1-100x100.png 100w, https:\/\/shop.busysunday.dk\/wp-content\/uploads\/2023\/04\/Busy_Sunday_1-1.png 1200w\" sizes=\"auto, (max-width: 1024px) 100vw, 1024px\" \/><figcaption class=\"wp-element-caption\">M\u00e5ske dig, Salg<\/figcaption><\/figure>\n<\/div>\n<\/div><\/div>\n\n<div class=\"gb-grid-column gb-grid-column-0710deb8\"><div class=\"gb-container gb-container-0710deb8\">\n<div class=\"wp-block-image\">\n<figure class=\"aligncenter size-large\"><img loading=\"lazy\" decoding=\"async\" width=\"1024\" height=\"1024\" src=\"https:\/\/busysunday.dk\/wp-content\/uploads\/2023\/04\/Busy_Sunday_1-1-1024x1024.png\" alt=\"\" class=\"wp-image-90368\" srcset=\"https:\/\/shop.busysunday.dk\/wp-content\/uploads\/2023\/04\/Busy_Sunday_1-1-1024x1024.png 1024w, https:\/\/shop.busysunday.dk\/wp-content\/uploads\/2023\/04\/Busy_Sunday_1-1-480x480.png 480w, https:\/\/shop.busysunday.dk\/wp-content\/uploads\/2023\/04\/Busy_Sunday_1-1-224x224.png 224w, https:\/\/shop.busysunday.dk\/wp-content\/uploads\/2023\/04\/Busy_Sunday_1-1-768x768.png 768w, https:\/\/shop.busysunday.dk\/wp-content\/uploads\/2023\/04\/Busy_Sunday_1-1-550x550.png 550w, https:\/\/shop.busysunday.dk\/wp-content\/uploads\/2023\/04\/Busy_Sunday_1-1-750x750.png 750w, https:\/\/shop.busysunday.dk\/wp-content\/uploads\/2023\/04\/Busy_Sunday_1-1-100x100.png 100w, https:\/\/shop.busysunday.dk\/wp-content\/uploads\/2023\/04\/Busy_Sunday_1-1.png 1200w\" sizes=\"auto, (max-width: 1024px) 100vw, 1024px\" \/><figcaption class=\"wp-element-caption\">M\u00e5ske dig, Forretningsudvikling<\/figcaption><\/figure>\n<\/div>\n<\/div><\/div>\n<\/div>\n\n\n<div style=\"height:50px\" aria-hidden=\"true\" class=\"wp-block-spacer\"><\/div>\n\n\n\n<h4 class=\"wp-block-heading\">Advisoryboard &amp; owners<\/h4>\n\n\n<div class=\"gb-grid-wrapper gb-grid-wrapper-9f3c7994\">\n<div class=\"gb-grid-column gb-grid-column-b10a496f\"><div class=\"gb-container gb-container-b10a496f\">\n<div class=\"wp-block-image\">\n<figure class=\"aligncenter size-large is-resized\"><img loading=\"lazy\" decoding=\"async\" src=\"https:\/\/busysunday.dk\/wp-content\/uploads\/2023\/04\/Busy_Sunday_1-1-1024x1024.png\" alt=\"\" class=\"wp-image-90368\" width=\"305\" height=\"305\" srcset=\"https:\/\/shop.busysunday.dk\/wp-content\/uploads\/2023\/04\/Busy_Sunday_1-1-1024x1024.png 1024w, https:\/\/shop.busysunday.dk\/wp-content\/uploads\/2023\/04\/Busy_Sunday_1-1-480x480.png 480w, https:\/\/shop.busysunday.dk\/wp-content\/uploads\/2023\/04\/Busy_Sunday_1-1-224x224.png 224w, https:\/\/shop.busysunday.dk\/wp-content\/uploads\/2023\/04\/Busy_Sunday_1-1-768x768.png 768w, https:\/\/shop.busysunday.dk\/wp-content\/uploads\/2023\/04\/Busy_Sunday_1-1-550x550.png 550w, https:\/\/shop.busysunday.dk\/wp-content\/uploads\/2023\/04\/Busy_Sunday_1-1-750x750.png 750w, https:\/\/shop.busysunday.dk\/wp-content\/uploads\/2023\/04\/Busy_Sunday_1-1-100x100.png 100w, https:\/\/shop.busysunday.dk\/wp-content\/uploads\/2023\/04\/Busy_Sunday_1-1.png 1200w\" sizes=\"auto, (max-width: 305px) 100vw, 305px\" \/><figcaption class=\"wp-element-caption\">Anders R\u00f8rb\u00e6k, Founder<\/figcaption><\/figure>\n<\/div>\n<\/div><\/div>\n\n<div class=\"gb-grid-column gb-grid-column-0861cc64\"><div class=\"gb-container gb-container-0861cc64\">\n<div class=\"wp-block-image\">\n<figure class=\"aligncenter size-large\"><img loading=\"lazy\" decoding=\"async\" width=\"1024\" height=\"1024\" src=\"https:\/\/busysunday.dk\/wp-content\/uploads\/2023\/04\/Busy_Sunday_1-1-1024x1024.png\" alt=\"\" class=\"wp-image-90368\" srcset=\"https:\/\/shop.busysunday.dk\/wp-content\/uploads\/2023\/04\/Busy_Sunday_1-1-1024x1024.png 1024w, https:\/\/shop.busysunday.dk\/wp-content\/uploads\/2023\/04\/Busy_Sunday_1-1-480x480.png 480w, https:\/\/shop.busysunday.dk\/wp-content\/uploads\/2023\/04\/Busy_Sunday_1-1-224x224.png 224w, https:\/\/shop.busysunday.dk\/wp-content\/uploads\/2023\/04\/Busy_Sunday_1-1-768x768.png 768w, https:\/\/shop.busysunday.dk\/wp-content\/uploads\/2023\/04\/Busy_Sunday_1-1-550x550.png 550w, https:\/\/shop.busysunday.dk\/wp-content\/uploads\/2023\/04\/Busy_Sunday_1-1-750x750.png 750w, https:\/\/shop.busysunday.dk\/wp-content\/uploads\/2023\/04\/Busy_Sunday_1-1-100x100.png 100w, https:\/\/shop.busysunday.dk\/wp-content\/uploads\/2023\/04\/Busy_Sunday_1-1.png 1200w\" sizes=\"auto, (max-width: 1024px) 100vw, 1024px\" \/><figcaption class=\"wp-element-caption\">Kim Frederiksen<\/figcaption><\/figure>\n<\/div>\n<\/div><\/div>\n\n<div class=\"gb-grid-column gb-grid-column-69a1a879\"><div class=\"gb-container gb-container-69a1a879\">\n<div class=\"wp-block-image\">\n<figure class=\"aligncenter size-large\"><img loading=\"lazy\" decoding=\"async\" width=\"1024\" height=\"1024\" src=\"https:\/\/busysunday.dk\/wp-content\/uploads\/2023\/04\/Busy_Sunday_1-1-1024x1024.png\" alt=\"\" class=\"wp-image-90368\" srcset=\"https:\/\/shop.busysunday.dk\/wp-content\/uploads\/2023\/04\/Busy_Sunday_1-1-1024x1024.png 1024w, https:\/\/shop.busysunday.dk\/wp-content\/uploads\/2023\/04\/Busy_Sunday_1-1-480x480.png 480w, https:\/\/shop.busysunday.dk\/wp-content\/uploads\/2023\/04\/Busy_Sunday_1-1-224x224.png 224w, https:\/\/shop.busysunday.dk\/wp-content\/uploads\/2023\/04\/Busy_Sunday_1-1-768x768.png 768w, https:\/\/shop.busysunday.dk\/wp-content\/uploads\/2023\/04\/Busy_Sunday_1-1-550x550.png 550w, https:\/\/shop.busysunday.dk\/wp-content\/uploads\/2023\/04\/Busy_Sunday_1-1-750x750.png 750w, https:\/\/shop.busysunday.dk\/wp-content\/uploads\/2023\/04\/Busy_Sunday_1-1-100x100.png 100w, https:\/\/shop.busysunday.dk\/wp-content\/uploads\/2023\/04\/Busy_Sunday_1-1.png 1200w\" sizes=\"auto, (max-width: 1024px) 100vw, 1024px\" \/><figcaption class=\"wp-element-caption\">Peter Forchhammer<\/figcaption><\/figure>\n<\/div>\n<\/div><\/div>\n\n<div class=\"gb-grid-column gb-grid-column-4e7b0a73\"><div class=\"gb-container gb-container-4e7b0a73\">\n<div class=\"wp-block-image\">\n<figure class=\"aligncenter size-large\"><img loading=\"lazy\" decoding=\"async\" width=\"1024\" height=\"1024\" src=\"https:\/\/busysunday.dk\/wp-content\/uploads\/2023\/04\/Busy_Sunday_1-1-1024x1024.png\" alt=\"\" class=\"wp-image-90368\" srcset=\"https:\/\/shop.busysunday.dk\/wp-content\/uploads\/2023\/04\/Busy_Sunday_1-1-1024x1024.png 1024w, https:\/\/shop.busysunday.dk\/wp-content\/uploads\/2023\/04\/Busy_Sunday_1-1-480x480.png 480w, https:\/\/shop.busysunday.dk\/wp-content\/uploads\/2023\/04\/Busy_Sunday_1-1-224x224.png 224w, https:\/\/shop.busysunday.dk\/wp-content\/uploads\/2023\/04\/Busy_Sunday_1-1-768x768.png 768w, https:\/\/shop.busysunday.dk\/wp-content\/uploads\/2023\/04\/Busy_Sunday_1-1-550x550.png 550w, https:\/\/shop.busysunday.dk\/wp-content\/uploads\/2023\/04\/Busy_Sunday_1-1-750x750.png 750w, https:\/\/shop.busysunday.dk\/wp-content\/uploads\/2023\/04\/Busy_Sunday_1-1-100x100.png 100w, https:\/\/shop.busysunday.dk\/wp-content\/uploads\/2023\/04\/Busy_Sunday_1-1.png 1200w\" sizes=\"auto, (max-width: 1024px) 100vw, 1024px\" \/><figcaption class=\"wp-element-caption\">Peter Kornerup<\/figcaption><\/figure>\n<\/div>\n<\/div><\/div>\n<\/div>\n\n<div class=\"gb-grid-wrapper gb-grid-wrapper-3fc8666b\">\n<div class=\"gb-grid-column gb-grid-column-c376e6da\"><div class=\"gb-container gb-container-c376e6da\">\n<div class=\"wp-block-image\">\n<figure class=\"aligncenter size-large is-resized\"><img loading=\"lazy\" decoding=\"async\" src=\"https:\/\/busysunday.dk\/wp-content\/uploads\/2023\/04\/Busy_Sunday_1-1-1024x1024.png\" alt=\"\" class=\"wp-image-90368\" width=\"305\" height=\"305\" srcset=\"https:\/\/shop.busysunday.dk\/wp-content\/uploads\/2023\/04\/Busy_Sunday_1-1-1024x1024.png 1024w, https:\/\/shop.busysunday.dk\/wp-content\/uploads\/2023\/04\/Busy_Sunday_1-1-480x480.png 480w, https:\/\/shop.busysunday.dk\/wp-content\/uploads\/2023\/04\/Busy_Sunday_1-1-224x224.png 224w, https:\/\/shop.busysunday.dk\/wp-content\/uploads\/2023\/04\/Busy_Sunday_1-1-768x768.png 768w, https:\/\/shop.busysunday.dk\/wp-content\/uploads\/2023\/04\/Busy_Sunday_1-1-550x550.png 550w, https:\/\/shop.busysunday.dk\/wp-content\/uploads\/2023\/04\/Busy_Sunday_1-1-750x750.png 750w, https:\/\/shop.busysunday.dk\/wp-content\/uploads\/2023\/04\/Busy_Sunday_1-1-100x100.png 100w, https:\/\/shop.busysunday.dk\/wp-content\/uploads\/2023\/04\/Busy_Sunday_1-1.png 1200w\" sizes=\"auto, (max-width: 305px) 100vw, 305px\" \/><figcaption class=\"wp-element-caption\">Bruder ApS<\/figcaption><\/figure>\n<\/div>\n<\/div><\/div>\n\n<div class=\"gb-grid-column gb-grid-column-8a4e6701\"><div class=\"gb-container gb-container-8a4e6701\">\n<div class=\"wp-block-image\">\n<figure class=\"aligncenter size-large\"><img loading=\"lazy\" decoding=\"async\" width=\"1024\" height=\"1024\" src=\"https:\/\/busysunday.dk\/wp-content\/uploads\/2023\/04\/Busy_Sunday_1-1-1024x1024.png\" alt=\"\" class=\"wp-image-90368\" srcset=\"https:\/\/shop.busysunday.dk\/wp-content\/uploads\/2023\/04\/Busy_Sunday_1-1-1024x1024.png 1024w, https:\/\/shop.busysunday.dk\/wp-content\/uploads\/2023\/04\/Busy_Sunday_1-1-480x480.png 480w, https:\/\/shop.busysunday.dk\/wp-content\/uploads\/2023\/04\/Busy_Sunday_1-1-224x224.png 224w, https:\/\/shop.busysunday.dk\/wp-content\/uploads\/2023\/04\/Busy_Sunday_1-1-768x768.png 768w, https:\/\/shop.busysunday.dk\/wp-content\/uploads\/2023\/04\/Busy_Sunday_1-1-550x550.png 550w, https:\/\/shop.busysunday.dk\/wp-content\/uploads\/2023\/04\/Busy_Sunday_1-1-750x750.png 750w, https:\/\/shop.busysunday.dk\/wp-content\/uploads\/2023\/04\/Busy_Sunday_1-1-100x100.png 100w, https:\/\/shop.busysunday.dk\/wp-content\/uploads\/2023\/04\/Busy_Sunday_1-1.png 1200w\" sizes=\"auto, (max-width: 1024px) 100vw, 1024px\" \/><figcaption class=\"wp-element-caption\">Thomas Sandbjerg<\/figcaption><\/figure>\n<\/div>\n<\/div><\/div>\n\n<div class=\"gb-grid-column gb-grid-column-375d61f6\"><div class=\"gb-container gb-container-375d61f6\">\n<div class=\"wp-block-image\">\n<figure class=\"aligncenter size-large\"><img loading=\"lazy\" decoding=\"async\" width=\"1024\" height=\"1024\" src=\"https:\/\/busysunday.dk\/wp-content\/uploads\/2023\/04\/Busy_Sunday_1-1-1024x1024.png\" alt=\"\" class=\"wp-image-90368\" srcset=\"https:\/\/shop.busysunday.dk\/wp-content\/uploads\/2023\/04\/Busy_Sunday_1-1-1024x1024.png 1024w, https:\/\/shop.busysunday.dk\/wp-content\/uploads\/2023\/04\/Busy_Sunday_1-1-480x480.png 480w, https:\/\/shop.busysunday.dk\/wp-content\/uploads\/2023\/04\/Busy_Sunday_1-1-224x224.png 224w, https:\/\/shop.busysunday.dk\/wp-content\/uploads\/2023\/04\/Busy_Sunday_1-1-768x768.png 768w, https:\/\/shop.busysunday.dk\/wp-content\/uploads\/2023\/04\/Busy_Sunday_1-1-550x550.png 550w, https:\/\/shop.busysunday.dk\/wp-content\/uploads\/2023\/04\/Busy_Sunday_1-1-750x750.png 750w, https:\/\/shop.busysunday.dk\/wp-content\/uploads\/2023\/04\/Busy_Sunday_1-1-100x100.png 100w, https:\/\/shop.busysunday.dk\/wp-content\/uploads\/2023\/04\/Busy_Sunday_1-1.png 1200w\" sizes=\"auto, (max-width: 1024px) 100vw, 1024px\" \/><figcaption class=\"wp-element-caption\">Christian Peitersen<\/figcaption><\/figure>\n<\/div>\n<\/div><\/div>\n\n<div class=\"gb-grid-column gb-grid-column-f45ba421\"><div class=\"gb-container gb-container-f45ba421\">\n<div class=\"wp-block-image\">\n<figure class=\"aligncenter size-large\"><img loading=\"lazy\" decoding=\"async\" width=\"1024\" height=\"1024\" src=\"https:\/\/busysunday.dk\/wp-content\/uploads\/2023\/04\/Busy_Sunday_1-1-1024x1024.png\" alt=\"\" class=\"wp-image-90368\" srcset=\"https:\/\/shop.busysunday.dk\/wp-content\/uploads\/2023\/04\/Busy_Sunday_1-1-1024x1024.png 1024w, https:\/\/shop.busysunday.dk\/wp-content\/uploads\/2023\/04\/Busy_Sunday_1-1-480x480.png 480w, https:\/\/shop.busysunday.dk\/wp-content\/uploads\/2023\/04\/Busy_Sunday_1-1-224x224.png 224w, https:\/\/shop.busysunday.dk\/wp-content\/uploads\/2023\/04\/Busy_Sunday_1-1-768x768.png 768w, https:\/\/shop.busysunday.dk\/wp-content\/uploads\/2023\/04\/Busy_Sunday_1-1-550x550.png 550w, https:\/\/shop.busysunday.dk\/wp-content\/uploads\/2023\/04\/Busy_Sunday_1-1-750x750.png 750w, https:\/\/shop.busysunday.dk\/wp-content\/uploads\/2023\/04\/Busy_Sunday_1-1-100x100.png 100w, https:\/\/shop.busysunday.dk\/wp-content\/uploads\/2023\/04\/Busy_Sunday_1-1.png 1200w\" sizes=\"auto, (max-width: 1024px) 100vw, 1024px\" \/><figcaption class=\"wp-element-caption\">Anders &amp; Charlotte Scheel<\/figcaption><\/figure>\n<\/div>\n<\/div><\/div>\n<\/div>\n\n\n<div style=\"height:50px\" aria-hidden=\"true\" class=\"wp-block-spacer\"><\/div>\n\n\n\n<h4 class=\"wp-block-heading has-text-align-center\"><strong>Are you interested in BusySunday?<\/strong><\/h4>\n\n\n\n<p class=\"has-text-align-center\">We can always use geniuses and talents. <a href=\"https:\/\/busysunday.dk\/kontakt-os\/\">Contact us<\/a>, if you know something cool<\/p>","protected":false},"excerpt":{"rendered":"<p>Hvem er BusySunday. Herunder kan du l\u00e6se lidt om hvem der er med ombord p\u00e5 Danmarks bedste salgsplatform for ejendomsm\u00e6glere Advisoryboard &amp; ejerkreds Har du interesse i BusySunday? Vi kan altid bruge genier og talenter.<\/p>","protected":false},"author":4,"featured_media":0,"parent":0,"menu_order":0,"comment_status":"closed","ping_status":"closed","template":"","meta":{"_acf_changed":false,"footnotes":""},"class_list":["post-123017","page","type-page","status-publish"],"acf":[],"_links":{"self":[{"href":"https:\/\/shop.busysunday.dk\/en\/wp-json\/wp\/v2\/pages\/123017","targetHints":{"allow":["GET"]}}],"collection":[{"href":"https:\/\/shop.busysunday.dk\/en\/wp-json\/wp\/v2\/pages"}],"about":[{"href":"https:\/\/shop.busysunday.dk\/en\/wp-json\/wp\/v2\/types\/page"}],"author":[{"embeddable":true,"href":"https:\/\/shop.busysunday.dk\/en\/wp-json\/wp\/v2\/users\/4"}],"replies":[{"embeddable":true,"href":"https:\/\/shop.busysunday.dk\/en\/wp-json\/wp\/v2\/comments?post=123017"}],"version-history":[{"count":0,"href":"https:\/\/shop.busysunday.dk\/en\/wp-json\/wp\/v2\/pages\/123017\/revisions"}],"wp:attachment":[{"href":"https:\/\/shop.busysunday.dk\/en\/wp-json\/wp\/v2\/media?parent=123017"}],"curies":[{"name":"wp","href":"https:\/\/api.w.org\/{rel}","templated":true}]}}